{"id":38499,"date":"2024-04-19T07:52:28","date_gmt":"2024-04-19T07:52:28","guid":{"rendered":"https:\/\/cultivers.es\/abonos\/green-in-snow-graines-de-moutarde-biologique\/"},"modified":"2025-09-22T04:47:57","modified_gmt":"2025-09-22T04:47:57","slug":"green-in-snow-graines-de-moutarde-biologique","status":"publish","type":"product","link":"https:\/\/cultivers.es\/fr\/abonnements\/green-in-snow-graines-de-moutarde-biologique\/","title":{"rendered":"Graines de moutarde Green In Snow"},"content":{"rendered":"","protected":false},"excerpt":{"rendered":"<p>Nos graines de moutarde biologique Green In Snow sont le choix id\u00e9al pour cultiver une moutarde fra\u00eeche et savoureuse dans votre jardin. Issues d&rsquo;une vari\u00e9t\u00e9 sp\u00e9cialement s\u00e9lectionn\u00e9e pour sa saveur d\u00e9licate et ses feuilles tendres, ces graines garantissent une r\u00e9colte abondante de moutarde de haute qualit\u00e9, id\u00e9ale pour les salades fra\u00eeches, les vinaigrettes maison et de nombreux plats culinaires. <\/p>\n<ul>\n<li><strong><span>Vari\u00e9t\u00e9 s\u00e9lectionn\u00e9e.<\/span><\/strong><\/li>\n<li><strong><span>L&rsquo;agriculture biologique.<\/span><\/strong><\/li>\n<li><strong><span>Culture facile.<\/span><\/strong><\/li>\n<li><strong><span><span>Polyvalence culinaire.<\/span><\/span><\/strong><\/li>\n<li><strong><span><span>Haute valeur nutritionnelle.<\/span><\/span><\/strong><\/li>\n<\/ul>\n<p>Appr\u00e9ciez le go\u00fbt frais et la polyvalence culinaire de nos graines de moutarde biologique Green In Snow. Cultivez vos propres feuilles de moutarde d\u00e9licieuses et saines \u00e0 la maison et appr\u00e9ciez la satisfaction de r\u00e9colter vos propres ingr\u00e9dients frais. <\/p>\n","protected":false},"featured_media":24769,"comment_status":"open","ping_status":"closed","template":"","meta":{"_acf_changed":false},"product_brand":[],"product_cat":[424,459],"product_tag":[1579],"class_list":{"0":"post-38499","1":"product","2":"type-product","3":"status-publish","4":"has-post-thumbnail","6":"product_cat-semences-biologiques","7":"product_cat-semences-de-legumes-feuilles-biologiques","8":"product_tag-eco","10":"first","11":"instock","12":"sale","13":"taxable","14":"shipping-taxable","15":"purchasable","16":"product-type-simple"},"acf":[],"_links":{"self":[{"href":"https:\/\/cultivers.es\/fr\/wp-json\/wp\/v2\/product\/38499","targetHints":{"allow":["GET"]}}],"collection":[{"href":"https:\/\/cultivers.es\/fr\/wp-json\/wp\/v2\/product"}],"about":[{"href":"https:\/\/cultivers.es\/fr\/wp-json\/wp\/v2\/types\/product"}],"replies":[{"embeddable":true,"href":"https:\/\/cultivers.es\/fr\/wp-json\/wp\/v2\/comments?post=38499"}],"wp:featuredmedia":[{"embeddable":true,"href":"https:\/\/cultivers.es\/fr\/wp-json\/wp\/v2\/media\/24769"}],"wp:attachment":[{"href":"https:\/\/cultivers.es\/fr\/wp-json\/wp\/v2\/media?parent=38499"}],"wp:term":[{"taxonomy":"product_brand","embeddable":true,"href":"https:\/\/cultivers.es\/fr\/wp-json\/wp\/v2\/product_brand?post=38499"},{"taxonomy":"product_cat","embeddable":true,"href":"https:\/\/cultivers.es\/fr\/wp-json\/wp\/v2\/product_cat?post=38499"},{"taxonomy":"product_tag","embeddable":true,"href":"https:\/\/cultivers.es\/fr\/wp-json\/wp\/v2\/product_tag?post=38499"}],"curies":[{"name":"wp","href":"https:\/\/api.w.org\/{rel}","templated":true}]}}