{"id":38500,"date":"2024-04-19T08:10:51","date_gmt":"2024-04-19T08:10:51","guid":{"rendered":"https:\/\/cultivers.es\/abonos\/carentan-poireaux-graines-2-bio\/"},"modified":"2025-11-10T14:59:40","modified_gmt":"2025-11-10T14:59:40","slug":"carentan-poireaux-graines-2-bio","status":"publish","type":"product","link":"https:\/\/cultivers.es\/fr\/abonnements\/carentan-poireaux-graines-2-bio\/","title":{"rendered":"Carentan Semences de Poireaux 2"},"content":{"rendered":"","protected":false},"excerpt":{"rendered":"<p>Nos graines de poireau de Carentan biologiques 2 sont le choix parfait pour cultiver des poireaux aromatiques de haute qualit\u00e9 dans votre jardin. Issues d&rsquo;une vari\u00e9t\u00e9 sp\u00e9cialement s\u00e9lectionn\u00e9e pour leur saveur douce et leur texture tendre, ces graines vous garantissent une r\u00e9colte abondante de poireaux, id\u00e9ale pour une vari\u00e9t\u00e9 de plats culinaires, de soupes, de rago\u00fbts et plus encore. <\/p>\n<ul>\n<li><strong>Vari\u00e9t\u00e9 s\u00e9lectionn\u00e9e.<\/strong><\/li>\n<li><strong>L&rsquo;agriculture biologique.<\/strong><\/li>\n<li><strong>Culture facile<\/strong>.<\/li>\n<li><strong>Polyvalence culinaire.<\/strong><\/li>\n<li><strong>Haute valeur nutritionnelle.<\/strong><\/li>\n<\/ul>\n<p>Profitez d&rsquo;une saveur d\u00e9licate et d&rsquo;une polyvalence culinaire avec nos graines de poireau Carentan 2 biologiques. Cultivez vos propres poireaux frais et savoureux \u00e0 la maison et appr\u00e9ciez la satisfaction de r\u00e9colter vos propres ingr\u00e9dients. <\/p>\n","protected":false},"featured_media":24781,"comment_status":"open","ping_status":"closed","template":"","meta":{"_acf_changed":false},"product_brand":[],"product_cat":[426,424],"product_tag":[1579],"woo-feed-brand":[],"class_list":{"0":"post-38500","1":"product","2":"type-product","3":"status-publish","4":"has-post-thumbnail","6":"product_cat-graines-de-racines-biologiques","7":"product_cat-semences-biologiques","8":"product_tag-eco","10":"first","11":"instock","12":"taxable","13":"shipping-taxable","14":"purchasable","15":"product-type-simple"},"acf":[],"_links":{"self":[{"href":"https:\/\/cultivers.es\/fr\/wp-json\/wp\/v2\/product\/38500","targetHints":{"allow":["GET"]}}],"collection":[{"href":"https:\/\/cultivers.es\/fr\/wp-json\/wp\/v2\/product"}],"about":[{"href":"https:\/\/cultivers.es\/fr\/wp-json\/wp\/v2\/types\/product"}],"replies":[{"embeddable":true,"href":"https:\/\/cultivers.es\/fr\/wp-json\/wp\/v2\/comments?post=38500"}],"wp:featuredmedia":[{"embeddable":true,"href":"https:\/\/cultivers.es\/fr\/wp-json\/wp\/v2\/media\/24781"}],"wp:attachment":[{"href":"https:\/\/cultivers.es\/fr\/wp-json\/wp\/v2\/media?parent=38500"}],"wp:term":[{"taxonomy":"product_brand","embeddable":true,"href":"https:\/\/cultivers.es\/fr\/wp-json\/wp\/v2\/product_brand?post=38500"},{"taxonomy":"product_cat","embeddable":true,"href":"https:\/\/cultivers.es\/fr\/wp-json\/wp\/v2\/product_cat?post=38500"},{"taxonomy":"product_tag","embeddable":true,"href":"https:\/\/cultivers.es\/fr\/wp-json\/wp\/v2\/product_tag?post=38500"},{"taxonomy":"woo-feed-brand","embeddable":true,"href":"https:\/\/cultivers.es\/fr\/wp-json\/wp\/v2\/woo-feed-brand?post=38500"}],"curies":[{"name":"wp","href":"https:\/\/api.w.org\/{rel}","templated":true}]}}