{"id":38509,"date":"2024-04-19T08:26:17","date_gmt":"2024-04-19T08:26:17","guid":{"rendered":"https:\/\/cultivers.es\/abonos\/semences-de-chou-san-martino-bio\/"},"modified":"2025-11-10T14:59:41","modified_gmt":"2025-11-10T14:59:41","slug":"semences-de-chou-san-martino-bio","status":"publish","type":"product","link":"https:\/\/cultivers.es\/fr\/abonnements\/semences-de-chou-san-martino-bio\/","title":{"rendered":"Semences de chou San Martino"},"content":{"rendered":"","protected":false},"excerpt":{"rendered":"<p>Nos graines de chou San Martino biologique sont le choix id\u00e9al pour cultiver des choux frais et nutritifs dans votre jardin. Issues d&rsquo;une vari\u00e9t\u00e9 sp\u00e9cialement s\u00e9lectionn\u00e9e pour sa saveur douce et sucr\u00e9e et sa capacit\u00e9 \u00e0 conserver sa fra\u00eecheur plus longtemps, ces graines garantissent une r\u00e9colte abondante de chou de haute qualit\u00e9, id\u00e9al pour les salades, les rago\u00fbts, les saut\u00e9s et bien plus encore. <\/p>\n<ul>\n<li><strong>Vari\u00e9t\u00e9 s\u00e9lectionn\u00e9e.<\/strong><\/li>\n<li><strong>L&rsquo;agriculture biologique.<\/strong><\/li>\n<li><strong>Culture facile.<\/strong><\/li>\n<li><strong>Polyvalence culinaire.<\/strong><\/li>\n<li><strong>Haute valeur nutritionnelle.<\/strong><\/li>\n<\/ul>\n<p>Profitez de la fra\u00eecheur et de la nutrition dans votre cuisine gr\u00e2ce \u00e0 nos graines de chou San Martino biologique. Cultivez vos propres choux frais et savoureux \u00e0 la maison et appr\u00e9ciez la satisfaction de r\u00e9colter vos propres ingr\u00e9dients pleins de vitalit\u00e9. <\/p>\n","protected":false},"featured_media":50115,"comment_status":"open","ping_status":"closed","template":"","meta":{"_acf_changed":false},"product_brand":[],"product_cat":[424,431],"product_tag":[1579],"class_list":{"0":"post-38509","1":"product","2":"type-product","3":"status-publish","4":"has-post-thumbnail","6":"product_cat-semences-biologiques","7":"product_cat-semences-de-brassica-biologiques","8":"product_tag-eco","10":"first","11":"instock","12":"sale","13":"taxable","14":"shipping-taxable","15":"purchasable","16":"product-type-simple"},"acf":[],"_links":{"self":[{"href":"https:\/\/cultivers.es\/fr\/wp-json\/wp\/v2\/product\/38509","targetHints":{"allow":["GET"]}}],"collection":[{"href":"https:\/\/cultivers.es\/fr\/wp-json\/wp\/v2\/product"}],"about":[{"href":"https:\/\/cultivers.es\/fr\/wp-json\/wp\/v2\/types\/product"}],"replies":[{"embeddable":true,"href":"https:\/\/cultivers.es\/fr\/wp-json\/wp\/v2\/comments?post=38509"}],"wp:featuredmedia":[{"embeddable":true,"href":"https:\/\/cultivers.es\/fr\/wp-json\/wp\/v2\/media\/50115"}],"wp:attachment":[{"href":"https:\/\/cultivers.es\/fr\/wp-json\/wp\/v2\/media?parent=38509"}],"wp:term":[{"taxonomy":"product_brand","embeddable":true,"href":"https:\/\/cultivers.es\/fr\/wp-json\/wp\/v2\/product_brand?post=38509"},{"taxonomy":"product_cat","embeddable":true,"href":"https:\/\/cultivers.es\/fr\/wp-json\/wp\/v2\/product_cat?post=38509"},{"taxonomy":"product_tag","embeddable":true,"href":"https:\/\/cultivers.es\/fr\/wp-json\/wp\/v2\/product_tag?post=38509"}],"curies":[{"name":"wp","href":"https:\/\/api.w.org\/{rel}","templated":true}]}}