{"id":38510,"date":"2024-04-19T08:41:36","date_gmt":"2024-04-19T08:41:36","guid":{"rendered":"https:\/\/cultivers.es\/abonos\/graines-de-moutarde-geante-rouge-biologique\/"},"modified":"2025-10-31T09:58:40","modified_gmt":"2025-10-31T09:58:40","slug":"graines-de-moutarde-geante-rouge-biologique","status":"publish","type":"product","link":"https:\/\/cultivers.es\/fr\/abonnements\/graines-de-moutarde-geante-rouge-biologique\/","title":{"rendered":"Graines de moutarde g\u00e9ante rouge"},"content":{"rendered":"","protected":false},"excerpt":{"rendered":"<p>Nos graines de moutarde g\u00e9ante rouge biologique sont le choix id\u00e9al pour cultiver dans votre jardin une moutarde \u00e0 la saveur intense et \u00e0 la couleur vibrante. Issues d&rsquo;une vari\u00e9t\u00e9 sp\u00e9cialement s\u00e9lectionn\u00e9e pour sa saveur piquante et ses feuilles d&rsquo;un rouge profond, ces graines garantissent une r\u00e9colte abondante de moutarde de haute qualit\u00e9, id\u00e9ale pour relever vos plats pr\u00e9f\u00e9r\u00e9s et ajouter une touche de couleur \u00e0 vos repas. <\/p>\n<ul>\n<li><strong>Vari\u00e9t\u00e9 s\u00e9lectionn\u00e9e.<\/strong><\/li>\n<li><strong>L&rsquo;agriculture biologique.<\/strong><\/li>\n<li><strong>Culture facile.<\/strong><\/li>\n<li><strong>Polyvalence culinaire.<\/strong><\/li>\n<li><strong>Haute valeur nutritionnelle.<\/strong><\/li>\n<\/ul>\n<p>Profitez d&rsquo;une saveur intense et d&rsquo;une couleur vibrante dans vos plats gr\u00e2ce \u00e0 nos graines de moutarde g\u00e9ante rouge biologique. Cultivez vos propres feuilles de moutarde \u00e0 la saveur et \u00e0 la couleur uniques \u00e0 la maison et ajoutez une touche sp\u00e9ciale \u00e0 vos plats cuisin\u00e9s. <\/p>\n","protected":false},"featured_media":24794,"comment_status":"open","ping_status":"closed","template":"","meta":{"_acf_changed":false},"product_brand":[],"product_cat":[424,459],"product_tag":[1579],"class_list":{"0":"post-38510","1":"product","2":"type-product","3":"status-publish","4":"has-post-thumbnail","6":"product_cat-semences-biologiques","7":"product_cat-semences-de-legumes-feuilles-biologiques","8":"product_tag-eco","10":"first","11":"instock","12":"sale","13":"taxable","14":"shipping-taxable","15":"purchasable","16":"product-type-simple"},"acf":[],"_links":{"self":[{"href":"https:\/\/cultivers.es\/fr\/wp-json\/wp\/v2\/product\/38510","targetHints":{"allow":["GET"]}}],"collection":[{"href":"https:\/\/cultivers.es\/fr\/wp-json\/wp\/v2\/product"}],"about":[{"href":"https:\/\/cultivers.es\/fr\/wp-json\/wp\/v2\/types\/product"}],"replies":[{"embeddable":true,"href":"https:\/\/cultivers.es\/fr\/wp-json\/wp\/v2\/comments?post=38510"}],"wp:featuredmedia":[{"embeddable":true,"href":"https:\/\/cultivers.es\/fr\/wp-json\/wp\/v2\/media\/24794"}],"wp:attachment":[{"href":"https:\/\/cultivers.es\/fr\/wp-json\/wp\/v2\/media?parent=38510"}],"wp:term":[{"taxonomy":"product_brand","embeddable":true,"href":"https:\/\/cultivers.es\/fr\/wp-json\/wp\/v2\/product_brand?post=38510"},{"taxonomy":"product_cat","embeddable":true,"href":"https:\/\/cultivers.es\/fr\/wp-json\/wp\/v2\/product_cat?post=38510"},{"taxonomy":"product_tag","embeddable":true,"href":"https:\/\/cultivers.es\/fr\/wp-json\/wp\/v2\/product_tag?post=38510"}],"curies":[{"name":"wp","href":"https:\/\/api.w.org\/{rel}","templated":true}]}}