{"id":38519,"date":"2024-04-22T07:11:01","date_gmt":"2024-04-22T07:11:01","guid":{"rendered":"https:\/\/cultivers.es\/abonos\/graines-de-courge-spaghetti-bio\/"},"modified":"2025-09-22T05:43:16","modified_gmt":"2025-09-22T05:43:16","slug":"graines-de-courge-spaghetti-bio","status":"publish","type":"product","link":"https:\/\/cultivers.es\/fr\/abonnements\/graines-de-courge-spaghetti-bio\/","title":{"rendered":"Graines de citrouille en spaghetti"},"content":{"rendered":"","protected":false},"excerpt":{"rendered":"<p>Nos graines de courge spaghetti biologique vous permettent de cultiver une vari\u00e9t\u00e9 de courge unique et polyvalente dans votre jardin. Issues d&rsquo;une vari\u00e9t\u00e9 sp\u00e9cialement s\u00e9lectionn\u00e9e pour sa texture fibreuse et sa saveur douce, ces graines garantissent une r\u00e9colte abondante de courges spaghetti, id\u00e9ales pour des pr\u00e9parations saines et cr\u00e9atives dans votre cuisine. <\/p>\n<ul>\n<li><strong>Vari\u00e9t\u00e9 s\u00e9lectionn\u00e9e.<\/strong><\/li>\n<li><strong>L&rsquo;agriculture biologique.<\/strong><\/li>\n<li><strong>Culture facile.<\/strong><\/li>\n<li><strong>Polyvalence culinaire.<\/strong><\/li>\n<li><strong>Haute valeur nutritionnelle.<\/strong><\/li>\n<\/ul>\n<p>Profitez de la polyvalence et de la saveur naturelle dans votre cuisine gr\u00e2ce \u00e0 nos graines de courge spaghetti biologique. Cultivez votre propre courge spaghetti et explorez de nouvelles et d\u00e9licieuses fa\u00e7ons d&rsquo;appr\u00e9cier cet ingr\u00e9dient nutritif dans vos repas. <\/p>\n","protected":false},"featured_media":24872,"comment_status":"open","ping_status":"closed","template":"","meta":{"_acf_changed":false},"product_brand":[],"product_cat":[424,430],"product_tag":[1579],"class_list":{"0":"post-38519","1":"product","2":"type-product","3":"status-publish","4":"has-post-thumbnail","6":"product_cat-semences-biologiques","7":"product_cat-semences-de-fruits-et-legumes-biologiques","8":"product_tag-eco","10":"first","11":"instock","12":"sale","13":"taxable","14":"shipping-taxable","15":"purchasable","16":"product-type-simple"},"acf":[],"_links":{"self":[{"href":"https:\/\/cultivers.es\/fr\/wp-json\/wp\/v2\/product\/38519","targetHints":{"allow":["GET"]}}],"collection":[{"href":"https:\/\/cultivers.es\/fr\/wp-json\/wp\/v2\/product"}],"about":[{"href":"https:\/\/cultivers.es\/fr\/wp-json\/wp\/v2\/types\/product"}],"replies":[{"embeddable":true,"href":"https:\/\/cultivers.es\/fr\/wp-json\/wp\/v2\/comments?post=38519"}],"wp:featuredmedia":[{"embeddable":true,"href":"https:\/\/cultivers.es\/fr\/wp-json\/wp\/v2\/media\/24872"}],"wp:attachment":[{"href":"https:\/\/cultivers.es\/fr\/wp-json\/wp\/v2\/media?parent=38519"}],"wp:term":[{"taxonomy":"product_brand","embeddable":true,"href":"https:\/\/cultivers.es\/fr\/wp-json\/wp\/v2\/product_brand?post=38519"},{"taxonomy":"product_cat","embeddable":true,"href":"https:\/\/cultivers.es\/fr\/wp-json\/wp\/v2\/product_cat?post=38519"},{"taxonomy":"product_tag","embeddable":true,"href":"https:\/\/cultivers.es\/fr\/wp-json\/wp\/v2\/product_tag?post=38519"}],"curies":[{"name":"wp","href":"https:\/\/api.w.org\/{rel}","templated":true}]}}