{"id":38529,"date":"2024-04-22T07:16:48","date_gmt":"2024-04-22T07:16:48","guid":{"rendered":"https:\/\/cultivers.es\/abonos\/laitue-a-feuilles-de-chene-biologique-graines-de-cocarde\/"},"modified":"2025-11-22T11:45:49","modified_gmt":"2025-11-22T11:45:49","slug":"laitue-a-feuilles-de-chene-biologique-graines-de-cocarde","status":"publish","type":"product","link":"https:\/\/cultivers.es\/fr\/abonnements\/laitue-a-feuilles-de-chene-biologique-graines-de-cocarde\/","title":{"rendered":"Laitue feuille de ch\u00eane Graines Cocarde"},"content":{"rendered":"","protected":false},"excerpt":{"rendered":"<p>Nos graines de laitue feuille de ch\u00eane biologique Cocarde vous permettent de cultiver des laitues fra\u00eeches et savoureuses dans votre jardin de mani\u00e8re saine et biologique. Issues d&rsquo;une vari\u00e9t\u00e9 sp\u00e9cialement s\u00e9lectionn\u00e9e pour sa texture croquante, sa saveur douce et la forme \u00e9l\u00e9gante de ses feuilles, ces graines garantissent une r\u00e9colte abondante de laitues de haute qualit\u00e9, id\u00e9ales pour les salades fra\u00eeches et les plats l\u00e9gers. <\/p>\n<ul>\n<li><strong>Vari\u00e9t\u00e9 s\u00e9lectionn\u00e9e.<\/strong><\/li>\n<li><strong>L&rsquo;agriculture biologique.<\/strong><\/li>\n<li><strong>Culture facile.<\/strong><\/li>\n<li><strong>Polyvalence culinaire.<\/strong><\/li>\n<li><strong>Haute valeur nutritionnelle.<\/strong><\/li>\n<\/ul>\n<p>Appr\u00e9ciez la fra\u00eecheur et l&rsquo;\u00e9l\u00e9gance dans votre cuisine gr\u00e2ce \u00e0 nos graines de laitue feuille de ch\u00eane Cocarde biologique. Cultivez vos propres laitues de qualit\u00e9 et appr\u00e9ciez la satisfaction de r\u00e9colter vos propres ingr\u00e9dients frais et savoureux. <\/p>\n","protected":false},"featured_media":45443,"comment_status":"open","ping_status":"closed","template":"","meta":{"_acf_changed":false},"product_brand":[],"product_cat":[424,459],"product_tag":[1579],"class_list":{"0":"post-38529","1":"product","2":"type-product","3":"status-publish","4":"has-post-thumbnail","6":"product_cat-semences-biologiques","7":"product_cat-semences-de-legumes-feuilles-biologiques","8":"product_tag-eco","10":"first","11":"instock","12":"sale","13":"taxable","14":"shipping-taxable","15":"purchasable","16":"product-type-simple"},"acf":[],"_links":{"self":[{"href":"https:\/\/cultivers.es\/fr\/wp-json\/wp\/v2\/product\/38529","targetHints":{"allow":["GET"]}}],"collection":[{"href":"https:\/\/cultivers.es\/fr\/wp-json\/wp\/v2\/product"}],"about":[{"href":"https:\/\/cultivers.es\/fr\/wp-json\/wp\/v2\/types\/product"}],"replies":[{"embeddable":true,"href":"https:\/\/cultivers.es\/fr\/wp-json\/wp\/v2\/comments?post=38529"}],"wp:featuredmedia":[{"embeddable":true,"href":"https:\/\/cultivers.es\/fr\/wp-json\/wp\/v2\/media\/45443"}],"wp:attachment":[{"href":"https:\/\/cultivers.es\/fr\/wp-json\/wp\/v2\/media?parent=38529"}],"wp:term":[{"taxonomy":"product_brand","embeddable":true,"href":"https:\/\/cultivers.es\/fr\/wp-json\/wp\/v2\/product_brand?post=38529"},{"taxonomy":"product_cat","embeddable":true,"href":"https:\/\/cultivers.es\/fr\/wp-json\/wp\/v2\/product_cat?post=38529"},{"taxonomy":"product_tag","embeddable":true,"href":"https:\/\/cultivers.es\/fr\/wp-json\/wp\/v2\/product_tag?post=38529"}],"curies":[{"name":"wp","href":"https:\/\/api.w.org\/{rel}","templated":true}]}}