{"id":38530,"date":"2024-04-28T14:48:24","date_gmt":"2024-04-28T14:48:24","guid":{"rendered":"https:\/\/cultivers.es\/abonos\/engrais-vert-organic-serradela-seeds\/"},"modified":"2025-09-22T04:48:03","modified_gmt":"2025-09-22T04:48:03","slug":"engrais-vert-organic-serradela-seeds","status":"publish","type":"product","link":"https:\/\/cultivers.es\/fr\/abonnements\/engrais-vert-organic-serradela-seeds\/","title":{"rendered":"Engrais vert Serradela Seeds"},"content":{"rendered":"","protected":false},"excerpt":{"rendered":"<p>Nos graines de serradelle biologique sont une option pr\u00e9cieuse pour am\u00e9liorer la fertilit\u00e9 et la structure du sol de mani\u00e8re naturelle et durable dans votre potager. La serradelle est une l\u00e9gumineuse aux propri\u00e9t\u00e9s sp\u00e9cifiques qui en font un excellent engrais vert, offrant une s\u00e9rie d&rsquo;avantages qui contribueront au succ\u00e8s de vos cultures de mani\u00e8re \u00e9cologique. <\/p>\n<ul>\n<li><strong>Propri\u00e9t\u00e9s d&rsquo;engrais vert :<\/strong> la Serradella est une l\u00e9gumineuse capable de fixer l&rsquo;azote atmosph\u00e9rique dans le sol, l&rsquo;enrichissant ainsi naturellement de ce nutriment essentiel \u00e0 la croissance des plantes.<\/li>\n<li><strong>Am\u00e9lioration de la fertilit\u00e9 du sol :<\/strong> En incorporant le palmier nain comme engrais vert, vous am\u00e9liorerez la fertilit\u00e9 et la disponibilit\u00e9 des \u00e9l\u00e9ments nutritifs dans le sol, ce qui favorisera le d\u00e9veloppement sain de vos cultures.<\/li>\n<li><strong>Lutte contre les mauvaises herbes :<\/strong> la croissance vigoureuse de la serradelle contribue \u00e0 supprimer la concurrence des mauvaises herbes en occupant l&rsquo;espace et les ressources du sol, ce qui r\u00e9duit le besoin d&rsquo;herbicides.<\/li>\n<li><strong>Structure du sol :<\/strong> Les racines profondes de la Serradella contribuent \u00e0 am\u00e9liorer la structure du sol, en augmentant l&rsquo;a\u00e9ration et la r\u00e9tention d&rsquo;eau, ce qui favorise la croissance des plantes.<\/li>\n<li><strong>Culture biologique :<\/strong> Ces graines de serradelle sont produites de mani\u00e8re biologique, sans utilisation de produits chimiques nocifs, ce qui garantit un approvisionnement naturel et s\u00fbr pour votre jardin.<\/li>\n<\/ul>\n<p>Profitez des avantages naturels et de la diversit\u00e9 b\u00e9n\u00e9fique que la Serradela apporte en tant qu&rsquo;engrais vert dans votre potager. Cultivez un sol plus fertile, \u00e9quilibr\u00e9 et sain de mani\u00e8re durable et contribuez \u00e0 la protection de l&rsquo;environnement tout en am\u00e9liorant la productivit\u00e9 et la qualit\u00e9 de vos cultures. <\/p>\n","protected":false},"featured_media":50205,"comment_status":"open","ping_status":"closed","template":"","meta":{"_acf_changed":false},"product_brand":[],"product_cat":[1290,424],"product_tag":[1579],"class_list":{"0":"post-38530","1":"product","2":"type-product","3":"status-publish","4":"has-post-thumbnail","6":"product_cat-couvertures-vegetales-dengrais-verts","7":"product_cat-semences-biologiques","8":"product_tag-eco","10":"first","11":"instock","12":"sale","13":"taxable","14":"shipping-taxable","15":"purchasable","16":"product-type-simple"},"acf":[],"_links":{"self":[{"href":"https:\/\/cultivers.es\/fr\/wp-json\/wp\/v2\/product\/38530","targetHints":{"allow":["GET"]}}],"collection":[{"href":"https:\/\/cultivers.es\/fr\/wp-json\/wp\/v2\/product"}],"about":[{"href":"https:\/\/cultivers.es\/fr\/wp-json\/wp\/v2\/types\/product"}],"replies":[{"embeddable":true,"href":"https:\/\/cultivers.es\/fr\/wp-json\/wp\/v2\/comments?post=38530"}],"wp:featuredmedia":[{"embeddable":true,"href":"https:\/\/cultivers.es\/fr\/wp-json\/wp\/v2\/media\/50205"}],"wp:attachment":[{"href":"https:\/\/cultivers.es\/fr\/wp-json\/wp\/v2\/media?parent=38530"}],"wp:term":[{"taxonomy":"product_brand","embeddable":true,"href":"https:\/\/cultivers.es\/fr\/wp-json\/wp\/v2\/product_brand?post=38530"},{"taxonomy":"product_cat","embeddable":true,"href":"https:\/\/cultivers.es\/fr\/wp-json\/wp\/v2\/product_cat?post=38530"},{"taxonomy":"product_tag","embeddable":true,"href":"https:\/\/cultivers.es\/fr\/wp-json\/wp\/v2\/product_tag?post=38530"}],"curies":[{"name":"wp","href":"https:\/\/api.w.org\/{rel}","templated":true}]}}