{"id":38539,"date":"2024-04-28T14:48:39","date_gmt":"2024-04-28T14:48:39","guid":{"rendered":"https:\/\/cultivers.es\/abonos\/green-fertiliser-organic-persian-clover-seeds-graines-de-trefle-de-perse\/"},"modified":"2025-09-22T05:25:57","modified_gmt":"2025-09-22T05:25:57","slug":"green-fertiliser-organic-persian-clover-seeds-graines-de-trefle-de-perse","status":"publish","type":"product","link":"https:\/\/cultivers.es\/fr\/abonnements\/green-fertiliser-organic-persian-clover-seeds-graines-de-trefle-de-perse\/","title":{"rendered":"Engrais vert Graines de tr\u00e8fle de Perse"},"content":{"rendered":"","protected":false},"excerpt":{"rendered":"<p>Nos graines de tr\u00e8fle de Perse biologique sont un excellent choix pour am\u00e9liorer la qualit\u00e9 et la fertilit\u00e9 du sol de mani\u00e8re naturelle et durable dans votre jardin. Le tr\u00e8fle de Perse, connu pour ses capacit\u00e9s d&rsquo;engrais vert, offre un certain nombre d&rsquo;avantages sp\u00e9cifiques qui favorisent le d\u00e9veloppement de cultures saines et la sant\u00e9 du sol dans le respect de l&rsquo;environnement. <\/p>\n<ul>\n<li><strong>Propri\u00e9t\u00e9s d&rsquo;engrais vert : le<\/strong> tr\u00e8fle de Perse est une l\u00e9gumineuse qui a la capacit\u00e9 unique de fixer l&rsquo;azote atmosph\u00e9rique dans le sol, l&rsquo;enrichissant ainsi de mani\u00e8re naturelle avec ce nutriment important.<\/li>\n<li><strong>Am\u00e9lioration de la structure du sol :<\/strong> En cultivant du tr\u00e8fle de Perse comme engrais vert, vous contribuerez \u00e0 l&rsquo;am\u00e9lioration de la structure du sol, \u00e0 l&rsquo;augmentation de la mati\u00e8re organique et \u00e0 l&rsquo;activit\u00e9 microbienne b\u00e9n\u00e9fique dans le sol.<\/li>\n<li><strong>Lutte contre les mauvaises herbes :<\/strong> La croissance vigoureuse du tr\u00e8fle de Perse aide \u00e0 supprimer la croissance des mauvaises herbes en entrant en comp\u00e9tition pour les ressources du sol, r\u00e9duisant ainsi le besoin d&rsquo;utiliser des herbicides chimiques.<\/li>\n<li><strong>Protection du sol :<\/strong> la couverture v\u00e9g\u00e9tale fournie par le tr\u00e8fle de Perse aide \u00e0 prot\u00e9ger le sol contre l&rsquo;\u00e9rosion caus\u00e9e par le vent et la pluie, en maintenant la structure du sol et sa sant\u00e9 \u00e0 long terme.<\/li>\n<li><strong>Culture biologique :<\/strong> Ces graines de tr\u00e8fle de Perse sont produites de mani\u00e8re biologique, sans utilisation de produits chimiques nocifs, ce qui garantit un approvisionnement naturel et s\u00fbr pour votre jardin.<\/li>\n<\/ul>\n<p>Profitez des avantages naturels et de la vitalit\u00e9 du tr\u00e8fle de Perse en tant qu&rsquo;engrais vert dans votre potager. Cultivez un sol plus fertile, plus \u00e9quilibr\u00e9 et plus sain de mani\u00e8re durable et contribuez \u00e0 la protection de l&rsquo;environnement tout en am\u00e9liorant la productivit\u00e9 de vos cultures. <\/p>\n","protected":false},"featured_media":50199,"comment_status":"open","ping_status":"closed","template":"","meta":{"_acf_changed":false},"product_brand":[],"product_cat":[1290,424],"product_tag":[1579],"class_list":{"0":"post-38539","1":"product","2":"type-product","3":"status-publish","4":"has-post-thumbnail","6":"product_cat-couvertures-vegetales-dengrais-verts","7":"product_cat-semences-biologiques","8":"product_tag-eco","10":"first","11":"instock","12":"taxable","13":"shipping-taxable","14":"purchasable","15":"product-type-simple"},"acf":[],"_links":{"self":[{"href":"https:\/\/cultivers.es\/fr\/wp-json\/wp\/v2\/product\/38539","targetHints":{"allow":["GET"]}}],"collection":[{"href":"https:\/\/cultivers.es\/fr\/wp-json\/wp\/v2\/product"}],"about":[{"href":"https:\/\/cultivers.es\/fr\/wp-json\/wp\/v2\/types\/product"}],"replies":[{"embeddable":true,"href":"https:\/\/cultivers.es\/fr\/wp-json\/wp\/v2\/comments?post=38539"}],"wp:featuredmedia":[{"embeddable":true,"href":"https:\/\/cultivers.es\/fr\/wp-json\/wp\/v2\/media\/50199"}],"wp:attachment":[{"href":"https:\/\/cultivers.es\/fr\/wp-json\/wp\/v2\/media?parent=38539"}],"wp:term":[{"taxonomy":"product_brand","embeddable":true,"href":"https:\/\/cultivers.es\/fr\/wp-json\/wp\/v2\/product_brand?post=38539"},{"taxonomy":"product_cat","embeddable":true,"href":"https:\/\/cultivers.es\/fr\/wp-json\/wp\/v2\/product_cat?post=38539"},{"taxonomy":"product_tag","embeddable":true,"href":"https:\/\/cultivers.es\/fr\/wp-json\/wp\/v2\/product_tag?post=38539"}],"curies":[{"name":"wp","href":"https:\/\/api.w.org\/{rel}","templated":true}]}}