{"id":38557,"date":"2024-07-16T13:55:34","date_gmt":"2024-07-16T13:55:34","guid":{"rendered":"https:\/\/cultivers.es\/abonos\/engrais-universel-pour-linterieur-et-les-balcons\/"},"modified":"2025-09-22T05:44:01","modified_gmt":"2025-09-22T05:44:01","slug":"engrais-universel-pour-linterieur-et-les-balcons","status":"publish","type":"product","link":"https:\/\/cultivers.es\/fr\/abonnements\/engrais-universel-pour-linterieur-et-les-balcons\/","title":{"rendered":"Engrais universel pour l&rsquo;int\u00e9rieur et les balcons"},"content":{"rendered":"<p>Cet engrais liquide universel est la solution id\u00e9ale pour l&rsquo;entretien de vos plantes d&rsquo;int\u00e9rieur et de balcon. Facile \u00e0 appliquer, il suffit d&rsquo;agiter le flacon, de presser le distributeur 4 fois (10 ml), de diluer dans 1 litre d&rsquo;eau et d&rsquo;arroser tous les 15 jours. Sa formule \u00e9quilibr\u00e9e NPK 4-1-7 fournit des macronutriments essentiels (azote, phosphore, potassium) et des micronutriments tels que le bore, le fer, le mangan\u00e8se, le molybd\u00e8ne et le zinc, garantissant une croissance vigoureuse et une fructification saine.  <\/p>\n<p>En outre, cet engrais contient des acides amin\u00e9s qui am\u00e9liorent l&rsquo;assimilation des nutriments et agissent comme biostimulants, facilitant la r\u00e9cup\u00e9ration des plantes dans les situations de stress. 100% naturel et respectueux de l&rsquo;environnement, il est totalement inoffensif pour les animaux, ce qui en fait une option s\u00fbre et efficace pour maintenir vos plantes en bonne sant\u00e9 et fortes tout au long de l&rsquo;ann\u00e9e. Parfait pour tout type de plante d&rsquo;int\u00e9rieur ou de balcon.  <\/p>\n","protected":false},"excerpt":{"rendered":"<ul>\n<li><strong>Engrais universel et \u00e9cologique :<\/strong> Engrais \u00e9cologique pour les plantes d&rsquo;int\u00e9rieur et d&rsquo;ext\u00e9rieur. 100% naturel, respectueux de l&rsquo;environnement et sans danger pour les animaux. <\/li>\n<li><strong>Application facile :<\/strong> Il suffit d&rsquo;agiter le flacon, de presser le distributeur 4 fois (10 ml), de diluer dans 1 litre d&rsquo;eau et d&rsquo;arroser vos plantes tous les 15 jours.<\/li>\n<li><strong>D\u00e9veloppement et r\u00e9cup\u00e9ration optimaux :<\/strong> Cet engrais facilite la croissance des plantes, m\u00eame dans les situations de stress, et favorise une r\u00e9cup\u00e9ration rapide.<\/li>\n<li><strong>Nutrition compl\u00e8te et \u00e9quilibr\u00e9e :<\/strong> avec une solution NPK 4-1-7, il fournit des macronutriments essentiels (azote, phosphore, potassium) et des micronutriments tels que le bore, le fer, le mangan\u00e8se, le molybd\u00e8ne et le zinc.<\/li>\n<li><strong>Am\u00e9liore l&rsquo;assimilation des nutriments :<\/strong> Contient des acides amin\u00e9s qui favorisent l&rsquo;absorption des nutriments, agissant comme un biostimulant naturel.<\/li>\n<\/ul>\n","protected":false},"featured_media":27666,"comment_status":"open","ping_status":"closed","template":"","meta":{"_acf_changed":false},"product_brand":[],"product_cat":[1281],"product_tag":[],"class_list":{"0":"post-38557","1":"product","2":"type-product","3":"status-publish","4":"has-post-thumbnail","6":"product_cat-plantes-dinterieur-et-balcon","8":"first","9":"instock","10":"taxable","11":"shipping-taxable","12":"purchasable","13":"product-type-variable"},"acf":[],"_links":{"self":[{"href":"https:\/\/cultivers.es\/fr\/wp-json\/wp\/v2\/product\/38557","targetHints":{"allow":["GET"]}}],"collection":[{"href":"https:\/\/cultivers.es\/fr\/wp-json\/wp\/v2\/product"}],"about":[{"href":"https:\/\/cultivers.es\/fr\/wp-json\/wp\/v2\/types\/product"}],"replies":[{"embeddable":true,"href":"https:\/\/cultivers.es\/fr\/wp-json\/wp\/v2\/comments?post=38557"}],"wp:featuredmedia":[{"embeddable":true,"href":"https:\/\/cultivers.es\/fr\/wp-json\/wp\/v2\/media\/27666"}],"wp:attachment":[{"href":"https:\/\/cultivers.es\/fr\/wp-json\/wp\/v2\/media?parent=38557"}],"wp:term":[{"taxonomy":"product_brand","embeddable":true,"href":"https:\/\/cultivers.es\/fr\/wp-json\/wp\/v2\/product_brand?post=38557"},{"taxonomy":"product_cat","embeddable":true,"href":"https:\/\/cultivers.es\/fr\/wp-json\/wp\/v2\/product_cat?post=38557"},{"taxonomy":"product_tag","embeddable":true,"href":"https:\/\/cultivers.es\/fr\/wp-json\/wp\/v2\/product_tag?post=38557"}],"curies":[{"name":"wp","href":"https:\/\/api.w.org\/{rel}","templated":true}]}}