{"id":38559,"date":"2024-06-24T10:25:02","date_gmt":"2024-06-24T10:25:02","guid":{"rendered":"https:\/\/cultivers.es\/abonos\/fer-liquide-pour-les-plantes\/"},"modified":"2025-09-22T05:44:00","modified_gmt":"2025-09-22T05:44:00","slug":"fer-liquide-pour-les-plantes","status":"publish","type":"product","link":"https:\/\/cultivers.es\/fr\/abonnements\/fer-liquide-pour-les-plantes\/","title":{"rendered":"Fer liquide pour les plantes"},"content":{"rendered":"","protected":false},"excerpt":{"rendered":"<ul class=\"a-unordered-list a-vertical a-spacing-mini\">\n<li class=\"a-spacing-mini\"><span class=\"a-list-item\">\ud83c\udf31 Revitalisez vos plantes avec CULTIVERS Liquid Iron : Cet engrais de haute qualit\u00e9 pr\u00e9vient et corrige le jaunissement des feuilles, assurant un verdissement visible et une croissance saine des plantes ornementales, des l\u00e9gumes et des arbres fruitiers.<\/span><\/li>\n<li class=\"a-spacing-mini\"><span class=\"a-list-item\">\ud83d\udca7 Formule \u00e0 absorption rapide : le fer liquide CULTIVERS est instantan\u00e9ment assimil\u00e9, apportant le fer n\u00e9cessaire \u00e0 la synth\u00e8se de la chlorophylle et aux fonctions vitales. Id\u00e9al pour les applications au sol ou foliaires, assurant des plantes vertes et vigoureuses. <\/span><\/li>\n<li class=\"a-spacing-mini\"><span class=\"a-list-item\">Le fer liquide CULTIVERS est une option respectueuse de l&rsquo;environnement, parfaite pour les agriculteurs et les jardiniers \u00e0 la recherche de m\u00e9thodes durables. Gardez vos plantes en bonne sant\u00e9 sans nuire \u00e0 l&rsquo;\u00e9cosyst\u00e8me. <\/span><\/li>\n<li class=\"a-spacing-mini\"><span class=\"a-list-item\">Productivit\u00e9 accrue et sant\u00e9 g\u00e9n\u00e9rale : En corrigeant les carences en fer, CULTIVERS Liquid Iron favorise le d\u00e9veloppement de fruits plus gros et de meilleure qualit\u00e9, augmentant ainsi le rendement de vos cultures et am\u00e9liorant la r\u00e9sistance des plantes.<\/span><\/li>\n<li class=\"a-spacing-mini\"><span class=\"a-list-item\">\ud83c\udf3b Polyvalence des applications : CULTIVERS Fer liquide convient \u00e0 tous les types de plantes, des plantes ornementales aux arbres fruitiers et aux l\u00e9gumes. Appliquez-le directement au sol ou par pulv\u00e9risation foliaire pour une distribution efficace des nutriments. <\/span><\/li>\n<\/ul>\n","protected":false},"featured_media":26221,"comment_status":"open","ping_status":"closed","template":"","meta":{"_acf_changed":false},"product_brand":[],"product_cat":[569],"product_tag":[],"woo-feed-brand":[],"class_list":{"0":"post-38559","1":"product","2":"type-product","3":"status-publish","4":"has-post-thumbnail","6":"product_cat-correcteurs-de-carence","8":"first","9":"instock","10":"taxable","11":"shipping-taxable","12":"purchasable","13":"product-type-variable"},"acf":[],"_links":{"self":[{"href":"https:\/\/cultivers.es\/fr\/wp-json\/wp\/v2\/product\/38559","targetHints":{"allow":["GET"]}}],"collection":[{"href":"https:\/\/cultivers.es\/fr\/wp-json\/wp\/v2\/product"}],"about":[{"href":"https:\/\/cultivers.es\/fr\/wp-json\/wp\/v2\/types\/product"}],"replies":[{"embeddable":true,"href":"https:\/\/cultivers.es\/fr\/wp-json\/wp\/v2\/comments?post=38559"}],"wp:featuredmedia":[{"embeddable":true,"href":"https:\/\/cultivers.es\/fr\/wp-json\/wp\/v2\/media\/26221"}],"wp:attachment":[{"href":"https:\/\/cultivers.es\/fr\/wp-json\/wp\/v2\/media?parent=38559"}],"wp:term":[{"taxonomy":"product_brand","embeddable":true,"href":"https:\/\/cultivers.es\/fr\/wp-json\/wp\/v2\/product_brand?post=38559"},{"taxonomy":"product_cat","embeddable":true,"href":"https:\/\/cultivers.es\/fr\/wp-json\/wp\/v2\/product_cat?post=38559"},{"taxonomy":"product_tag","embeddable":true,"href":"https:\/\/cultivers.es\/fr\/wp-json\/wp\/v2\/product_tag?post=38559"},{"taxonomy":"woo-feed-brand","embeddable":true,"href":"https:\/\/cultivers.es\/fr\/wp-json\/wp\/v2\/woo-feed-brand?post=38559"}],"curies":[{"name":"wp","href":"https:\/\/api.w.org\/{rel}","templated":true}]}}