{"id":38589,"date":"2024-07-16T14:03:40","date_gmt":"2024-07-16T14:03:40","guid":{"rendered":"https:\/\/cultivers.es\/abonos\/engrais-pour-jardins-urbains\/"},"modified":"2025-09-22T05:44:18","modified_gmt":"2025-09-22T05:44:18","slug":"engrais-pour-jardins-urbains","status":"publish","type":"product","link":"https:\/\/cultivers.es\/fr\/abonnements\/engrais-pour-jardins-urbains\/","title":{"rendered":"Engrais pour jardins urbains"},"content":{"rendered":"","protected":false},"excerpt":{"rendered":"<ul>\n<li><strong>Application facile :<\/strong> Notre engrais organique pour jardins urbains est simple \u00e0 utiliser. Il suffit de l&rsquo;appliquer comme indiqu\u00e9 et de voir vos plantes prosp\u00e9rer. <\/li>\n<li><strong>Un sol plus sain :<\/strong> am\u00e9liore la qualit\u00e9 du sol de votre jardin urbain. Il augmente l&rsquo;activit\u00e9 microbienne et facilite la disponibilit\u00e9 des nutriments, ce qui favorise la croissance de vos cultures. <\/li>\n<li><strong>Riche en mati\u00e8re organique :<\/strong> Avec 50% de mati\u00e8re organique d&rsquo;origine v\u00e9g\u00e9tale, cet engrais enrichit le sol. Les conditions physiques et chimiques s&rsquo;am\u00e9liorent, ce qui favorise le d\u00e9veloppement de vos plantes. <\/li>\n<li><strong>Des acides<\/strong> amin\u00e9s <strong>pour tout le cycle :<\/strong> Les acides amin\u00e9s libres d&rsquo;origine v\u00e9g\u00e9tale contenus dans notre engrais sont id\u00e9aux pour enrichir le sol \u00e0 tous les stades de la culture. Du semis \u00e0 la r\u00e9colte, vos plantes en profiteront. <\/li>\n<li><strong>S\u00fbr et respectueux de l&rsquo;environnement :<\/strong> notre produit est 100 % naturel et ne pr\u00e9sente aucun risque pour les animaux ou les plantes. Gardez votre jardin urbain sain et durable en toute confiance. \ud83c\udf31\ud83c\udf3f  <\/li>\n<\/ul>\n","protected":false},"featured_media":27690,"comment_status":"open","ping_status":"closed","template":"","meta":{"_acf_changed":false},"product_brand":[],"product_cat":[1281],"product_tag":[],"class_list":{"0":"post-38589","1":"product","2":"type-product","3":"status-publish","4":"has-post-thumbnail","6":"product_cat-plantes-dinterieur-et-balcon","8":"first","9":"instock","10":"taxable","11":"shipping-taxable","12":"purchasable","13":"product-type-variable"},"acf":[],"_links":{"self":[{"href":"https:\/\/cultivers.es\/fr\/wp-json\/wp\/v2\/product\/38589","targetHints":{"allow":["GET"]}}],"collection":[{"href":"https:\/\/cultivers.es\/fr\/wp-json\/wp\/v2\/product"}],"about":[{"href":"https:\/\/cultivers.es\/fr\/wp-json\/wp\/v2\/types\/product"}],"replies":[{"embeddable":true,"href":"https:\/\/cultivers.es\/fr\/wp-json\/wp\/v2\/comments?post=38589"}],"wp:featuredmedia":[{"embeddable":true,"href":"https:\/\/cultivers.es\/fr\/wp-json\/wp\/v2\/media\/27690"}],"wp:attachment":[{"href":"https:\/\/cultivers.es\/fr\/wp-json\/wp\/v2\/media?parent=38589"}],"wp:term":[{"taxonomy":"product_brand","embeddable":true,"href":"https:\/\/cultivers.es\/fr\/wp-json\/wp\/v2\/product_brand?post=38589"},{"taxonomy":"product_cat","embeddable":true,"href":"https:\/\/cultivers.es\/fr\/wp-json\/wp\/v2\/product_cat?post=38589"},{"taxonomy":"product_tag","embeddable":true,"href":"https:\/\/cultivers.es\/fr\/wp-json\/wp\/v2\/product_tag?post=38589"}],"curies":[{"name":"wp","href":"https:\/\/api.w.org\/{rel}","templated":true}]}}