{"id":38629,"date":"2024-08-14T07:27:43","date_gmt":"2024-08-14T07:27:43","guid":{"rendered":"https:\/\/cultivers.es\/abonos\/la-mere-est-une-bombe-a-graines\/"},"modified":"2025-09-22T05:45:13","modified_gmt":"2025-09-22T05:45:13","slug":"la-mere-est-une-bombe-a-graines","status":"publish","type":"product","link":"https:\/\/cultivers.es\/fr\/abonnements\/la-mere-est-une-bombe-a-graines\/","title":{"rendered":"La m\u00e8re est une bombe \u00e0 graines"},"content":{"rendered":"","protected":false},"excerpt":{"rendered":"<p>La bombe de graines <strong>\u00ab\u00a0Mother is Flower\u00a0\u00bb<\/strong> est une c\u00e9l\u00e9bration de la vie et de la beaut\u00e9 de la nature. Ce m\u00e9lange est sp\u00e9cialement con\u00e7u pour honorer la fertilit\u00e9 et l&rsquo;abondance de la terre, en cr\u00e9ant un environnement plein de couleurs et de biodiversit\u00e9. Il contient une s\u00e9lection de graines biologiques qui se transformeront en un jardin de fleurs multicolores et textur\u00e9es, parfait pour attirer les pollinisateurs tels que les abeilles et les papillons.  <\/p>\n<p>Id\u00e9ale pour les jardins, les jardins urbains ou m\u00eame les grands pots, cette bombe \u00e0 graines est facile \u00e0 utiliser : il suffit de la d\u00e9poser sur le sol, d&rsquo;arroser un peu et de laisser la magie op\u00e9rer. \u00a0\u00bb <strong>Mother is Flower\u00a0\u00bb<\/strong> vise non seulement \u00e0 embellir les espaces, mais aussi \u00e0 contribuer \u00e0 l&rsquo;\u00e9quilibre \u00e9cologique et \u00e0 la pr\u00e9servation des esp\u00e8ces florales indig\u00e8nes.<\/p>\n<p><strong>Vari\u00e9t\u00e9s qui incluent ces pompes :<\/strong> <strong>Antirrhinum majus, Calendula officinalis, Centaura cyanus, Cosmos sulphereus, Linum usitatissimum, Nigella damascena, Vaccaria hispanica, Lupinus angustifolius, Lupinus luteus, Eschscholzia californica, Callistephus chinensis.<\/strong><\/p>\n<ul>\n<li>6 boules de graines, \u00d8 2,5 cm, substrat organique, poudre d&rsquo;argile, graines organiques.<\/li>\n<li>Fleurs d\u00e9coratives : M\u00e9lange vari\u00e9 qui donne des fleurs tout au long de l&rsquo;\u00e9t\u00e9.<\/li>\n<li>Contient, entre autres, du bleuet, du cosmos et du pavot.<\/li>\n<li>Hauteur de la plante : 60-100 cm.<\/li>\n<li>Semis : D\u00e9but du printemps (janvier - mai).<\/li>\n<li>Enfoncez l\u00e9g\u00e8rement la motte dans la terre pr\u00e9par\u00e9e. Les graines ont besoin de lumi\u00e8re et d&rsquo;humidit\u00e9 pour germer. <\/li>\n<\/ul>\n<p>Profitez de cette occasion pour vous connecter avec la nature d&rsquo;une mani\u00e8re simple et significative - cr\u00e9ez votre coin de vie et de couleur avec <strong>\u00ab\u00a0Mother is Flower\u00a0\u00bb<\/strong>! <\/p>\n","protected":false},"featured_media":31377,"comment_status":"open","ping_status":"closed","template":"","meta":{"_acf_changed":false},"product_brand":[],"product_cat":[1299,424],"product_tag":[1579],"class_list":{"0":"post-38629","1":"product","2":"type-product","3":"status-publish","4":"has-post-thumbnail","6":"product_cat-bombes-a-graines","7":"product_cat-semences-biologiques","8":"product_tag-eco","10":"first","11":"instock","12":"sale","13":"taxable","14":"shipping-taxable","15":"purchasable","16":"product-type-simple"},"acf":[],"_links":{"self":[{"href":"https:\/\/cultivers.es\/fr\/wp-json\/wp\/v2\/product\/38629","targetHints":{"allow":["GET"]}}],"collection":[{"href":"https:\/\/cultivers.es\/fr\/wp-json\/wp\/v2\/product"}],"about":[{"href":"https:\/\/cultivers.es\/fr\/wp-json\/wp\/v2\/types\/product"}],"replies":[{"embeddable":true,"href":"https:\/\/cultivers.es\/fr\/wp-json\/wp\/v2\/comments?post=38629"}],"wp:featuredmedia":[{"embeddable":true,"href":"https:\/\/cultivers.es\/fr\/wp-json\/wp\/v2\/media\/31377"}],"wp:attachment":[{"href":"https:\/\/cultivers.es\/fr\/wp-json\/wp\/v2\/media?parent=38629"}],"wp:term":[{"taxonomy":"product_brand","embeddable":true,"href":"https:\/\/cultivers.es\/fr\/wp-json\/wp\/v2\/product_brand?post=38629"},{"taxonomy":"product_cat","embeddable":true,"href":"https:\/\/cultivers.es\/fr\/wp-json\/wp\/v2\/product_cat?post=38629"},{"taxonomy":"product_tag","embeddable":true,"href":"https:\/\/cultivers.es\/fr\/wp-json\/wp\/v2\/product_tag?post=38629"}],"curies":[{"name":"wp","href":"https:\/\/api.w.org\/{rel}","templated":true}]}}