{"id":38630,"date":"2024-08-14T07:29:10","date_gmt":"2024-08-14T07:29:10","guid":{"rendered":"https:\/\/cultivers.es\/abonos\/bombe-a-graines-summer-flowers\/"},"modified":"2025-09-22T05:45:19","modified_gmt":"2025-09-22T05:45:19","slug":"bombe-a-graines-summer-flowers","status":"publish","type":"product","link":"https:\/\/cultivers.es\/fr\/abonnements\/bombe-a-graines-summer-flowers\/","title":{"rendered":"Bombe \u00e0 graines Summer Flowers"},"content":{"rendered":"","protected":false},"excerpt":{"rendered":"<p>Un superbe m\u00e9lange de plusieurs fleurs de taille moyenne, cr\u00e9ant un champ de fleurs multicolores et durables.<\/p>\n<p><strong>Vari\u00e9t\u00e9s qui incluent ces bombes :<\/strong> <strong>Antirrhinum majus, Centaura cyanus, Cosmos sulphereus, Linum usitatissimum, Vaccaria hispanica, Lupinus angustifolius, Lupinus luteus.<\/strong><\/p>\n<ul>\n<li>6 boules de graines, \u00d8 2,5 cm, substrat organique, poudre d&rsquo;argile, graines organiques.<\/li>\n<li>Fleurs d\u00e9coratives : M\u00e9lange vari\u00e9 qui donne des fleurs tout au long de l&rsquo;\u00e9t\u00e9.<\/li>\n<li>Contient entre autres : bleuet, lupins, abricots.<\/li>\n<li>Hauteur de la plante : 40-100 cm. Semis : D\u00e9but du printemps (janvier - mai).<\/li>\n<li>Enfoncez l\u00e9g\u00e8rement la motte dans la terre pr\u00e9par\u00e9e.<\/li>\n<li>Les graines ont besoin de lumi\u00e8re et d&rsquo;humidit\u00e9 pour germer.<\/li>\n<\/ul>\n<p>&nbsp;<\/p>\n<p>&nbsp;<\/p>\n","protected":false},"featured_media":31334,"comment_status":"open","ping_status":"closed","template":"","meta":{"_acf_changed":false},"product_brand":[],"product_cat":[1299,424],"product_tag":[1579],"class_list":{"0":"post-38630","1":"product","2":"type-product","3":"status-publish","4":"has-post-thumbnail","6":"product_cat-bombes-a-graines","7":"product_cat-semences-biologiques","8":"product_tag-eco","10":"first","11":"instock","12":"sale","13":"taxable","14":"shipping-taxable","15":"purchasable","16":"product-type-simple"},"acf":[],"_links":{"self":[{"href":"https:\/\/cultivers.es\/fr\/wp-json\/wp\/v2\/product\/38630","targetHints":{"allow":["GET"]}}],"collection":[{"href":"https:\/\/cultivers.es\/fr\/wp-json\/wp\/v2\/product"}],"about":[{"href":"https:\/\/cultivers.es\/fr\/wp-json\/wp\/v2\/types\/product"}],"replies":[{"embeddable":true,"href":"https:\/\/cultivers.es\/fr\/wp-json\/wp\/v2\/comments?post=38630"}],"wp:featuredmedia":[{"embeddable":true,"href":"https:\/\/cultivers.es\/fr\/wp-json\/wp\/v2\/media\/31334"}],"wp:attachment":[{"href":"https:\/\/cultivers.es\/fr\/wp-json\/wp\/v2\/media?parent=38630"}],"wp:term":[{"taxonomy":"product_brand","embeddable":true,"href":"https:\/\/cultivers.es\/fr\/wp-json\/wp\/v2\/product_brand?post=38630"},{"taxonomy":"product_cat","embeddable":true,"href":"https:\/\/cultivers.es\/fr\/wp-json\/wp\/v2\/product_cat?post=38630"},{"taxonomy":"product_tag","embeddable":true,"href":"https:\/\/cultivers.es\/fr\/wp-json\/wp\/v2\/product_tag?post=38630"}],"curies":[{"name":"wp","href":"https:\/\/api.w.org\/{rel}","templated":true}]}}