{"id":38649,"date":"2024-08-14T07:30:23","date_gmt":"2024-08-14T07:30:23","guid":{"rendered":"https:\/\/cultivers.es\/abonos\/pompe-a-graines-de-jardin-coloree\/"},"modified":"2025-09-22T04:48:56","modified_gmt":"2025-09-22T04:48:56","slug":"pompe-a-graines-de-jardin-coloree","status":"publish","type":"product","link":"https:\/\/cultivers.es\/fr\/abonnements\/pompe-a-graines-de-jardin-coloree\/","title":{"rendered":"Pompe \u00e0 graines de jardin color\u00e9e"},"content":{"rendered":"","protected":false},"excerpt":{"rendered":"<p>Les boules de semences apportent de la couleur et de la diversit\u00e9 dans tous les coins de votre jardin ou de votre balcon de mani\u00e8re ludique. Gardez-les humides jusqu&rsquo;\u00e0 ce qu&rsquo;elles germent et, si le temps le permet, dans quelques semaines, des surprises color\u00e9es appara\u00eetront dans les endroits de votre choix. Les petites grappes de fleurs sont un r\u00e9gal pour les yeux et sont \u00e9galement tr\u00e8s appr\u00e9ci\u00e9es des abeilles et des papillons.  <\/p>\n<p><strong>Vari\u00e9t\u00e9s qui incluent ces bombes :<\/strong> <strong>Antirrhinum majus, Centaura cyanus, Cosmos sulphereus, Linum usitatissimum, Vaccaria hispanica, Lupinus angustifolius, Lupinus luteus.<\/strong><\/p>\n<ul>\n<li>6 boules de graines, \u00d8 2,5 cm, substrat organique, poudre d&rsquo;argile, graines organiques.<\/li>\n<li>Fleurs d\u00e9coratives : M\u00e9lange vari\u00e9 qui donne des fleurs tout au long de l&rsquo;\u00e9t\u00e9.<\/li>\n<li>Contient, entre autres, du bleuet, du cosmos et du pavot.<\/li>\n<li>Hauteur de la plante : 60-100 cm.<\/li>\n<li>Semis : D\u00e9but du printemps (janvier - mai).<\/li>\n<li>Enfoncez l\u00e9g\u00e8rement la motte dans la terre pr\u00e9par\u00e9e. Les graines ont besoin de lumi\u00e8re et d&rsquo;humidit\u00e9 pour germer. <\/li>\n<\/ul>\n","protected":false},"featured_media":31181,"comment_status":"open","ping_status":"closed","template":"","meta":{"_acf_changed":false},"product_brand":[],"product_cat":[1299,424],"product_tag":[1579],"class_list":{"0":"post-38649","1":"product","2":"type-product","3":"status-publish","4":"has-post-thumbnail","6":"product_cat-bombes-a-graines","7":"product_cat-semences-biologiques","8":"product_tag-eco","10":"first","11":"instock","12":"sale","13":"taxable","14":"shipping-taxable","15":"purchasable","16":"product-type-simple"},"acf":[],"_links":{"self":[{"href":"https:\/\/cultivers.es\/fr\/wp-json\/wp\/v2\/product\/38649","targetHints":{"allow":["GET"]}}],"collection":[{"href":"https:\/\/cultivers.es\/fr\/wp-json\/wp\/v2\/product"}],"about":[{"href":"https:\/\/cultivers.es\/fr\/wp-json\/wp\/v2\/types\/product"}],"replies":[{"embeddable":true,"href":"https:\/\/cultivers.es\/fr\/wp-json\/wp\/v2\/comments?post=38649"}],"wp:featuredmedia":[{"embeddable":true,"href":"https:\/\/cultivers.es\/fr\/wp-json\/wp\/v2\/media\/31181"}],"wp:attachment":[{"href":"https:\/\/cultivers.es\/fr\/wp-json\/wp\/v2\/media?parent=38649"}],"wp:term":[{"taxonomy":"product_brand","embeddable":true,"href":"https:\/\/cultivers.es\/fr\/wp-json\/wp\/v2\/product_brand?post=38649"},{"taxonomy":"product_cat","embeddable":true,"href":"https:\/\/cultivers.es\/fr\/wp-json\/wp\/v2\/product_cat?post=38649"},{"taxonomy":"product_tag","embeddable":true,"href":"https:\/\/cultivers.es\/fr\/wp-json\/wp\/v2\/product_tag?post=38649"}],"curies":[{"name":"wp","href":"https:\/\/api.w.org\/{rel}","templated":true}]}}