{"id":38650,"date":"2024-08-16T11:56:22","date_gmt":"2024-08-16T11:56:22","guid":{"rendered":"https:\/\/cultivers.es\/abonos\/bande-de-graines-de-carotte-rodelika\/"},"modified":"2025-11-22T11:45:49","modified_gmt":"2025-11-22T11:45:49","slug":"bande-de-graines-de-carotte-rodelika","status":"publish","type":"product","link":"https:\/\/cultivers.es\/fr\/abonnements\/bande-de-graines-de-carotte-rodelika\/","title":{"rendered":"Bande de graines de carotte Rodelika"},"content":{"rendered":"","protected":false},"excerpt":{"rendered":"<p>Facilitez la culture dans votre jardin avec nos bandes de graines de carottes Rodelika, une vari\u00e9t\u00e9 r\u00e9put\u00e9e pour son go\u00fbt sucr\u00e9 et sa texture croquante. Ces bandes de 5 m\u00e8tres, fabriqu\u00e9es en papier biod\u00e9gradable, offrent un moyen simple et \u00e9cologique de cultiver vos carottes sans souci. <\/p>\n<ul>\n<li><strong>Semis facile :<\/strong> Oubliez la corv\u00e9e d&rsquo;\u00e9carter les graines \u00e0 la main. Avec ces bandes de semis, il suffit d&rsquo;\u00e9taler la bande sur le sol, de la recouvrir l\u00e9g\u00e8rement de terre et d&rsquo;arroser - c&rsquo;est aussi simple que cela !  <\/li>\n<li><strong>Germination optimale :<\/strong> Les graines sont r\u00e9parties uniform\u00e9ment sur la bande, ce qui garantit une germination uniforme et une meilleure r\u00e9partition des plantes, ce qui maximise l&rsquo;utilisation de l&rsquo;espace dans votre jardin.<\/li>\n<li><strong>Papier biod\u00e9gradable :<\/strong> les bandes sont fabriqu\u00e9es en papier biod\u00e9gradable, ce qui signifie qu&rsquo;elles se d\u00e9composent naturellement dans le sol, sans laisser de r\u00e9sidus polluants et en contribuant \u00e0 la protection de l&rsquo;environnement.<\/li>\n<li><strong>Vari\u00e9t\u00e9 Rodelika :<\/strong> La carotte Rodelika est connue pour sa couleur intense, son go\u00fbt sucr\u00e9 et sa teneur \u00e9lev\u00e9e en nutriments, ce qui en fait un choix sain et d\u00e9licieux pour votre jardin.<\/li>\n<li><strong>Culture biologique :<\/strong> Ces bandes de semences sont produites de mani\u00e8re biologique, sans utilisation de produits chimiques, ce qui garantit une croissance naturelle et saine de vos carottes.<\/li>\n<\/ul>\n<p>Simplifiez la culture des carottes dans votre jardin avec nos bandes de semences de carottes Rodelika. Vous obtiendrez une r\u00e9colte uniforme, saine et savoureuse avec un minimum d&rsquo;efforts, tout en respectant l&rsquo;environnement gr\u00e2ce \u00e0 cette solution pratique et durable. <\/p>\n<p>&nbsp;<\/p>\n","protected":false},"featured_media":31483,"comment_status":"open","ping_status":"closed","template":"","meta":{"_acf_changed":false},"product_brand":[],"product_cat":[1312,424],"product_tag":[1579],"woo-feed-brand":[],"class_list":{"0":"post-38650","1":"product","2":"type-product","3":"status-publish","4":"has-post-thumbnail","6":"product_cat-bandes-de-graines","7":"product_cat-semences-biologiques","8":"product_tag-eco","10":"first","11":"instock","12":"taxable","13":"shipping-taxable","14":"purchasable","15":"product-type-simple"},"acf":[],"_links":{"self":[{"href":"https:\/\/cultivers.es\/fr\/wp-json\/wp\/v2\/product\/38650","targetHints":{"allow":["GET"]}}],"collection":[{"href":"https:\/\/cultivers.es\/fr\/wp-json\/wp\/v2\/product"}],"about":[{"href":"https:\/\/cultivers.es\/fr\/wp-json\/wp\/v2\/types\/product"}],"replies":[{"embeddable":true,"href":"https:\/\/cultivers.es\/fr\/wp-json\/wp\/v2\/comments?post=38650"}],"wp:featuredmedia":[{"embeddable":true,"href":"https:\/\/cultivers.es\/fr\/wp-json\/wp\/v2\/media\/31483"}],"wp:attachment":[{"href":"https:\/\/cultivers.es\/fr\/wp-json\/wp\/v2\/media?parent=38650"}],"wp:term":[{"taxonomy":"product_brand","embeddable":true,"href":"https:\/\/cultivers.es\/fr\/wp-json\/wp\/v2\/product_brand?post=38650"},{"taxonomy":"product_cat","embeddable":true,"href":"https:\/\/cultivers.es\/fr\/wp-json\/wp\/v2\/product_cat?post=38650"},{"taxonomy":"product_tag","embeddable":true,"href":"https:\/\/cultivers.es\/fr\/wp-json\/wp\/v2\/product_tag?post=38650"},{"taxonomy":"woo-feed-brand","embeddable":true,"href":"https:\/\/cultivers.es\/fr\/wp-json\/wp\/v2\/woo-feed-brand?post=38650"}],"curies":[{"name":"wp","href":"https:\/\/api.w.org\/{rel}","templated":true}]}}