{"id":38657,"date":"2024-08-16T12:47:48","date_gmt":"2024-08-16T12:47:48","guid":{"rendered":"https:\/\/cultivers.es\/abonos\/graines-de-legumes-asiatiques-golden-frills-en-lanieres\/"},"modified":"2025-11-22T11:45:46","modified_gmt":"2025-11-22T11:45:46","slug":"graines-de-legumes-asiatiques-golden-frills-en-lanieres","status":"publish","type":"product","link":"https:\/\/cultivers.es\/fr\/abonnements\/graines-de-legumes-asiatiques-golden-frills-en-lanieres\/","title":{"rendered":"Graines de l\u00e9gumes asiatiques Golden Frills en lani\u00e8res"},"content":{"rendered":"","protected":false},"excerpt":{"rendered":"<p>Ajoutez une touche exotique et nutritive \u00e0 votre jardin avec nos bandes de graines de l\u00e9gumes asiatiques Golden Frills. Cette vari\u00e9t\u00e9 se caract\u00e9rise par ses feuilles finement enroul\u00e9es et son go\u00fbt \u00e9pic\u00e9 et rafra\u00eechissant. Les bandes de 5 m\u00e8tres, fabriqu\u00e9es \u00e0 partir de papier biod\u00e9gradable, offrent un moyen facile et \u00e9cologique de cultiver vos propres l\u00e9gumes asiatiques \u00e0 la maison.  <\/p>\n<ul>\n<li><strong>Semis facile :<\/strong> simplifiez le semis de vos l\u00e9gumes asiatiques. Avec ces bandes de semences, il vous suffit d&rsquo;\u00e9taler la bande sur le sol, de recouvrir l\u00e9g\u00e8rement de terre et d&rsquo;arroser - pas de tracas et des r\u00e9sultats uniformes !  <\/li>\n<li><strong>Germination optimale :<\/strong> les graines sont r\u00e9parties uniform\u00e9ment sur la bande, ce qui garantit une germination r\u00e9guli\u00e8re et une croissance \u00e9quilibr\u00e9e, en exploitant au mieux l&rsquo;espace disponible dans votre jardin.<\/li>\n<li><strong>Papier biod\u00e9gradable :<\/strong> ces bandes sont fabriqu\u00e9es en papier biod\u00e9gradable qui se d\u00e9compose naturellement dans le sol, sans laisser de r\u00e9sidus, contribuant ainsi \u00e0 une culture plus durable et plus respectueuse de l&rsquo;environnement.<\/li>\n<li><strong>Vari\u00e9t\u00e9 Golden<\/strong> Frills <strong>:<\/strong> Le l\u00e9gume asiatique Golden Frills se distingue par ses feuilles fris\u00e9es et son go\u00fbt unique, id\u00e9al pour les salades, les saut\u00e9s et les plats d&rsquo;accompagnement. Il ajoute une touche de sophistication et de sant\u00e9 \u00e0 vos plats. <\/li>\n<li><strong>Culture biologique :<\/strong> Les bandes de semences sont produites de mani\u00e8re biologique, sans utilisation de produits chimiques, ce qui garantit que vos l\u00e9gumes poussent naturellement et en toute s\u00e9curit\u00e9.<\/li>\n<\/ul>\n<p>Facilitez la culture des l\u00e9gumes asiatiques dans votre jardin et rendez-la plus efficace gr\u00e2ce \u00e0 nos bandes de graines de l\u00e9gumes asiatiques Golden Frills. Profitez d&rsquo;une r\u00e9colte savoureuse, nutritive et saine avec un minimum d&rsquo;effort et un maximum de respect pour l&rsquo;environnement. <\/p>\n","protected":false},"featured_media":31459,"comment_status":"open","ping_status":"closed","template":"","meta":{"_acf_changed":false},"product_brand":[],"product_cat":[1312,424],"product_tag":[1579],"woo-feed-brand":[],"class_list":{"0":"post-38657","1":"product","2":"type-product","3":"status-publish","4":"has-post-thumbnail","6":"product_cat-bandes-de-graines","7":"product_cat-semences-biologiques","8":"product_tag-eco","10":"first","11":"instock","12":"sale","13":"taxable","14":"shipping-taxable","15":"purchasable","16":"product-type-simple"},"acf":[],"_links":{"self":[{"href":"https:\/\/cultivers.es\/fr\/wp-json\/wp\/v2\/product\/38657","targetHints":{"allow":["GET"]}}],"collection":[{"href":"https:\/\/cultivers.es\/fr\/wp-json\/wp\/v2\/product"}],"about":[{"href":"https:\/\/cultivers.es\/fr\/wp-json\/wp\/v2\/types\/product"}],"replies":[{"embeddable":true,"href":"https:\/\/cultivers.es\/fr\/wp-json\/wp\/v2\/comments?post=38657"}],"wp:featuredmedia":[{"embeddable":true,"href":"https:\/\/cultivers.es\/fr\/wp-json\/wp\/v2\/media\/31459"}],"wp:attachment":[{"href":"https:\/\/cultivers.es\/fr\/wp-json\/wp\/v2\/media?parent=38657"}],"wp:term":[{"taxonomy":"product_brand","embeddable":true,"href":"https:\/\/cultivers.es\/fr\/wp-json\/wp\/v2\/product_brand?post=38657"},{"taxonomy":"product_cat","embeddable":true,"href":"https:\/\/cultivers.es\/fr\/wp-json\/wp\/v2\/product_cat?post=38657"},{"taxonomy":"product_tag","embeddable":true,"href":"https:\/\/cultivers.es\/fr\/wp-json\/wp\/v2\/product_tag?post=38657"},{"taxonomy":"woo-feed-brand","embeddable":true,"href":"https:\/\/cultivers.es\/fr\/wp-json\/wp\/v2\/woo-feed-brand?post=38657"}],"curies":[{"name":"wp","href":"https:\/\/api.w.org\/{rel}","templated":true}]}}