{"id":38790,"date":"2024-08-16T13:05:53","date_gmt":"2024-08-16T13:05:53","guid":{"rendered":"https:\/\/cultivers.es\/abonos\/bande-de-semences-de-radis-sora\/"},"modified":"2025-12-26T07:21:10","modified_gmt":"2025-12-26T07:21:10","slug":"bande-de-semences-de-radis-sora","status":"publish","type":"product","link":"https:\/\/cultivers.es\/fr\/abonnements\/bande-de-semences-de-radis-sora\/","title":{"rendered":"Bande de semences de radis Sora"},"content":{"rendered":"","protected":false},"excerpt":{"rendered":"<p>Obtenez facilement des radis frais et croquants gr\u00e2ce \u00e0 nos bandes de graines de radis Sora. Cette vari\u00e9t\u00e9, connue pour sa croissance rapide et son go\u00fbt doux et rafra\u00eechissant, est parfaite pour ceux qui veulent profiter d&rsquo;une r\u00e9colte rapide et saine. Les bandes de 5 m\u00e8tres, fabriqu\u00e9es \u00e0 partir de papier biod\u00e9gradable, rendent le processus de plantation plus facile et plus efficace, ce qui est id\u00e9al pour tout jardin ou potager.  <\/p>\n<ul>\n<li><strong>Semis facile :<\/strong> simplifiez le processus de semis avec nos bandes de semis. Il vous suffit de d\u00e9plier la bande sur le sol, de la recouvrir l\u00e9g\u00e8rement et d&rsquo;arroser. C&rsquo;est aussi simple que cela de cultiver des radis dans votre jardin !  <\/li>\n<li><strong>Germination rapide et optimale :<\/strong> Les graines sont r\u00e9parties uniform\u00e9ment sur la bande, ce qui garantit une germination uniforme et une croissance rapide. Vous pourrez ainsi savourer vos radis en quelques semaines seulement ! <\/li>\n<li><strong>Papier biod\u00e9gradable :<\/strong> les bandes sont fabriqu\u00e9es en papier biod\u00e9gradable qui se d\u00e9compose naturellement dans le sol, ce qui permet une culture durable sans d\u00e9chets et pr\u00e9serve ainsi l&rsquo;environnement.<\/li>\n<li><strong>Vari\u00e9t\u00e9 Sora :<\/strong> Le radis Sora est connu pour sa maturation rapide et sa saveur douce, id\u00e9ale pour les salades fra\u00eeches et les plats d&rsquo;accompagnement. Sa couleur \u00e9clatante et sa texture croquante en font un compl\u00e9ment attrayant \u00e0 tous les plats. <\/li>\n<li><strong>Culture biologique :<\/strong> Ces bandes de semences sont produites de mani\u00e8re biologique, sans pesticides ni produits chimiques, ce qui garantit une croissance naturelle et saine de vos radis.<\/li>\n<\/ul>\n<p>Avec nos bandes de semences de radis Sora, la culture des radis est rapide, facile et durable. Profitez d&rsquo;une r\u00e9colte fra\u00eeche et croquante en un rien de temps, tout en contribuant \u00e0 la protection de l&rsquo;environnement. <\/p>\n","protected":false},"featured_media":31471,"comment_status":"open","ping_status":"closed","template":"","meta":{"_acf_changed":false},"product_brand":[],"product_cat":[1312,424],"product_tag":[1579],"class_list":{"0":"post-38790","1":"product","2":"type-product","3":"status-publish","4":"has-post-thumbnail","6":"product_cat-bandes-de-graines","7":"product_cat-semences-biologiques","8":"product_tag-eco","10":"first","11":"instock","12":"sale","13":"taxable","14":"shipping-taxable","15":"purchasable","16":"product-type-simple"},"acf":[],"_links":{"self":[{"href":"https:\/\/cultivers.es\/fr\/wp-json\/wp\/v2\/product\/38790","targetHints":{"allow":["GET"]}}],"collection":[{"href":"https:\/\/cultivers.es\/fr\/wp-json\/wp\/v2\/product"}],"about":[{"href":"https:\/\/cultivers.es\/fr\/wp-json\/wp\/v2\/types\/product"}],"replies":[{"embeddable":true,"href":"https:\/\/cultivers.es\/fr\/wp-json\/wp\/v2\/comments?post=38790"}],"wp:featuredmedia":[{"embeddable":true,"href":"https:\/\/cultivers.es\/fr\/wp-json\/wp\/v2\/media\/31471"}],"wp:attachment":[{"href":"https:\/\/cultivers.es\/fr\/wp-json\/wp\/v2\/media?parent=38790"}],"wp:term":[{"taxonomy":"product_brand","embeddable":true,"href":"https:\/\/cultivers.es\/fr\/wp-json\/wp\/v2\/product_brand?post=38790"},{"taxonomy":"product_cat","embeddable":true,"href":"https:\/\/cultivers.es\/fr\/wp-json\/wp\/v2\/product_cat?post=38790"},{"taxonomy":"product_tag","embeddable":true,"href":"https:\/\/cultivers.es\/fr\/wp-json\/wp\/v2\/product_tag?post=38790"}],"curies":[{"name":"wp","href":"https:\/\/api.w.org\/{rel}","templated":true}]}}