{"id":38791,"date":"2024-08-16T13:10:34","date_gmt":"2024-08-16T13:10:34","guid":{"rendered":"https:\/\/cultivers.es\/abonos\/bande-de-semences-de-mache\/"},"modified":"2025-11-22T11:45:46","modified_gmt":"2025-11-22T11:45:46","slug":"bande-de-semences-de-mache","status":"publish","type":"product","link":"https:\/\/cultivers.es\/fr\/abonnements\/bande-de-semences-de-mache\/","title":{"rendered":"Bande de semences de m\u00e2che"},"content":{"rendered":"","protected":false},"excerpt":{"rendered":"<p>Profitez de la douceur et de la fra\u00eecheur de la m\u00e2che avec nos bandes de graines de m\u00e2che. Cette feuille verte, appr\u00e9ci\u00e9e pour sa saveur d\u00e9licate et ses propri\u00e9t\u00e9s nutritionnelles, est id\u00e9ale pour les salades et les accompagnements. Les bandes de 5 m\u00e8tres, fabriqu\u00e9es \u00e0 partir de papier biod\u00e9gradable, vous permettent de cultiver la m\u00e2che facilement et \u00e9cologiquement dans votre jardin ou votre potager, en assurant une germination uniforme et sans effort.  <\/p>\n<ul>\n<li><strong>Semis facile :<\/strong> Oubliez la corv\u00e9e d&rsquo;espacement des graines. Il suffit d&rsquo;\u00e9taler la bande sur le sol, de la recouvrir l\u00e9g\u00e8rement de terre et d&rsquo;arroser - voil\u00e0 comment il est facile de cultiver de la m\u00e2che \u00e0 la maison !  <\/li>\n<li><strong>Germination uniforme :<\/strong> Les graines sont r\u00e9parties uniform\u00e9ment sur la bande, ce qui garantit une germination r\u00e9guli\u00e8re et une croissance \u00e9quilibr\u00e9e, optimisant ainsi l&rsquo;espace dans votre jardin.<\/li>\n<li><strong>Papier biod\u00e9gradable :<\/strong> ces bandes sont fabriqu\u00e9es en papier biod\u00e9gradable qui se d\u00e9compose naturellement dans le sol, sans laisser de r\u00e9sidus, contribuant ainsi \u00e0 une culture plus durable et plus respectueuse de l&rsquo;environnement.<\/li>\n<li><strong>Vari\u00e9t\u00e9 nutritive :<\/strong> la m\u00e2che est riche en vitamines et en min\u00e9raux, ce qui en fait un excellent choix pour les salades fra\u00eeches et saines. Sa saveur douce et sa texture tendre en font un accompagnement id\u00e9al pour tous les plats. <\/li>\n<li><strong>Culture biologique :<\/strong> les bandes de semences sont produites de mani\u00e8re biologique, sans pesticides ni engrais chimiques, ce qui garantit une croissance naturelle et saine de votre m\u00e2che.<\/li>\n<\/ul>\n<p>Simplifiez la culture de la m\u00e2che dans votre jardin avec nos bandes de semences de m\u00e2che. Assurez une r\u00e9colte abondante, fra\u00eeche et nutritive avec un minimum d&rsquo;effort, tout en respectant l&rsquo;environnement gr\u00e2ce \u00e0 cette solution pratique et respectueuse de l&rsquo;environnement. <\/p>\n","protected":false},"featured_media":31465,"comment_status":"open","ping_status":"closed","template":"","meta":{"_acf_changed":false},"product_brand":[],"product_cat":[1312,1307,424],"product_tag":[1579],"class_list":{"0":"post-38791","1":"product","2":"type-product","3":"status-publish","4":"has-post-thumbnail","6":"product_cat-bandes-de-graines","7":"product_cat-recommander-des-graines","8":"product_cat-semences-biologiques","9":"product_tag-eco","11":"first","12":"outofstock","13":"sale","14":"taxable","15":"shipping-taxable","16":"purchasable","17":"product-type-simple"},"acf":[],"_links":{"self":[{"href":"https:\/\/cultivers.es\/fr\/wp-json\/wp\/v2\/product\/38791","targetHints":{"allow":["GET"]}}],"collection":[{"href":"https:\/\/cultivers.es\/fr\/wp-json\/wp\/v2\/product"}],"about":[{"href":"https:\/\/cultivers.es\/fr\/wp-json\/wp\/v2\/types\/product"}],"replies":[{"embeddable":true,"href":"https:\/\/cultivers.es\/fr\/wp-json\/wp\/v2\/comments?post=38791"}],"wp:featuredmedia":[{"embeddable":true,"href":"https:\/\/cultivers.es\/fr\/wp-json\/wp\/v2\/media\/31465"}],"wp:attachment":[{"href":"https:\/\/cultivers.es\/fr\/wp-json\/wp\/v2\/media?parent=38791"}],"wp:term":[{"taxonomy":"product_brand","embeddable":true,"href":"https:\/\/cultivers.es\/fr\/wp-json\/wp\/v2\/product_brand?post=38791"},{"taxonomy":"product_cat","embeddable":true,"href":"https:\/\/cultivers.es\/fr\/wp-json\/wp\/v2\/product_cat?post=38791"},{"taxonomy":"product_tag","embeddable":true,"href":"https:\/\/cultivers.es\/fr\/wp-json\/wp\/v2\/product_tag?post=38791"}],"curies":[{"name":"wp","href":"https:\/\/api.w.org\/{rel}","templated":true}]}}