{"id":38792,"date":"2024-08-16T12:54:59","date_gmt":"2024-08-16T12:54:59","guid":{"rendered":"https:\/\/cultivers.es\/abonos\/bandes-de-graines-de-roquette\/"},"modified":"2025-09-22T04:49:47","modified_gmt":"2025-09-22T04:49:47","slug":"bandes-de-graines-de-roquette","status":"publish","type":"product","link":"https:\/\/cultivers.es\/fr\/abonnements\/bandes-de-graines-de-roquette\/","title":{"rendered":"Bandes de graines de roquette"},"content":{"rendered":"","protected":false},"excerpt":{"rendered":"<p>Savourez le go\u00fbt \u00e9pic\u00e9 et rafra\u00eechissant de la roquette en toute simplicit\u00e9 gr\u00e2ce \u00e0 nos bandes de graines de roquette. Ces bandes de 5 m\u00e8tres, fabriqu\u00e9es \u00e0 partir de papier biod\u00e9gradable, vous permettent de cultiver facilement ce l\u00e9gume populaire dans votre jardin ou votre jardin familial, en garantissant une germination uniforme et une culture biologique. <\/p>\n<ul>\n<li><strong>Semis facile :<\/strong> Oubliez la corv\u00e9e de l&rsquo;espacement manuel des graines. Il suffit de d\u00e9plier la bande sur le sol, de la recouvrir l\u00e9g\u00e8rement de terre et d&rsquo;arroser - voil\u00e0 comment il est facile de cultiver des roquettes dans votre jardin !  <\/li>\n<li><strong>Germination optimale :<\/strong> les graines sont r\u00e9parties uniform\u00e9ment sur la bande, ce qui assure une germination homog\u00e8ne et une croissance \u00e9quilibr\u00e9e des plantes, en optimisant l&rsquo;espace disponible.<\/li>\n<li><strong>Papier biod\u00e9gradable :<\/strong> les bandes sont fabriqu\u00e9es en papier biod\u00e9gradable qui se d\u00e9compose naturellement dans le sol, contribuant ainsi \u00e0 une culture plus propre et plus durable sans laisser de r\u00e9sidus.<\/li>\n<li><strong>Vari\u00e9t\u00e9 nutritive :<\/strong> La roquette est connue pour son go\u00fbt l\u00e9g\u00e8rement \u00e9pic\u00e9 et ses propri\u00e9t\u00e9s nutritionnelles, car elle est riche en vitamines et en min\u00e9raux. Elle est id\u00e9ale pour les salades, les accompagnements et les plats frais. <\/li>\n<li><strong>Culture biologique :<\/strong> ces bandes de semences sont produites de mani\u00e8re biologique, sans utilisation de pesticides ou d&rsquo;engrais chimiques, ce qui garantit une croissance naturelle et saine.<\/li>\n<\/ul>\n<p>Simplifiez la culture de la roquette dans votre jardin gr\u00e2ce \u00e0 nos bandes de graines de roquette. Assurez une r\u00e9colte abondante, fra\u00eeche et savoureuse avec un minimum d&rsquo;effort, tout en respectant l&rsquo;environnement. <\/p>\n","protected":false},"featured_media":31477,"comment_status":"open","ping_status":"closed","template":"","meta":{"_acf_changed":false},"product_brand":[],"product_cat":[1312,424],"product_tag":[1579],"woo-feed-brand":[],"class_list":{"0":"post-38792","1":"product","2":"type-product","3":"status-publish","4":"has-post-thumbnail","6":"product_cat-bandes-de-graines","7":"product_cat-semences-biologiques","8":"product_tag-eco","10":"first","11":"instock","12":"sale","13":"taxable","14":"shipping-taxable","15":"purchasable","16":"product-type-simple"},"acf":[],"_links":{"self":[{"href":"https:\/\/cultivers.es\/fr\/wp-json\/wp\/v2\/product\/38792","targetHints":{"allow":["GET"]}}],"collection":[{"href":"https:\/\/cultivers.es\/fr\/wp-json\/wp\/v2\/product"}],"about":[{"href":"https:\/\/cultivers.es\/fr\/wp-json\/wp\/v2\/types\/product"}],"replies":[{"embeddable":true,"href":"https:\/\/cultivers.es\/fr\/wp-json\/wp\/v2\/comments?post=38792"}],"wp:featuredmedia":[{"embeddable":true,"href":"https:\/\/cultivers.es\/fr\/wp-json\/wp\/v2\/media\/31477"}],"wp:attachment":[{"href":"https:\/\/cultivers.es\/fr\/wp-json\/wp\/v2\/media?parent=38792"}],"wp:term":[{"taxonomy":"product_brand","embeddable":true,"href":"https:\/\/cultivers.es\/fr\/wp-json\/wp\/v2\/product_brand?post=38792"},{"taxonomy":"product_cat","embeddable":true,"href":"https:\/\/cultivers.es\/fr\/wp-json\/wp\/v2\/product_cat?post=38792"},{"taxonomy":"product_tag","embeddable":true,"href":"https:\/\/cultivers.es\/fr\/wp-json\/wp\/v2\/product_tag?post=38792"},{"taxonomy":"woo-feed-brand","embeddable":true,"href":"https:\/\/cultivers.es\/fr\/wp-json\/wp\/v2\/woo-feed-brand?post=38792"}],"curies":[{"name":"wp","href":"https:\/\/api.w.org\/{rel}","templated":true}]}}