{"id":38803,"date":"2024-08-19T13:13:21","date_gmt":"2024-08-19T13:13:21","guid":{"rendered":"https:\/\/cultivers.es\/abonos\/tender-and-true-organic-parsnip-seeds-graines-de-panais-tendres-et-vraies\/"},"modified":"2025-09-22T05:12:52","modified_gmt":"2025-09-22T05:12:52","slug":"tender-and-true-organic-parsnip-seeds-graines-de-panais-tendres-et-vraies","status":"publish","type":"product","link":"https:\/\/cultivers.es\/fr\/abonnements\/tender-and-true-organic-parsnip-seeds-graines-de-panais-tendres-et-vraies\/","title":{"rendered":"Graines de panais tendres et vraies"},"content":{"rendered":"","protected":false},"excerpt":{"rendered":"<p>Cultivez le go\u00fbt authentique de la tradition avec nos graines de poivre de Piquillo biologique. Ce poivron embl\u00e9matique, originaire de Navarre, est c\u00e9l\u00e8bre pour sa saveur douce et sa texture onctueuse, id\u00e9ale pour r\u00f4tir, farcir ou conserver. Ajoutez une touche traditionnelle \u00e0 votre jardin avec cette vari\u00e9t\u00e9 qui a \u00e9t\u00e9 un \u00e9l\u00e9ment essentiel de la gastronomie espagnole.  <\/p>\n<ul>\n<li><strong>Go\u00fbt doux et sucr\u00e9 :<\/strong> le piment de Piquillo se caract\u00e9rise par son go\u00fbt doux et l\u00e9g\u00e8rement fruit\u00e9 et sa texture tendre, ce qui en fait un ingr\u00e9dient polyvalent pour une grande vari\u00e9t\u00e9 de recettes, des tapas aux plats principaux.<\/li>\n<li><strong>Id\u00e9al pour le r\u00f4tissage et la conservation :<\/strong> Les poivrons piquillos sont parfaits pour \u00eatre r\u00f4tis, car leur peau s&rsquo;enl\u00e8ve facilement apr\u00e8s la cuisson, ce qui permet de pr\u00e9server leur saveur unique. Ils sont \u00e9galement parfaits pour la mise en conserve et la d\u00e9gustation tout au long de l&rsquo;ann\u00e9e. <\/li>\n<li><strong>Taille compacte :<\/strong> cette vari\u00e9t\u00e9 produit des fruits de petite taille, de forme triangulaire, faciles \u00e0 manipuler et parfaits pour \u00eatre farcis avec diff\u00e9rentes pr\u00e9parations, telles que du fromage, des fruits de mer ou de la viande.<\/li>\n<li><strong>Culture productive :<\/strong> les plants de Piquillo sont compacts et robustes, offrant un rendement g\u00e9n\u00e9reux et constant de piments tout au long de la saison de r\u00e9colte. Parfait pour les jardiniers \u00e0 la recherche de rendement et de qualit\u00e9. <\/li>\n<li><strong>Culture biologique :<\/strong> Nos graines de poivron Piquillo sont 100% biologiques, garantissant un produit sain et durable pour votre jardin, exempt de pesticides et d&rsquo;engrais chimiques.<\/li>\n<\/ul>\n<p>Apportez le go\u00fbt authentique des poivrons Piquillo dans votre jardin avec nos semences biologiques ! Profitez d&rsquo;une r\u00e9colte abondante de ce poivron traditionnel et polyvalent qui rehaussera vos recettes. Commandez d\u00e8s aujourd&rsquo;hui et commencez \u00e0 cultiver le go\u00fbt de la gastronomie espagnole chez vous !  <\/p>\n","protected":false},"featured_media":31674,"comment_status":"open","ping_status":"closed","template":"","meta":{"_acf_changed":false},"product_brand":[],"product_cat":[426,424],"product_tag":[1579],"class_list":{"0":"post-38803","1":"product","2":"type-product","3":"status-publish","4":"has-post-thumbnail","6":"product_cat-graines-de-racines-biologiques","7":"product_cat-semences-biologiques","8":"product_tag-eco","10":"first","11":"instock","12":"sale","13":"taxable","14":"shipping-taxable","15":"purchasable","16":"product-type-simple"},"acf":[],"_links":{"self":[{"href":"https:\/\/cultivers.es\/fr\/wp-json\/wp\/v2\/product\/38803","targetHints":{"allow":["GET"]}}],"collection":[{"href":"https:\/\/cultivers.es\/fr\/wp-json\/wp\/v2\/product"}],"about":[{"href":"https:\/\/cultivers.es\/fr\/wp-json\/wp\/v2\/types\/product"}],"replies":[{"embeddable":true,"href":"https:\/\/cultivers.es\/fr\/wp-json\/wp\/v2\/comments?post=38803"}],"wp:featuredmedia":[{"embeddable":true,"href":"https:\/\/cultivers.es\/fr\/wp-json\/wp\/v2\/media\/31674"}],"wp:attachment":[{"href":"https:\/\/cultivers.es\/fr\/wp-json\/wp\/v2\/media?parent=38803"}],"wp:term":[{"taxonomy":"product_brand","embeddable":true,"href":"https:\/\/cultivers.es\/fr\/wp-json\/wp\/v2\/product_brand?post=38803"},{"taxonomy":"product_cat","embeddable":true,"href":"https:\/\/cultivers.es\/fr\/wp-json\/wp\/v2\/product_cat?post=38803"},{"taxonomy":"product_tag","embeddable":true,"href":"https:\/\/cultivers.es\/fr\/wp-json\/wp\/v2\/product_tag?post=38803"}],"curies":[{"name":"wp","href":"https:\/\/api.w.org\/{rel}","templated":true}]}}