{"id":38812,"date":"2024-08-19T13:13:25","date_gmt":"2024-08-19T13:13:25","guid":{"rendered":"https:\/\/cultivers.es\/abonos\/birdhouse-organic-pumpkin-seeds-graines-de-citrouille-biologiques\/"},"modified":"2025-09-22T05:12:40","modified_gmt":"2025-09-22T05:12:40","slug":"birdhouse-organic-pumpkin-seeds-graines-de-citrouille-biologiques","status":"publish","type":"product","link":"https:\/\/cultivers.es\/fr\/abonnements\/birdhouse-organic-pumpkin-seeds-graines-de-citrouille-biologiques\/","title":{"rendered":"Graines de citrouille en forme de maison d&rsquo;oiseau"},"content":{"rendered":"","protected":false},"excerpt":{"rendered":"<p>D\u00e9couvrez le charme du potiron en forme de maison d&rsquo;oiseau avec nos graines de potiron biologique. Cette vari\u00e9t\u00e9 de citrouille, appr\u00e9ci\u00e9e pour sa forme unique et sa capacit\u00e9 \u00e0 attirer les oiseaux, est parfaite pour ceux qui recherchent une touche d\u00e9corative dans leur jardin. Veuillez noter que ces courges ne sont pas comestibles, mais qu&rsquo;elles constituent une merveilleuse option pour embellir votre espace et cr\u00e9er des refuges pour la faune.  <\/p>\n<ul>\n<li><strong>Forme unique :<\/strong> la citrouille maison d&rsquo;oiseau se caract\u00e9rise par sa forme et sa taille distinctives, ce qui en fait un excellent choix pour les d\u00e9corations d&rsquo;automne et les projets de jardinage cr\u00e9atifs.<\/li>\n<li><strong>Attirer les oiseaux :<\/strong> ces courges sont id\u00e9ales pour fabriquer des mangeoires ou des nichoirs. Avec un peu de cr\u00e9ativit\u00e9, vous pouvez les transformer en maisons douillettes pour les oiseaux, contribuant ainsi \u00e0 la biodiversit\u00e9 de votre jardin. <\/li>\n<li><strong>Non comestible :<\/strong> Il est important de noter que les gourdes pour nichoirs ne conviennent pas \u00e0 la consommation humaine. Elles sont principalement utilis\u00e9es \u00e0 des fins d\u00e9coratives ou fonctionnelles dans le cadre de projets visant \u00e0 attirer les oiseaux. <\/li>\n<li><strong>Faciles \u00e0 cultiver :<\/strong> ces graines sont faciles \u00e0 cultiver et s&rsquo;adaptent bien \u00e0 diff\u00e9rents types de sols et de climats, offrant une option simple pour ajouter une touche sp\u00e9ciale \u00e0 votre jardin.<\/li>\n<li><strong>Culture biologique :<\/strong> nos graines de citrouille Birdhouse sont 100 % biologiques, garantissant une croissance naturelle sans utilisation de produits chimiques, ce qui est b\u00e9n\u00e9fique \u00e0 la fois pour votre jardin et pour l&rsquo;environnement.<\/li>\n<\/ul>\n<p>Embellissez votre jardin et aidez la faune avec nos graines de citrouille pour nid d&rsquo;oiseau biologique ! Bien qu&rsquo;elles ne soient pas comestibles, elles offrent une excellente occasion de d\u00e9corer et d&rsquo;attirer les oiseaux dans votre espace. Commandez d\u00e8s aujourd&rsquo;hui et commencez \u00e0 profiter de la beaut\u00e9 et de la fonctionnalit\u00e9 de ces courges uniques !  <\/p>\n","protected":false},"featured_media":31595,"comment_status":"open","ping_status":"closed","template":"","meta":{"_acf_changed":false},"product_brand":[],"product_cat":[424,430],"product_tag":[1579],"woo-feed-brand":[],"class_list":{"0":"post-38812","1":"product","2":"type-product","3":"status-publish","4":"has-post-thumbnail","6":"product_cat-semences-biologiques","7":"product_cat-semences-de-fruits-et-legumes-biologiques","8":"product_tag-eco","10":"first","11":"instock","12":"taxable","13":"shipping-taxable","14":"purchasable","15":"product-type-simple"},"acf":[],"_links":{"self":[{"href":"https:\/\/cultivers.es\/fr\/wp-json\/wp\/v2\/product\/38812","targetHints":{"allow":["GET"]}}],"collection":[{"href":"https:\/\/cultivers.es\/fr\/wp-json\/wp\/v2\/product"}],"about":[{"href":"https:\/\/cultivers.es\/fr\/wp-json\/wp\/v2\/types\/product"}],"replies":[{"embeddable":true,"href":"https:\/\/cultivers.es\/fr\/wp-json\/wp\/v2\/comments?post=38812"}],"wp:featuredmedia":[{"embeddable":true,"href":"https:\/\/cultivers.es\/fr\/wp-json\/wp\/v2\/media\/31595"}],"wp:attachment":[{"href":"https:\/\/cultivers.es\/fr\/wp-json\/wp\/v2\/media?parent=38812"}],"wp:term":[{"taxonomy":"product_brand","embeddable":true,"href":"https:\/\/cultivers.es\/fr\/wp-json\/wp\/v2\/product_brand?post=38812"},{"taxonomy":"product_cat","embeddable":true,"href":"https:\/\/cultivers.es\/fr\/wp-json\/wp\/v2\/product_cat?post=38812"},{"taxonomy":"product_tag","embeddable":true,"href":"https:\/\/cultivers.es\/fr\/wp-json\/wp\/v2\/product_tag?post=38812"},{"taxonomy":"woo-feed-brand","embeddable":true,"href":"https:\/\/cultivers.es\/fr\/wp-json\/wp\/v2\/woo-feed-brand?post=38812"}],"curies":[{"name":"wp","href":"https:\/\/api.w.org\/{rel}","templated":true}]}}