{"id":38813,"date":"2024-08-19T13:13:25","date_gmt":"2024-08-19T13:13:25","guid":{"rendered":"https:\/\/cultivers.es\/abonos\/longue-de-nice-graines-de-courge-bio\/"},"modified":"2025-09-22T05:12:34","modified_gmt":"2025-09-22T05:12:34","slug":"longue-de-nice-graines-de-courge-bio","status":"publish","type":"product","link":"https:\/\/cultivers.es\/fr\/abonnements\/longue-de-nice-graines-de-courge-bio\/","title":{"rendered":"Graines de courge Longue de Nice"},"content":{"rendered":"","protected":false},"excerpt":{"rendered":"<p>Embellissez votre jardin avec nos graines de citrouille &lsquo;Longue de Nice&rsquo; biologiques. Cette vari\u00e9t\u00e9 classique est connue pour ses fruits allong\u00e9s et son excellente saveur, id\u00e9ale pour la cuisine et la d\u00e9coration. Originaire de France, la courge &lsquo;Longue de Nice&rsquo; est r\u00e9put\u00e9e pour son rendement abondant et son adaptabilit\u00e9 \u00e0 diff\u00e9rentes conditions de culture.  <\/p>\n<ul>\n<li><strong>Forme allong\u00e9e :<\/strong> La citrouille \u00ab\u00a0Longue de Nice\u00a0\u00bb se caract\u00e9rise par ses fruits longs et cylindriques, qui peuvent atteindre jusqu&rsquo;\u00e0 30 cm de long. Sa forme particuli\u00e8re est non seulement attrayante, mais elle facilite \u00e9galement son utilisation dans diverses pr\u00e9parations culinaires. <\/li>\n<li><strong>Saveur douce et sucr\u00e9e :<\/strong> Cette vari\u00e9t\u00e9 est appr\u00e9ci\u00e9e pour sa saveur douce et l\u00e9g\u00e8rement sucr\u00e9e, ce qui la rend id\u00e9ale pour un large \u00e9ventail de recettes, des soupes et pur\u00e9es aux rago\u00fbts et g\u00e2teaux.<\/li>\n<li><strong>Production \u00e9lev\u00e9e :<\/strong> Le potiron &lsquo;Longue de Nice&rsquo; est connu pour son rendement \u00e9lev\u00e9, produisant des fruits en abondance pendant la saison de croissance. C&rsquo;est un excellent choix pour les jardins familiaux et communautaires. <\/li>\n<li><strong>Facile \u00e0 cultiver :<\/strong> s&rsquo;adapte bien \u00e0 diff\u00e9rents types de sols et de conditions climatiques, et est relativement facile \u00e0 cultiver. Id\u00e9ale pour les jardiniers de tous niveaux. <\/li>\n<li><strong>Culture biologique :<\/strong> nos semences sont biologiques, cultiv\u00e9es sans pesticides ni engrais chimiques, ce qui garantit une croissance naturelle et saine, tant pour la culture que pour l&rsquo;environnement.<\/li>\n<\/ul>\n<p>Ajoutez une touche sp\u00e9ciale \u00e0 votre jardin avec le potiron &lsquo;Longue de Nice&rsquo; ! Achetez nos semences biologiques et profitez de fruits longs, d\u00e9licieux et abondants qui apporteront saveur et beaut\u00e9 \u00e0 vos plats et \u00e0 votre jardin. Commandez d\u00e8s aujourd&rsquo;hui et commencez \u00e0 cultiver cette merveilleuse vari\u00e9t\u00e9 !  <\/p>\n","protected":false},"featured_media":31602,"comment_status":"open","ping_status":"closed","template":"","meta":{"_acf_changed":false},"product_brand":[],"product_cat":[424,430],"product_tag":[1579],"woo-feed-brand":[],"class_list":{"0":"post-38813","1":"product","2":"type-product","3":"status-publish","4":"has-post-thumbnail","6":"product_cat-semences-biologiques","7":"product_cat-semences-de-fruits-et-legumes-biologiques","8":"product_tag-eco","10":"first","11":"instock","12":"taxable","13":"shipping-taxable","14":"purchasable","15":"product-type-simple"},"acf":[],"_links":{"self":[{"href":"https:\/\/cultivers.es\/fr\/wp-json\/wp\/v2\/product\/38813","targetHints":{"allow":["GET"]}}],"collection":[{"href":"https:\/\/cultivers.es\/fr\/wp-json\/wp\/v2\/product"}],"about":[{"href":"https:\/\/cultivers.es\/fr\/wp-json\/wp\/v2\/types\/product"}],"replies":[{"embeddable":true,"href":"https:\/\/cultivers.es\/fr\/wp-json\/wp\/v2\/comments?post=38813"}],"wp:featuredmedia":[{"embeddable":true,"href":"https:\/\/cultivers.es\/fr\/wp-json\/wp\/v2\/media\/31602"}],"wp:attachment":[{"href":"https:\/\/cultivers.es\/fr\/wp-json\/wp\/v2\/media?parent=38813"}],"wp:term":[{"taxonomy":"product_brand","embeddable":true,"href":"https:\/\/cultivers.es\/fr\/wp-json\/wp\/v2\/product_brand?post=38813"},{"taxonomy":"product_cat","embeddable":true,"href":"https:\/\/cultivers.es\/fr\/wp-json\/wp\/v2\/product_cat?post=38813"},{"taxonomy":"product_tag","embeddable":true,"href":"https:\/\/cultivers.es\/fr\/wp-json\/wp\/v2\/product_tag?post=38813"},{"taxonomy":"woo-feed-brand","embeddable":true,"href":"https:\/\/cultivers.es\/fr\/wp-json\/wp\/v2\/woo-feed-brand?post=38813"}],"curies":[{"name":"wp","href":"https:\/\/api.w.org\/{rel}","templated":true}]}}