{"id":38820,"date":"2024-08-19T13:13:26","date_gmt":"2024-08-19T13:13:26","guid":{"rendered":"https:\/\/cultivers.es\/abonos\/cylindra-organic-beetroot-seeds-graines-de-betterave-rouge\/"},"modified":"2025-09-22T05:21:40","modified_gmt":"2025-09-22T05:21:40","slug":"cylindra-organic-beetroot-seeds-graines-de-betterave-rouge","status":"publish","type":"product","link":"https:\/\/cultivers.es\/fr\/abonnements\/cylindra-organic-beetroot-seeds-graines-de-betterave-rouge\/","title":{"rendered":"Graines de betterave Cylindra"},"content":{"rendered":"","protected":false},"excerpt":{"rendered":"<p>D\u00e9couvrez le charme de la culture de votre propre betterave avec nos graines de betterave Cylindra biologique. Cette vari\u00e9t\u00e9 se distingue par sa forme cylindrique, qui la rend facile \u00e0 couper en tranches uniformes et id\u00e9ale pour le marinage. En outre, sa saveur douce et sucr\u00e9e en fait un aliment de choix dans les salades comme dans les plats cuisin\u00e9s.  <\/p>\n<ul>\n<li><strong>Forme cylindrique :<\/strong> Contrairement aux betteraves traditionnelles, la betterave Cylindra a une forme allong\u00e9e qui permet de la couper en tranches fines et uniformes, ce qui facilite sa pr\u00e9paration et sa pr\u00e9sentation en cuisine.<\/li>\n<li><strong>Go\u00fbt sucr\u00e9 et doux :<\/strong> Cette vari\u00e9t\u00e9 est connue pour son go\u00fbt naturellement sucr\u00e9 et sa texture douce, qui se conserve aussi bien crue que cuite. Elle est id\u00e9ale pour les salades, les soupes et les r\u00f4tis. <\/li>\n<li><strong>Facile \u00e0 cultiver :<\/strong> la betterave Cylindra est une plante rustique qui s&rsquo;adapte bien \u00e0 diff\u00e9rents types de sols et de climats. Elle n\u00e9cessite peu d&rsquo;entretien et est id\u00e9ale pour les grands jardins comme pour les petits jardins urbains. <\/li>\n<li><strong>Culture biologique :<\/strong> Nos graines de betterave Cylindra sont cultiv\u00e9es de mani\u00e8re biologique, sans pesticides ni engrais chimiques, ce qui garantit un produit sain et durable pour votre jardin.<\/li>\n<li><strong>Riche en nutriments :<\/strong> La betterave est une excellente source de vitamines, de min\u00e9raux et d&rsquo;antioxydants, ce qui en fait un aliment sain et nutritif \u00e0 inclure dans votre r\u00e9gime alimentaire.<\/li>\n<\/ul>\n<p>Ajoutez une touche sp\u00e9ciale \u00e0 votre jardin et \u00e0 votre cuisine ! Achetez nos graines de betterave Cylindra biologique et profitez d&rsquo;une r\u00e9colte d\u00e9licieuse, saine et facile \u00e0 pr\u00e9parer - parfaite pour un jardin durable et savoureux !  <\/p>\n","protected":false},"featured_media":31570,"comment_status":"open","ping_status":"closed","template":"","meta":{"_acf_changed":false},"product_brand":[],"product_cat":[426,424],"product_tag":[1579],"woo-feed-brand":[],"class_list":{"0":"post-38820","1":"product","2":"type-product","3":"status-publish","4":"has-post-thumbnail","6":"product_cat-graines-de-racines-biologiques","7":"product_cat-semences-biologiques","8":"product_tag-eco","10":"first","11":"outofstock","12":"taxable","13":"shipping-taxable","14":"purchasable","15":"product-type-simple"},"acf":[],"_links":{"self":[{"href":"https:\/\/cultivers.es\/fr\/wp-json\/wp\/v2\/product\/38820","targetHints":{"allow":["GET"]}}],"collection":[{"href":"https:\/\/cultivers.es\/fr\/wp-json\/wp\/v2\/product"}],"about":[{"href":"https:\/\/cultivers.es\/fr\/wp-json\/wp\/v2\/types\/product"}],"replies":[{"embeddable":true,"href":"https:\/\/cultivers.es\/fr\/wp-json\/wp\/v2\/comments?post=38820"}],"wp:featuredmedia":[{"embeddable":true,"href":"https:\/\/cultivers.es\/fr\/wp-json\/wp\/v2\/media\/31570"}],"wp:attachment":[{"href":"https:\/\/cultivers.es\/fr\/wp-json\/wp\/v2\/media?parent=38820"}],"wp:term":[{"taxonomy":"product_brand","embeddable":true,"href":"https:\/\/cultivers.es\/fr\/wp-json\/wp\/v2\/product_brand?post=38820"},{"taxonomy":"product_cat","embeddable":true,"href":"https:\/\/cultivers.es\/fr\/wp-json\/wp\/v2\/product_cat?post=38820"},{"taxonomy":"product_tag","embeddable":true,"href":"https:\/\/cultivers.es\/fr\/wp-json\/wp\/v2\/product_tag?post=38820"},{"taxonomy":"woo-feed-brand","embeddable":true,"href":"https:\/\/cultivers.es\/fr\/wp-json\/wp\/v2\/woo-feed-brand?post=38820"}],"curies":[{"name":"wp","href":"https:\/\/api.w.org\/{rel}","templated":true}]}}