{"id":38829,"date":"2024-08-19T13:13:26","date_gmt":"2024-08-19T13:13:26","guid":{"rendered":"https:\/\/cultivers.es\/abonos\/siempreviva-organic-seeds\/"},"modified":"2025-09-22T05:21:36","modified_gmt":"2025-09-22T05:21:36","slug":"siempreviva-organic-seeds","status":"publish","type":"product","link":"https:\/\/cultivers.es\/fr\/abonnements\/siempreviva-organic-seeds\/","title":{"rendered":"SiempreViva Seeds"},"content":{"rendered":"","protected":false},"excerpt":{"rendered":"<p>Ajoutez une touche de durabilit\u00e9 et de beaut\u00e9 \u00e0 votre jardin avec nos graines d&rsquo;immortelle biologique. Connue pour ses fleurs color\u00e9es et durables, l&rsquo;immortelle est une plante annuelle qui peut fleurir dans une large gamme de couleurs, du blanc au jaune en passant par le rouge et le violet. Parfaite pour les jardins, les compositions florales et les bouquets s\u00e9ch\u00e9s, cette plante est synonyme de beaut\u00e9 p\u00e9renne.  <\/p>\n<ul>\n<li><strong>Floraison durable :<\/strong> les fleurs <strong>\u00e9ternelles<\/strong> sont r\u00e9put\u00e9es pour conserver leur couleur et leur forme m\u00eame apr\u00e8s avoir \u00e9t\u00e9 coup\u00e9es et s\u00e9ch\u00e9es, ce qui en fait le choix id\u00e9al pour les bouquets s\u00e9ch\u00e9s et les compositions florales de longue dur\u00e9e.<\/li>\n<li><strong>Facile \u00e0 cultiver :<\/strong> L&rsquo;Everlasting est une plante rustique qui s&rsquo;adapte bien \u00e0 diff\u00e9rentes conditions de sol et de climat, et qui s&rsquo;\u00e9panouit dans les endroits ensoleill\u00e9s. C&rsquo;est un excellent choix pour les d\u00e9butants comme pour les jardiniers exp\u00e9riment\u00e9s. <\/li>\n<li><strong>Couleurs vives :<\/strong> Cette plante offre une large gamme de couleurs vives, ce qui vous permet de cr\u00e9er des combinaisons accrocheuses dans votre jardin ou vos compositions florales.<\/li>\n<li><strong>Attractif pour les pollinisateurs :<\/strong> En plus de sa valeur ornementale, la plante \u00e0 feuilles persistantes attire les abeilles et d&rsquo;autres pollinisateurs, ce qui favorise la biodiversit\u00e9 dans votre jardin.<\/li>\n<li><strong>Culture biologique :<\/strong> Nos graines d&rsquo;immortelle sont biologiques, cultiv\u00e9es sans pesticides ni engrais chimiques, ce qui garantit un jardin sain et respectueux de l&rsquo;environnement.<\/li>\n<\/ul>\n<p>Remplissez votre jardin de couleurs et de durabilit\u00e9 avec nos graines d&rsquo;immortelle biologique. Profitez de fleurs \u00e9clatantes qui resteront belles pendant longtemps, aussi bien dans le jardin qu&rsquo;\u00e0 l&rsquo;int\u00e9rieur de votre maison. <\/p>\n","protected":false},"featured_media":31563,"comment_status":"open","ping_status":"closed","template":"","meta":{"_acf_changed":false},"product_brand":[],"product_cat":[424,464],"product_tag":[1579],"woo-feed-brand":[],"class_list":{"0":"post-38829","1":"product","2":"type-product","3":"status-publish","4":"has-post-thumbnail","6":"product_cat-semences-biologiques","7":"product_cat-semences-de-fleurs-biologiques","8":"product_tag-eco","10":"first","11":"instock","12":"taxable","13":"shipping-taxable","14":"purchasable","15":"product-type-simple"},"acf":[],"_links":{"self":[{"href":"https:\/\/cultivers.es\/fr\/wp-json\/wp\/v2\/product\/38829","targetHints":{"allow":["GET"]}}],"collection":[{"href":"https:\/\/cultivers.es\/fr\/wp-json\/wp\/v2\/product"}],"about":[{"href":"https:\/\/cultivers.es\/fr\/wp-json\/wp\/v2\/types\/product"}],"replies":[{"embeddable":true,"href":"https:\/\/cultivers.es\/fr\/wp-json\/wp\/v2\/comments?post=38829"}],"wp:featuredmedia":[{"embeddable":true,"href":"https:\/\/cultivers.es\/fr\/wp-json\/wp\/v2\/media\/31563"}],"wp:attachment":[{"href":"https:\/\/cultivers.es\/fr\/wp-json\/wp\/v2\/media?parent=38829"}],"wp:term":[{"taxonomy":"product_brand","embeddable":true,"href":"https:\/\/cultivers.es\/fr\/wp-json\/wp\/v2\/product_brand?post=38829"},{"taxonomy":"product_cat","embeddable":true,"href":"https:\/\/cultivers.es\/fr\/wp-json\/wp\/v2\/product_cat?post=38829"},{"taxonomy":"product_tag","embeddable":true,"href":"https:\/\/cultivers.es\/fr\/wp-json\/wp\/v2\/product_tag?post=38829"},{"taxonomy":"woo-feed-brand","embeddable":true,"href":"https:\/\/cultivers.es\/fr\/wp-json\/wp\/v2\/woo-feed-brand?post=38829"}],"curies":[{"name":"wp","href":"https:\/\/api.w.org\/{rel}","templated":true}]}}