{"id":38839,"date":"2024-08-19T13:13:26","date_gmt":"2024-08-19T13:13:26","guid":{"rendered":"https:\/\/cultivers.es\/abonos\/graines-dherbe-a-vache-rose-biologique\/"},"modified":"2025-09-22T05:21:29","modified_gmt":"2025-09-22T05:21:29","slug":"graines-dherbe-a-vache-rose-biologique","status":"publish","type":"product","link":"https:\/\/cultivers.es\/fr\/abonnements\/graines-dherbe-a-vache-rose-biologique\/","title":{"rendered":"Graines d&rsquo;\u00e9pilobe rose"},"content":{"rendered":"","protected":false},"excerpt":{"rendered":"<p>Donnez \u00e0 votre jardin un aspect enchanteur avec nos graines d&rsquo;\u00e9pilobe rose biologique. Cette plante vivace est connue pour ses magnifiques fleurs roses, qui apportent une touche d&rsquo;\u00e9l\u00e9gance et de douceur \u00e0 tout espace vert. Outre sa valeur ornementale, elle constitue un excellent choix pour attirer les pollinisateurs tels que les abeilles et les papillons, favorisant ainsi la biodiversit\u00e9 dans votre jardin.  <\/p>\n<ul>\n<li><strong>Floraison \u00e9l\u00e9gante : l&rsquo;<\/strong> herbe \u00e0 vache rose se distingue par ses \u00e9pis de fleurs rose tendre, qui fleurissent au printemps et en \u00e9t\u00e9, cr\u00e9ant une atmosph\u00e8re romantique et color\u00e9e dans votre jardin.<\/li>\n<li><strong>Facile \u00e0 cultiver :<\/strong> Cette plante vivace est rustique et s&rsquo;adapte bien \u00e0 diff\u00e9rents types de sol, en particulier dans les zones humides et \u00e0 l&rsquo;ombre partielle. Elle est id\u00e9ale pour les jardiniers de tous niveaux. <\/li>\n<li><strong>Attractive pour les pollinisateurs :<\/strong> Les fleurs roses de l&rsquo;herbe \u00e0 vache sont particuli\u00e8rement attrayantes pour les pollinisateurs, contribuant ainsi \u00e0 un \u00e9cosyst\u00e8me sain et vivant dans votre jardin.<\/li>\n<li><strong>Utilisation traditionnelle :<\/strong> Outre sa beaut\u00e9, l&rsquo;herbe \u00e0 vache est traditionnellement appr\u00e9ci\u00e9e pour ses propri\u00e9t\u00e9s b\u00e9n\u00e9fiques, ce qui fait de cette plante un ajout polyvalent \u00e0 votre espace vert.<\/li>\n<li><strong>Culture biologique :<\/strong> Ces graines sont produites de mani\u00e8re biologique, garantissant une croissance naturelle, sans produits chimiques, afin que vous puissiez profiter d&rsquo;un jardin sain et durable.<\/li>\n<\/ul>\n<p>Cr\u00e9ez un jardin plein d&rsquo;\u00e9l\u00e9gance et de vie avec nos graines d&rsquo;herbe \u00e0 vache rose biologique. Id\u00e9al pour ceux qui recherchent un espace vert charmant et respectueux de l&rsquo;environnement. <\/p>\n","protected":false},"featured_media":31537,"comment_status":"open","ping_status":"closed","template":"","meta":{"_acf_changed":false},"product_brand":[],"product_cat":[424,464],"product_tag":[1579],"class_list":{"0":"post-38839","1":"product","2":"type-product","3":"status-publish","4":"has-post-thumbnail","6":"product_cat-semences-biologiques","7":"product_cat-semences-de-fleurs-biologiques","8":"product_tag-eco","10":"first","11":"instock","12":"sale","13":"taxable","14":"shipping-taxable","15":"purchasable","16":"product-type-simple"},"acf":[],"_links":{"self":[{"href":"https:\/\/cultivers.es\/fr\/wp-json\/wp\/v2\/product\/38839","targetHints":{"allow":["GET"]}}],"collection":[{"href":"https:\/\/cultivers.es\/fr\/wp-json\/wp\/v2\/product"}],"about":[{"href":"https:\/\/cultivers.es\/fr\/wp-json\/wp\/v2\/types\/product"}],"replies":[{"embeddable":true,"href":"https:\/\/cultivers.es\/fr\/wp-json\/wp\/v2\/comments?post=38839"}],"wp:featuredmedia":[{"embeddable":true,"href":"https:\/\/cultivers.es\/fr\/wp-json\/wp\/v2\/media\/31537"}],"wp:attachment":[{"href":"https:\/\/cultivers.es\/fr\/wp-json\/wp\/v2\/media?parent=38839"}],"wp:term":[{"taxonomy":"product_brand","embeddable":true,"href":"https:\/\/cultivers.es\/fr\/wp-json\/wp\/v2\/product_brand?post=38839"},{"taxonomy":"product_cat","embeddable":true,"href":"https:\/\/cultivers.es\/fr\/wp-json\/wp\/v2\/product_cat?post=38839"},{"taxonomy":"product_tag","embeddable":true,"href":"https:\/\/cultivers.es\/fr\/wp-json\/wp\/v2\/product_tag?post=38839"}],"curies":[{"name":"wp","href":"https:\/\/api.w.org\/{rel}","templated":true}]}}