{"id":38849,"date":"2024-08-21T06:57:58","date_gmt":"2024-08-21T06:57:58","guid":{"rendered":"https:\/\/cultivers.es\/abonos\/graines-de-kiwano-bio\/"},"modified":"2026-03-19T07:05:41","modified_gmt":"2026-03-19T07:05:41","slug":"graines-de-kiwano-bio","status":"publish","type":"product","link":"https:\/\/cultivers.es\/fr\/abonnements\/graines-de-kiwano-bio\/","title":{"rendered":"Graines de kiwano"},"content":{"rendered":"","protected":false},"excerpt":{"rendered":"<p>Osez cultiver quelque chose de diff\u00e9rent et d&rsquo;exotique avec nos graines de Kiwano bio. \u00c9galement appel\u00e9 \u00ab\u00a0melon \u00e0 cornes\u00a0\u00bb ou \u00ab\u00a0concombre africain\u00a0\u00bb, le Kiwano est un fruit tropical \u00e0 l&rsquo;aspect unique et \u00e0 la saveur rafra\u00eechissante, id\u00e9al pour ajouter une touche d&rsquo;originalit\u00e9 \u00e0 votre jardin et \u00e0 vos plats. <\/p>\n<ul>\n<li><strong>Fruit exotique :<\/strong> le kiwano se distingue par sa peau jaune ou orange recouverte de petites cornes, ce qui lui conf\u00e8re un aspect unique et d\u00e9coratif. \u00c0 l&rsquo;int\u00e9rieur, la pulpe verte, semblable \u00e0 de la gel\u00e9e, a un go\u00fbt doux et rafra\u00eechissant, semblable \u00e0 un m\u00e9lange de concombre, de banane et de citron. <\/li>\n<li><strong>Facile \u00e0 cultiver :<\/strong> Malgr\u00e9 son apparence exotique, le Kiwano est \u00e9tonnamment facile \u00e0 cultiver. Cette plante grimpante s&rsquo;adapte bien aux climats chauds et ensoleill\u00e9s et se d\u00e9veloppe rapidement, produisant des fruits en abondance. <\/li>\n<li><strong>Riche en nutriments :<\/strong> Outre son go\u00fbt rafra\u00eechissant, le kiwano est une source riche en antioxydants, en vitamine C et en fibres, ce qui en fait un choix sain \u00e0 int\u00e9grer dans votre alimentation quotidienne.<\/li>\n<li><strong>Polyvalence culinaire : le<\/strong> kiwano peut \u00eatre d\u00e9gust\u00e9 de diff\u00e9rentes mani\u00e8res : dans des salades, comme en-cas rafra\u00eechissant, dans des smoothies ou comme garniture de desserts. Son go\u00fbt et son aspect en font un produit id\u00e9al pour exp\u00e9rimenter dans la cuisine. <\/li>\n<li><strong>Culture biologique :<\/strong> Nos graines Kiwano sont 100 % biologiques, ce qui garantit une culture durable et respectueuse de l&rsquo;environnement, sans utilisation de pesticides ou d&rsquo;engrais chimiques.<\/li>\n<\/ul>\n<p>Ajoutez une touche exotique \u00e0 votre jardin avec Kiwano ! Nos semences biologiques vous permettent de profiter d&rsquo;un fruit unique et nutritif, parfait pour surprendre dans la cuisine. Commandez d\u00e8s aujourd&rsquo;hui et commencez \u00e0 cultiver ce tr\u00e9sor tropical chez vous !  <\/p>\n","protected":false},"featured_media":31871,"comment_status":"open","ping_status":"closed","template":"","meta":{"_acf_changed":false},"product_brand":[],"product_cat":[424,430],"product_tag":[1579],"class_list":{"0":"post-38849","1":"product","2":"type-product","3":"status-publish","4":"has-post-thumbnail","6":"product_cat-semences-biologiques","7":"product_cat-semences-de-fruits-et-legumes-biologiques","8":"product_tag-eco","10":"first","11":"instock","12":"taxable","13":"shipping-taxable","14":"purchasable","15":"product-type-simple"},"acf":[],"_links":{"self":[{"href":"https:\/\/cultivers.es\/fr\/wp-json\/wp\/v2\/product\/38849","targetHints":{"allow":["GET"]}}],"collection":[{"href":"https:\/\/cultivers.es\/fr\/wp-json\/wp\/v2\/product"}],"about":[{"href":"https:\/\/cultivers.es\/fr\/wp-json\/wp\/v2\/types\/product"}],"replies":[{"embeddable":true,"href":"https:\/\/cultivers.es\/fr\/wp-json\/wp\/v2\/comments?post=38849"}],"wp:featuredmedia":[{"embeddable":true,"href":"https:\/\/cultivers.es\/fr\/wp-json\/wp\/v2\/media\/31871"}],"wp:attachment":[{"href":"https:\/\/cultivers.es\/fr\/wp-json\/wp\/v2\/media?parent=38849"}],"wp:term":[{"taxonomy":"product_brand","embeddable":true,"href":"https:\/\/cultivers.es\/fr\/wp-json\/wp\/v2\/product_brand?post=38849"},{"taxonomy":"product_cat","embeddable":true,"href":"https:\/\/cultivers.es\/fr\/wp-json\/wp\/v2\/product_cat?post=38849"},{"taxonomy":"product_tag","embeddable":true,"href":"https:\/\/cultivers.es\/fr\/wp-json\/wp\/v2\/product_tag?post=38849"}],"curies":[{"name":"wp","href":"https:\/\/api.w.org\/{rel}","templated":true}]}}