{"id":38858,"date":"2024-08-21T11:37:16","date_gmt":"2024-08-21T11:37:16","guid":{"rendered":"https:\/\/cultivers.es\/abonos\/petit-marseillais-graines-de-poivre-bio\/"},"modified":"2025-09-22T05:45:50","modified_gmt":"2025-09-22T05:45:50","slug":"petit-marseillais-graines-de-poivre-bio","status":"publish","type":"product","link":"https:\/\/cultivers.es\/fr\/abonnements\/petit-marseillais-graines-de-poivre-bio\/","title":{"rendered":"Graines de poivre Petit Marseillais"},"content":{"rendered":"","protected":false},"excerpt":{"rendered":"<p>Les graines de poivron Petit Marseillais biologique vous permettent de cultiver une vari\u00e9t\u00e9 classique de poivron, appr\u00e9ci\u00e9e pour son go\u00fbt sucr\u00e9, sa texture croquante et son l\u00e9ger piquant. Ce poivron, originaire de la r\u00e9gion de Marseille, est parfait pour ceux qui recherchent une touche authentique de cuisine m\u00e9diterran\u00e9enne dans leur jardin. <\/p>\n<ul>\n<li><strong>Saveur douce et aromatique :<\/strong> Le Petit Poivre de Marseille est connu pour sa saveur douce et sucr\u00e9e, avec une l\u00e9g\u00e8re touche piquante qui ne l&rsquo;\u00e9crase pas. Il est id\u00e9al pour \u00eatre consomm\u00e9 frais en salade, r\u00f4ti ou dans des plats cuisin\u00e9s, o\u00f9 sa saveur est intensifi\u00e9e. <\/li>\n<li><strong>Taille compacte :<\/strong> Cette vari\u00e9t\u00e9 produit des poivrons de taille petite \u00e0 moyenne, avec une forme conique et une peau fine, ce qui les rend parfaits pour farcir, r\u00f4tir ou garnir. Leur couleur vive, qui varie du vert au rouge fonc\u00e9, ajoute un attrait visuel \u00e0 vos plats. <\/li>\n<li><strong>Piquant doux :<\/strong> Contrairement \u00e0 d&rsquo;autres vari\u00e9t\u00e9s de poivrons, le Petit Marseillais est tr\u00e8s peu piquant, ce qui le rend id\u00e9al pour ceux qui pr\u00e9f\u00e8rent une saveur plus subtile sans renoncer \u00e0 la complexit\u00e9 d&rsquo;un poivron de caract\u00e8re.<\/li>\n<li><strong>Productivit\u00e9 \u00e9lev\u00e9e :<\/strong> Le poivron Petit Marseillais est une plante g\u00e9n\u00e9reuse, qui produit une grande quantit\u00e9 de fruits tout au long de la saison. Il est id\u00e9al pour ceux qui souhaitent une r\u00e9colte abondante et continue de poivrons frais. <\/li>\n<li><strong>Facile \u00e0 cultiver :<\/strong> Cette vari\u00e9t\u00e9 s&rsquo;adapte bien \u00e0 diff\u00e9rents types de sols et de climats et r\u00e9siste aux maladies courantes du poivron. C&rsquo;est un excellent choix pour les d\u00e9butants comme pour les jardiniers plus exp\u00e9riment\u00e9s. <\/li>\n<li><strong>Culture biologique :<\/strong> Nos graines de poivre Petit Marseillais sont 100% biologiques, garantissant une croissance sans produits chimiques et respectueuse de l&rsquo;environnement. Profitez d&rsquo;une culture durable et saine dans votre jardin. <\/li>\n<\/ul>\n<p>Ajoutez une touche m\u00e9diterran\u00e9enne \u00e0 votre jardin avec les poivrons Petit Marseillais. Avec nos semences biologiques, vous pouvez profiter d&rsquo;une r\u00e9colte abondante de poivrons doux, avec un l\u00e9ger piquant, parfaits pour une vari\u00e9t\u00e9 de plats - commandez maintenant et commencez \u00e0 cultiver ce joyau culinaire \u00e0 la maison !  <\/p>\n","protected":false},"featured_media":32005,"comment_status":"open","ping_status":"closed","template":"","meta":{"_acf_changed":false},"product_brand":[],"product_cat":[424,430],"product_tag":[1579],"class_list":{"0":"post-38858","1":"product","2":"type-product","3":"status-publish","4":"has-post-thumbnail","6":"product_cat-semences-biologiques","7":"product_cat-semences-de-fruits-et-legumes-biologiques","8":"product_tag-eco","10":"first","11":"instock","12":"taxable","13":"shipping-taxable","14":"purchasable","15":"product-type-simple"},"acf":[],"_links":{"self":[{"href":"https:\/\/cultivers.es\/fr\/wp-json\/wp\/v2\/product\/38858","targetHints":{"allow":["GET"]}}],"collection":[{"href":"https:\/\/cultivers.es\/fr\/wp-json\/wp\/v2\/product"}],"about":[{"href":"https:\/\/cultivers.es\/fr\/wp-json\/wp\/v2\/types\/product"}],"replies":[{"embeddable":true,"href":"https:\/\/cultivers.es\/fr\/wp-json\/wp\/v2\/comments?post=38858"}],"wp:featuredmedia":[{"embeddable":true,"href":"https:\/\/cultivers.es\/fr\/wp-json\/wp\/v2\/media\/32005"}],"wp:attachment":[{"href":"https:\/\/cultivers.es\/fr\/wp-json\/wp\/v2\/media?parent=38858"}],"wp:term":[{"taxonomy":"product_brand","embeddable":true,"href":"https:\/\/cultivers.es\/fr\/wp-json\/wp\/v2\/product_brand?post=38858"},{"taxonomy":"product_cat","embeddable":true,"href":"https:\/\/cultivers.es\/fr\/wp-json\/wp\/v2\/product_cat?post=38858"},{"taxonomy":"product_tag","embeddable":true,"href":"https:\/\/cultivers.es\/fr\/wp-json\/wp\/v2\/product_tag?post=38858"}],"curies":[{"name":"wp","href":"https:\/\/api.w.org\/{rel}","templated":true}]}}