{"id":38868,"date":"2024-08-21T11:54:50","date_gmt":"2024-08-21T11:54:50","guid":{"rendered":"https:\/\/cultivers.es\/abonos\/graines-de-piment-rouge-habanero-bio\/"},"modified":"2025-09-22T05:46:00","modified_gmt":"2025-09-22T05:46:00","slug":"graines-de-piment-rouge-habanero-bio","status":"publish","type":"product","link":"https:\/\/cultivers.es\/fr\/abonnements\/graines-de-piment-rouge-habanero-bio\/","title":{"rendered":"Graines de piment rouge Habanero"},"content":{"rendered":"","protected":false},"excerpt":{"rendered":"<p>Les graines de piment rouge Habanero biologique vous permettent de cultiver l&rsquo;une des vari\u00e9t\u00e9s de piment les plus piquantes et les plus c\u00e9l\u00e8bres au monde. Originaire de la r\u00e9gion des Cara\u00efbes, le piment Habanero rouge est parfait pour ceux qui souhaitent ajouter une saveur et une chaleur intenses \u00e0 leurs plats. Avec sa couleur rouge vif caract\u00e9ristique et sa chaleur incomparable, ce piment est un ingr\u00e9dient essentiel de la cuisine mexicaine et carib\u00e9enne.  <\/p>\n<ul>\n<li><strong>Niveau de piquant intense :<\/strong> le piment Habanero rouge est connu pour son niveau de piquant \u00e9lev\u00e9, ce qui le place parmi les piments les plus puissants au monde. Avec un score sur l&rsquo;\u00e9chelle de Scoville allant jusqu&rsquo;\u00e0 350 000 unit\u00e9s, ce piment est id\u00e9al pour les amateurs de chaleur extr\u00eame. <\/li>\n<li><strong>Saveur fruit\u00e9e :<\/strong> malgr\u00e9 son piquant, le Habanero rouge a une saveur fruit\u00e9e, l\u00e9g\u00e8rement citronn\u00e9e, qui ajoute de la profondeur et de la complexit\u00e9 aux sauces, aux marinades et aux rago\u00fbts. Sa saveur unique en fait un ingr\u00e9dient polyvalent dans la cuisine. <\/li>\n<li><strong>Productivit\u00e9 \u00e9lev\u00e9e :<\/strong> Cette vari\u00e9t\u00e9 de poivron produit de petits fruits rid\u00e9s d&rsquo;environ 3 \u00e0 5 cm en abondance tout au long de la saison. Sa couleur rouge vif lui permet de se distinguer dans le jardin comme dans la cuisine. <\/li>\n<li><strong>Facile \u00e0 cultiver :<\/strong> Bien qu&rsquo;il ait besoin d&rsquo;un climat chaud et ensoleill\u00e9 pour s&rsquo;\u00e9panouir, le piment Habanero rouge est une plante rustique qui peut pousser en pot ou directement dans le sol, \u00e0 condition qu&rsquo;elle re\u00e7oive les soins appropri\u00e9s.<\/li>\n<li><strong>Culture biologique :<\/strong> Nos graines de piment Habanero rouge sont 100% biologiques, garantissant une croissance sans produits chimiques et respectueuse de l&rsquo;environnement. Profitez d&rsquo;une culture durable et saine dans votre jardin. <\/li>\n<\/ul>\n<p>Ajoutez une touche de chaleur extr\u00eame \u00e0 votre jardin avec les piments Habanero rouges. Avec nos semences biologiques, vous pouvez profiter d&rsquo;une r\u00e9colte exceptionnelle de piments intens\u00e9ment chauds et savoureux, parfaits pour les sauces et les plats \u00e9pic\u00e9s. Commandez d\u00e8s maintenant et faites passer l&rsquo;excitation \u00e9pic\u00e9e au niveau sup\u00e9rieur dans votre cuisine !  <\/p>\n","protected":false},"featured_media":32033,"comment_status":"open","ping_status":"closed","template":"","meta":{"_acf_changed":false},"product_brand":[],"product_cat":[424,430],"product_tag":[1579],"class_list":{"0":"post-38868","1":"product","2":"type-product","3":"status-publish","4":"has-post-thumbnail","6":"product_cat-semences-biologiques","7":"product_cat-semences-de-fruits-et-legumes-biologiques","8":"product_tag-eco","10":"first","11":"instock","12":"taxable","13":"shipping-taxable","14":"purchasable","15":"product-type-simple"},"acf":[],"_links":{"self":[{"href":"https:\/\/cultivers.es\/fr\/wp-json\/wp\/v2\/product\/38868","targetHints":{"allow":["GET"]}}],"collection":[{"href":"https:\/\/cultivers.es\/fr\/wp-json\/wp\/v2\/product"}],"about":[{"href":"https:\/\/cultivers.es\/fr\/wp-json\/wp\/v2\/types\/product"}],"replies":[{"embeddable":true,"href":"https:\/\/cultivers.es\/fr\/wp-json\/wp\/v2\/comments?post=38868"}],"wp:featuredmedia":[{"embeddable":true,"href":"https:\/\/cultivers.es\/fr\/wp-json\/wp\/v2\/media\/32033"}],"wp:attachment":[{"href":"https:\/\/cultivers.es\/fr\/wp-json\/wp\/v2\/media?parent=38868"}],"wp:term":[{"taxonomy":"product_brand","embeddable":true,"href":"https:\/\/cultivers.es\/fr\/wp-json\/wp\/v2\/product_brand?post=38868"},{"taxonomy":"product_cat","embeddable":true,"href":"https:\/\/cultivers.es\/fr\/wp-json\/wp\/v2\/product_cat?post=38868"},{"taxonomy":"product_tag","embeddable":true,"href":"https:\/\/cultivers.es\/fr\/wp-json\/wp\/v2\/product_tag?post=38868"}],"curies":[{"name":"wp","href":"https:\/\/api.w.org\/{rel}","templated":true}]}}