{"id":38869,"date":"2024-08-23T12:21:32","date_gmt":"2024-08-23T12:21:32","guid":{"rendered":"https:\/\/cultivers.es\/abonos\/graines-de-tournesol-sunset-graines-de-tournesol-bio-demeter\/"},"modified":"2025-09-22T04:50:05","modified_gmt":"2025-09-22T04:50:05","slug":"graines-de-tournesol-sunset-graines-de-tournesol-bio-demeter","status":"publish","type":"product","link":"https:\/\/cultivers.es\/fr\/abonnements\/graines-de-tournesol-sunset-graines-de-tournesol-bio-demeter\/","title":{"rendered":"Sunset Sunflower Seed Biodynamic Demeter (graines de tournesol biodynamiques)"},"content":{"rendered":"","protected":false},"excerpt":{"rendered":"<p>Les graines de tournesol Demeter Organic Sunset vous permettent de cultiver une vari\u00e9t\u00e9 spectaculaire de tournesol, connue pour ses grandes fleurs orange et rouge vibrantes qui \u00e9voquent la chaleur d&rsquo;un coucher de soleil. Cette vari\u00e9t\u00e9 ne se contente pas d&#8217;embellir votre jardin, elle est \u00e9galement excellente pour attirer les pollinisateurs, tels que les abeilles et les papillons, ce qui favorise la biodiversit\u00e9 de votre espace vert. <\/p>\n<ul>\n<li><strong>Floraison spectaculaire :<\/strong> Les tournesols Sunset se distinguent par leurs fleurs de taille moyenne \u00e0 grande, dont les p\u00e9tales pr\u00e9sentent des nuances allant de l&rsquo;orange au rouge, cr\u00e9ant un effet visuel saisissant. Ils sont parfaits pour les bordures de jardin, comme fleurs coup\u00e9es ou simplement pour profiter de leur beaut\u00e9 naturelle. <\/li>\n<li><strong>Attractive pour les pollinisateurs :<\/strong> Cette vari\u00e9t\u00e9 est id\u00e9ale pour attirer les abeilles, les papillons et d&rsquo;autres pollinisateurs essentiels \u00e0 un jardin sain et productif. Son nectar abondant contribue au bien-\u00eatre de l&rsquo;\u00e9cosyst\u00e8me de votre jardin. <\/li>\n<li><strong>Facile \u00e0 cultiver :<\/strong> Les tournesols Sunset sont des plantes rustiques \u00e0 croissance rapide qui s&rsquo;adaptent bien \u00e0 diff\u00e9rents types de sol et de conditions climatiques, \u00e0 condition qu&rsquo;ils re\u00e7oivent suffisamment de lumi\u00e8re du soleil. Elles sont id\u00e9ales pour les d\u00e9butants comme pour les jardiniers exp\u00e9riment\u00e9s. <\/li>\n<li><strong>Hauteur mod\u00e9r\u00e9e :<\/strong> Contrairement \u00e0 d&rsquo;autres vari\u00e9t\u00e9s de tournesol, Sunset atteint une hauteur mod\u00e9r\u00e9e, ce qui lui permet de convenir aux jardins de toutes tailles, y compris ceux qui disposent d&rsquo;un espace limit\u00e9.<\/li>\n<li><strong>Certifi\u00e9es Demeter :<\/strong> Ces semences sont certifi\u00e9es Demeter organic, ce qui garantit les normes les plus \u00e9lev\u00e9es de l&rsquo;agriculture biodynamique. En plantant ces graines, vous contribuez \u00e0 une culture durable et respectueuse de l&rsquo;environnement. <\/li>\n<\/ul>\n<p>Transformez votre jardin en un spectacle de couleurs avec les graines de tournesol Demeter Organic Sunset. Profitez de fleurs radieuses qui non seulement embellissent votre espace, mais soutiennent \u00e9galement la biodiversit\u00e9 et l&rsquo;\u00e9quilibre naturel de votre jardin. Commandez d\u00e8s aujourd&rsquo;hui et ajoutez une touche de soleil et de vitalit\u00e9 \u00e0 votre jardin !  <\/p>\n","protected":false},"featured_media":32338,"comment_status":"open","ping_status":"closed","template":"","meta":{"_acf_changed":false},"product_brand":[],"product_cat":[1303,458,424],"product_tag":[1385],"class_list":{"0":"post-38869","1":"product","2":"type-product","3":"status-publish","4":"has-post-thumbnail","6":"product_cat-graines-de-demeter","7":"product_cat-graines-de-fleurs-comestibles-biologiques","8":"product_cat-semences-biologiques","9":"product_tag-demeter-fr","11":"first","12":"instock","13":"sale","14":"taxable","15":"shipping-taxable","16":"purchasable","17":"product-type-variable"},"acf":[],"_links":{"self":[{"href":"https:\/\/cultivers.es\/fr\/wp-json\/wp\/v2\/product\/38869","targetHints":{"allow":["GET"]}}],"collection":[{"href":"https:\/\/cultivers.es\/fr\/wp-json\/wp\/v2\/product"}],"about":[{"href":"https:\/\/cultivers.es\/fr\/wp-json\/wp\/v2\/types\/product"}],"replies":[{"embeddable":true,"href":"https:\/\/cultivers.es\/fr\/wp-json\/wp\/v2\/comments?post=38869"}],"wp:featuredmedia":[{"embeddable":true,"href":"https:\/\/cultivers.es\/fr\/wp-json\/wp\/v2\/media\/32338"}],"wp:attachment":[{"href":"https:\/\/cultivers.es\/fr\/wp-json\/wp\/v2\/media?parent=38869"}],"wp:term":[{"taxonomy":"product_brand","embeddable":true,"href":"https:\/\/cultivers.es\/fr\/wp-json\/wp\/v2\/product_brand?post=38869"},{"taxonomy":"product_cat","embeddable":true,"href":"https:\/\/cultivers.es\/fr\/wp-json\/wp\/v2\/product_cat?post=38869"},{"taxonomy":"product_tag","embeddable":true,"href":"https:\/\/cultivers.es\/fr\/wp-json\/wp\/v2\/product_tag?post=38869"}],"curies":[{"name":"wp","href":"https:\/\/api.w.org\/{rel}","templated":true}]}}