{"id":38905,"date":"2024-09-11T13:36:20","date_gmt":"2024-09-11T13:36:20","guid":{"rendered":"https:\/\/cultivers.es\/abonos\/graines-de-persil-frise\/"},"modified":"2025-09-22T04:51:06","modified_gmt":"2025-09-22T04:51:06","slug":"graines-de-persil-frise","status":"publish","type":"product","link":"https:\/\/cultivers.es\/fr\/abonnements\/graines-de-persil-frise\/","title":{"rendered":"Graines de persil fris\u00e9"},"content":{"rendered":"","protected":false},"excerpt":{"rendered":"<p>Ajoutez une touche de fra\u00eecheur et de sophistication \u00e0 votre jardin avec nos graines de persil fris\u00e9 bio. Cette vari\u00e9t\u00e9 de persil est connue pour ses feuilles dens\u00e9ment fris\u00e9es, d&rsquo;un vert profond, qui non seulement ajoutent une saveur fra\u00eeche et l\u00e9g\u00e8rement \u00e9pic\u00e9e \u00e0 vos plats, mais sont \u00e9galement d\u00e9coratives dans n&rsquo;importe quel jardin ou cuisine. Parfait pour les salades, les garnitures ou comme ingr\u00e9dient dans les sauces et les soupes.  <\/p>\n<ul>\n<li><strong>Feuilles finement fris\u00e9es :<\/strong> Le persil fris\u00e9 est c\u00e9l\u00e8bre pour son feuillage vert vif dens\u00e9ment fris\u00e9, id\u00e9al pour garnir vos plats ou utilis\u00e9 frais dans les salades, les soupes, les rago\u00fbts et les sauces.<\/li>\n<li><strong>Saveur fra\u00eeche et polyvalente :<\/strong> sa saveur fra\u00eeche et l\u00e9g\u00e8rement \u00e9pic\u00e9e en fait le compl\u00e9ment id\u00e9al d&rsquo;une grande vari\u00e9t\u00e9 de plats. C&rsquo;est \u00e9galement une riche source de vitamines C, A et K, ce qui lui conf\u00e8re d&rsquo;importants avantages nutritionnels. <\/li>\n<li><strong>Culture rapide et facile :<\/strong> Cette vari\u00e9t\u00e9 est facile \u00e0 cultiver et pousse rapidement dans une large gamme de climats et de sols. Id\u00e9ale pour les d\u00e9butants et les jardiniers plus exp\u00e9riment\u00e9s. <\/li>\n<li><strong>Plante d\u00e9corative :<\/strong> En plus d&rsquo;\u00eatre un ingr\u00e9dient essentiel dans la cuisine, le persil fris\u00e9 est une plante attrayante pour les jardins d&rsquo;herbes aromatiques, les plates-bandes ou m\u00eame pour les pots de balcon ou de terrasse.<\/li>\n<li><strong>Culture biologique :<\/strong> Nos semences sont 100% biologiques, cultiv\u00e9es sans pesticides ni engrais chimiques, ce qui garantit un produit sain et respectueux de l&rsquo;environnement.<\/li>\n<\/ul>\n<p>Ajoutez de la saveur, de la fra\u00eecheur et de l&rsquo;\u00e9l\u00e9gance \u00e0 votre jardin et \u00e0 votre cuisine avec nos graines de persil fris\u00e9 biologique. Commandez d\u00e8s aujourd&rsquo;hui et profitez d&rsquo;une culture saine et facile \u00e0 cultiver, parfaite pour tous les plats ! <\/p>\n","protected":false},"featured_media":33983,"comment_status":"open","ping_status":"closed","template":"","meta":{"_acf_changed":false},"product_brand":[],"product_cat":[747,424],"product_tag":[1579],"class_list":{"0":"post-38905","1":"product","2":"type-product","3":"status-publish","4":"has-post-thumbnail","6":"product_cat-graines-aromatiques-biologiques","7":"product_cat-semences-biologiques","8":"product_tag-eco","10":"first","11":"instock","12":"taxable","13":"shipping-taxable","14":"purchasable","15":"product-type-simple"},"acf":[],"_links":{"self":[{"href":"https:\/\/cultivers.es\/fr\/wp-json\/wp\/v2\/product\/38905","targetHints":{"allow":["GET"]}}],"collection":[{"href":"https:\/\/cultivers.es\/fr\/wp-json\/wp\/v2\/product"}],"about":[{"href":"https:\/\/cultivers.es\/fr\/wp-json\/wp\/v2\/types\/product"}],"replies":[{"embeddable":true,"href":"https:\/\/cultivers.es\/fr\/wp-json\/wp\/v2\/comments?post=38905"}],"wp:featuredmedia":[{"embeddable":true,"href":"https:\/\/cultivers.es\/fr\/wp-json\/wp\/v2\/media\/33983"}],"wp:attachment":[{"href":"https:\/\/cultivers.es\/fr\/wp-json\/wp\/v2\/media?parent=38905"}],"wp:term":[{"taxonomy":"product_brand","embeddable":true,"href":"https:\/\/cultivers.es\/fr\/wp-json\/wp\/v2\/product_brand?post=38905"},{"taxonomy":"product_cat","embeddable":true,"href":"https:\/\/cultivers.es\/fr\/wp-json\/wp\/v2\/product_cat?post=38905"},{"taxonomy":"product_tag","embeddable":true,"href":"https:\/\/cultivers.es\/fr\/wp-json\/wp\/v2\/product_tag?post=38905"}],"curies":[{"name":"wp","href":"https:\/\/api.w.org\/{rel}","templated":true}]}}