{"id":38906,"date":"2024-09-11T13:42:12","date_gmt":"2024-09-11T13:42:12","guid":{"rendered":"https:\/\/cultivers.es\/abonos\/chou-fleur-di-sicilia-violetto-organic-seeds\/"},"modified":"2025-09-22T04:51:53","modified_gmt":"2025-09-22T04:51:53","slug":"chou-fleur-di-sicilia-violetto-organic-seeds","status":"publish","type":"product","link":"https:\/\/cultivers.es\/fr\/abonnements\/chou-fleur-di-sicilia-violetto-organic-seeds\/","title":{"rendered":"Chou-fleur Graines Di Sicilia Violetto"},"content":{"rendered":"","protected":false},"excerpt":{"rendered":"<p>Ajoutez une touche de couleur vibrante et de saveur d\u00e9licieuse \u00e0 votre jardin avec nos graines de chou-fleur Di Sicilia Violetto biologiques. Cette vari\u00e9t\u00e9 italienne traditionnelle se distingue par ses t\u00eates violettes frappantes et sa saveur d\u00e9licate, parfaite pour une vari\u00e9t\u00e9 de plats. En plus de sa beaut\u00e9 visuelle, le chou-fleur Di Sicilia Violetto est riche en nutriments, ce qui en fait un choix sain et nutritif pour votre jardin.  <\/p>\n<ul>\n<li><strong>Couleur violette choquante :<\/strong> cette vari\u00e9t\u00e9 de chou-fleur se caract\u00e9rise par ses t\u00eates d&rsquo;un violet profond, qui ne sont pas seulement attrayantes dans le jardin, mais qui ajoutent \u00e9galement une touche sp\u00e9ciale \u00e0 vos plats.<\/li>\n<li><strong>Saveur douce et d\u00e9licate : le<\/strong> chou-fleur Di Sicilia Violetto a une saveur plus douce et plus sucr\u00e9e que les autres vari\u00e9t\u00e9s de chou-fleur, ce qui le rend id\u00e9al pour les salades, les plats \u00e0 la vapeur, les rago\u00fbts et les saut\u00e9s.<\/li>\n<li><strong>Riche en antioxydants :<\/strong> Gr\u00e2ce \u00e0 sa couleur violette, ce chou-fleur est riche en anthocyanes, des antioxydants qui aident \u00e0 lutter contre le stress oxydatif et favorisent la sant\u00e9.<\/li>\n<li><strong>Facile \u00e0 cultiver :<\/strong> Cette vari\u00e9t\u00e9 est rustique et s&rsquo;adapte bien \u00e0 une vari\u00e9t\u00e9 de climats et de sols, ce qui la rend id\u00e9ale pour les jardiniers de tous niveaux d&rsquo;exp\u00e9rience.<\/li>\n<li><strong>Culture biologique :<\/strong> Nos graines de chou-fleur Di Sicilia Violetto sont 100% biologiques, garantissant une culture sans pesticides ni produits chimiques, respectueuse de l&rsquo;environnement et b\u00e9n\u00e9fique pour votre sant\u00e9.<\/li>\n<\/ul>\n<p>Ajoutez de la couleur, de la saveur et de la sant\u00e9 \u00e0 votre jardin avec nos graines de chou-fleur Di Sicilia Violetto biologiques. Profitez d&rsquo;une r\u00e9colte magnifique et nutritive tout en cultivant de mani\u00e8re durable - commandez aujourd&rsquo;hui et apportez la tradition italienne \u00e0 votre jardin et \u00e0 votre table !  <\/p>\n","protected":false},"featured_media":33990,"comment_status":"open","ping_status":"closed","template":"","meta":{"_acf_changed":false},"product_brand":[],"product_cat":[424,431],"product_tag":[1579],"class_list":{"0":"post-38906","1":"product","2":"type-product","3":"status-publish","4":"has-post-thumbnail","6":"product_cat-semences-biologiques","7":"product_cat-semences-de-brassica-biologiques","8":"product_tag-eco","10":"first","11":"instock","12":"taxable","13":"shipping-taxable","14":"purchasable","15":"product-type-simple"},"acf":[],"_links":{"self":[{"href":"https:\/\/cultivers.es\/fr\/wp-json\/wp\/v2\/product\/38906","targetHints":{"allow":["GET"]}}],"collection":[{"href":"https:\/\/cultivers.es\/fr\/wp-json\/wp\/v2\/product"}],"about":[{"href":"https:\/\/cultivers.es\/fr\/wp-json\/wp\/v2\/types\/product"}],"replies":[{"embeddable":true,"href":"https:\/\/cultivers.es\/fr\/wp-json\/wp\/v2\/comments?post=38906"}],"wp:featuredmedia":[{"embeddable":true,"href":"https:\/\/cultivers.es\/fr\/wp-json\/wp\/v2\/media\/33990"}],"wp:attachment":[{"href":"https:\/\/cultivers.es\/fr\/wp-json\/wp\/v2\/media?parent=38906"}],"wp:term":[{"taxonomy":"product_brand","embeddable":true,"href":"https:\/\/cultivers.es\/fr\/wp-json\/wp\/v2\/product_brand?post=38906"},{"taxonomy":"product_cat","embeddable":true,"href":"https:\/\/cultivers.es\/fr\/wp-json\/wp\/v2\/product_cat?post=38906"},{"taxonomy":"product_tag","embeddable":true,"href":"https:\/\/cultivers.es\/fr\/wp-json\/wp\/v2\/product_tag?post=38906"}],"curies":[{"name":"wp","href":"https:\/\/api.w.org\/{rel}","templated":true}]}}