{"id":38914,"date":"2024-09-11T13:46:21","date_gmt":"2024-09-11T13:46:21","guid":{"rendered":"https:\/\/cultivers.es\/abonos\/sucette-de-provence-graines-de-poivre-bio\/"},"modified":"2025-09-22T04:52:56","modified_gmt":"2025-09-22T04:52:56","slug":"sucette-de-provence-graines-de-poivre-bio","status":"publish","type":"product","link":"https:\/\/cultivers.es\/fr\/abonnements\/sucette-de-provence-graines-de-poivre-bio\/","title":{"rendered":"Graines de poivron Sucette de Provence"},"content":{"rendered":"","protected":false},"excerpt":{"rendered":"<p>Appr\u00e9ciez l&rsquo;authentique saveur m\u00e9diterran\u00e9enne avec nos graines de poivron Sucette de Provence biologique. Cette vari\u00e9t\u00e9 proven\u00e7ale traditionnelle se distingue par sa forme allong\u00e9e et sa couleur vibrante, allant du vert au rouge profond \u00e0 mesure qu&rsquo;elle m\u00fbrit. Avec une saveur douce et l\u00e9g\u00e8rement \u00e9pic\u00e9e, le poivron Sucette de Provence est id\u00e9al pour \u00eatre r\u00f4ti, farci ou d\u00e9gust\u00e9 frais en salade.  <\/p>\n<ul>\n<li><strong>Un go\u00fbt sucr\u00e9 avec une pointe de piquant :<\/strong> les piments Sucette de Provence sont connus pour leur go\u00fbt sucr\u00e9 et l\u00e9g\u00e8rement piquant, ce qui les rend parfaits pour une grande vari\u00e9t\u00e9 de pr\u00e9parations culinaires, des r\u00f4tis aux rago\u00fbts en passant par les salades fra\u00eeches.<\/li>\n<li><strong>Couleur vibrante et attrayante :<\/strong> \u00e0 mesure qu&rsquo;il m\u00fbrit, ce poivron passe du vert vif au rouge profond, ce qui en fait une attraction dans le jardin comme dans la cuisine.<\/li>\n<li><strong>Polyvalents en cuisine :<\/strong> gr\u00e2ce \u00e0 leur saveur et \u00e0 leur texture, ces poivrons sont parfaits pour \u00eatre r\u00f4tis, farcis avec des ingr\u00e9dients sal\u00e9s ou ajout\u00e9s crus aux salades et aux plats frais. Ils sont appr\u00e9ci\u00e9s pour leur douceur et leur l\u00e9ger piquant. <\/li>\n<li><strong>Facile \u00e0 cultiver :<\/strong> Cette vari\u00e9t\u00e9 est rustique et facile \u00e0 cultiver dans une large gamme de climats et de sols, ce qui la rend id\u00e9ale pour les jardiniers de tous niveaux. Elle convient aussi bien aux potagers qu&rsquo;aux pots sur les terrasses ou les balcons. <\/li>\n<li><strong>Culture biologique :<\/strong> Nos semences sont 100% biologiques, garantissant une culture naturelle, sans pesticides ni produits chimiques, favorisant un environnement sain pour votre jardin et votre nourriture.<\/li>\n<\/ul>\n<p>Ajoutez une authentique touche m\u00e9diterran\u00e9enne \u00e0 votre jardin avec les graines de poivrons biologiques Sucette de Provence. Appr\u00e9ciez leur saveur douce et l\u00e9g\u00e8rement \u00e9pic\u00e9e dans une vari\u00e9t\u00e9 de plats, tout en les cultivant dans le respect de l&rsquo;environnement. Commandez d\u00e8s aujourd&rsquo;hui et commencez \u00e0 appr\u00e9cier l&rsquo;authentique saveur proven\u00e7ale dans votre cuisine !  <\/p>\n","protected":false},"featured_media":33997,"comment_status":"open","ping_status":"closed","template":"","meta":{"_acf_changed":false},"product_brand":[],"product_cat":[424,430],"product_tag":[1579],"class_list":{"0":"post-38914","1":"product","2":"type-product","3":"status-publish","4":"has-post-thumbnail","6":"product_cat-semences-biologiques","7":"product_cat-semences-de-fruits-et-legumes-biologiques","8":"product_tag-eco","10":"first","11":"instock","12":"taxable","13":"shipping-taxable","14":"purchasable","15":"product-type-simple"},"acf":[],"_links":{"self":[{"href":"https:\/\/cultivers.es\/fr\/wp-json\/wp\/v2\/product\/38914","targetHints":{"allow":["GET"]}}],"collection":[{"href":"https:\/\/cultivers.es\/fr\/wp-json\/wp\/v2\/product"}],"about":[{"href":"https:\/\/cultivers.es\/fr\/wp-json\/wp\/v2\/types\/product"}],"replies":[{"embeddable":true,"href":"https:\/\/cultivers.es\/fr\/wp-json\/wp\/v2\/comments?post=38914"}],"wp:featuredmedia":[{"embeddable":true,"href":"https:\/\/cultivers.es\/fr\/wp-json\/wp\/v2\/media\/33997"}],"wp:attachment":[{"href":"https:\/\/cultivers.es\/fr\/wp-json\/wp\/v2\/media?parent=38914"}],"wp:term":[{"taxonomy":"product_brand","embeddable":true,"href":"https:\/\/cultivers.es\/fr\/wp-json\/wp\/v2\/product_brand?post=38914"},{"taxonomy":"product_cat","embeddable":true,"href":"https:\/\/cultivers.es\/fr\/wp-json\/wp\/v2\/product_cat?post=38914"},{"taxonomy":"product_tag","embeddable":true,"href":"https:\/\/cultivers.es\/fr\/wp-json\/wp\/v2\/product_tag?post=38914"}],"curies":[{"name":"wp","href":"https:\/\/api.w.org\/{rel}","templated":true}]}}