{"id":38924,"date":"2024-09-12T13:30:06","date_gmt":"2024-09-12T13:30:06","guid":{"rendered":"https:\/\/cultivers.es\/abonos\/graines-de-fenouil-geant-mammouth-perfection-organic-fennel-seeds\/"},"modified":"2025-11-10T14:59:39","modified_gmt":"2025-11-10T14:59:39","slug":"graines-de-fenouil-geant-mammouth-perfection-organic-fennel-seeds","status":"publish","type":"product","link":"https:\/\/cultivers.es\/fr\/abonnements\/graines-de-fenouil-geant-mammouth-perfection-organic-fennel-seeds\/","title":{"rendered":"Graines de fenouil G\u00e9ant Mammouth Perfection"},"content":{"rendered":"","protected":false},"excerpt":{"rendered":"<p>Ajoutez une touche de fra\u00eecheur et de distinction \u00e0 votre jardin avec nos graines de fenouil G\u00e9ant Mammouth Perfection Bio. Cette vari\u00e9t\u00e9 de fenouil se caract\u00e9rise par ses gros bulbes \u00e0 la texture croquante et \u00e0 la saveur anis\u00e9e, id\u00e9ale pour de nombreuses pr\u00e9parations culinaires. Cultivez des fenouils de taille extraordinaire et d\u00e9gustez-les dans des salades, des rago\u00fbts ou des r\u00f4tis pour ravir votre palais avec leur ar\u00f4me d\u00e9licat et leur saveur exquise.  <\/p>\n<ul>\n<li><strong>Taille extraordinaire : le<\/strong> fenouil G\u00e9ant Mammouth Perfection se distingue par ses gros bulbes, parfaits pour ceux qui recherchent un fenouil robuste et productif, qui excelle aussi bien au jardin qu&rsquo;en cuisine.<\/li>\n<li><strong>Douceur et saveur anis\u00e9e :<\/strong> sa d\u00e9licate saveur anis\u00e9e en fait un ingr\u00e9dient polyvalent pour les salades fra\u00eeches, les grillades ou les gratins. Sa texture croquante et son ar\u00f4me frais la rendent indispensable dans la cuisine m\u00e9diterran\u00e9enne. <\/li>\n<li><strong>Facile \u00e0 cultiver :<\/strong> Cette vari\u00e9t\u00e9 de fenouil est rustique et facile \u00e0 cultiver dans une vari\u00e9t\u00e9 de climats et de sols, ce qui la rend id\u00e9ale pour les d\u00e9butants et les jardiniers avanc\u00e9s. Elle n\u00e9cessite un arrosage mod\u00e9r\u00e9 et un bon drainage. <\/li>\n<li><strong>Riche en nutriments :<\/strong> Le fenouil est une excellente source de fibres, de vitamine C, de potassium et d&rsquo;antioxydants, ce qui en fait un aliment sain et nutritif \u00e0 inclure dans votre alimentation quotidienne.<\/li>\n<li><strong>Culture biologique :<\/strong> Nos graines sont 100% biologiques, ce qui garantit que votre fenouil pousse sans pesticides ni engrais chimiques, favorisant ainsi une alimentation saine et un jardin durable.<\/li>\n<\/ul>\n<p>Cultivez un fenouil de grande taille et exceptionnellement savoureux avec nos graines de fenouil biologique G\u00e9ant Mammouth Perfection. Ajoutez de la fra\u00eecheur et de la nutrition \u00e0 votre table avec ce l\u00e9gume polyvalent - commandez d\u00e8s aujourd&rsquo;hui et profitez d&rsquo;une r\u00e9colte saine et abondante dans votre jardin biologique !  <\/p>\n","protected":false},"featured_media":34030,"comment_status":"open","ping_status":"closed","template":"","meta":{"_acf_changed":false},"product_brand":[],"product_cat":[426,424],"product_tag":[1579],"class_list":{"0":"post-38924","1":"product","2":"type-product","3":"status-publish","4":"has-post-thumbnail","6":"product_cat-graines-de-racines-biologiques","7":"product_cat-semences-biologiques","8":"product_tag-eco","10":"first","11":"instock","12":"sale","13":"taxable","14":"shipping-taxable","15":"purchasable","16":"product-type-simple"},"acf":[],"_links":{"self":[{"href":"https:\/\/cultivers.es\/fr\/wp-json\/wp\/v2\/product\/38924","targetHints":{"allow":["GET"]}}],"collection":[{"href":"https:\/\/cultivers.es\/fr\/wp-json\/wp\/v2\/product"}],"about":[{"href":"https:\/\/cultivers.es\/fr\/wp-json\/wp\/v2\/types\/product"}],"replies":[{"embeddable":true,"href":"https:\/\/cultivers.es\/fr\/wp-json\/wp\/v2\/comments?post=38924"}],"wp:featuredmedia":[{"embeddable":true,"href":"https:\/\/cultivers.es\/fr\/wp-json\/wp\/v2\/media\/34030"}],"wp:attachment":[{"href":"https:\/\/cultivers.es\/fr\/wp-json\/wp\/v2\/media?parent=38924"}],"wp:term":[{"taxonomy":"product_brand","embeddable":true,"href":"https:\/\/cultivers.es\/fr\/wp-json\/wp\/v2\/product_brand?post=38924"},{"taxonomy":"product_cat","embeddable":true,"href":"https:\/\/cultivers.es\/fr\/wp-json\/wp\/v2\/product_cat?post=38924"},{"taxonomy":"product_tag","embeddable":true,"href":"https:\/\/cultivers.es\/fr\/wp-json\/wp\/v2\/product_tag?post=38924"}],"curies":[{"name":"wp","href":"https:\/\/api.w.org\/{rel}","templated":true}]}}