{"id":38925,"date":"2024-09-12T11:59:05","date_gmt":"2024-09-12T11:59:05","guid":{"rendered":"https:\/\/cultivers.es\/abonos\/corno-di-toro-giallo-pepper-seeds-organic\/"},"modified":"2025-09-22T04:53:00","modified_gmt":"2025-09-22T04:53:00","slug":"corno-di-toro-giallo-pepper-seeds-organic","status":"publish","type":"product","link":"https:\/\/cultivers.es\/fr\/abonnements\/corno-di-toro-giallo-pepper-seeds-organic\/","title":{"rendered":"Graines de piment Corno di Toro Giallo"},"content":{"rendered":"","protected":false},"excerpt":{"rendered":"<p>Cultivez une vari\u00e9t\u00e9 italienne traditionnelle avec nos graines de poivron Corno di Toro Giallo biologique. Connu pour sa forme allong\u00e9e et incurv\u00e9e, semblable \u00e0 une corne de taureau, et sa couleur jaune vif, ce poivron est r\u00e9put\u00e9 pour sa saveur douce et sucr\u00e9e. Parfait pour \u00eatre r\u00f4ti, farci ou d\u00e9gust\u00e9 frais en salade, le poivron Corno di Toro Giallo est un choix d\u00e9licieux et polyvalent pour votre jardin biologique.  <\/p>\n<ul>\n<li><strong>Go\u00fbt doux et sucr\u00e9 :<\/strong> ce poivron se caract\u00e9rise par son go\u00fbt doux et l\u00e9g\u00e8rement fruit\u00e9, id\u00e9al pour \u00eatre cuit au four, grill\u00e9, farci ou d\u00e9gust\u00e9 cru en salade. Sa texture est tendre et sa chair est juteuse. <\/li>\n<li><strong>Forme et couleur attrayantes :<\/strong> le piment Corno di Toro Giallo a une forme allong\u00e9e et courb\u00e9e et sa couleur jaune vif apporte une touche de couleur vibrante aussi bien dans le jardin que dans la cuisine.<\/li>\n<li><strong>Productivit\u00e9 \u00e9lev\u00e9e :<\/strong> Cette plante est vigoureuse et produit de grandes quantit\u00e9s de poivrons tout au long de la saison, offrant une r\u00e9colte abondante pour de multiples utilisations culinaires.<\/li>\n<li><strong>Facile \u00e0 cultiver :<\/strong> C&rsquo;est une vari\u00e9t\u00e9 rustique et facile \u00e0 cultiver, id\u00e9ale pour les jardiniers novices et experts. Elle s&rsquo;adapte bien \u00e0 diff\u00e9rents climats et types de sol, et peut \u00eatre cultiv\u00e9e dans les potagers ou en pots. <\/li>\n<li><strong>Culture biologique :<\/strong> Nos semences sont 100% biologiques, garantissant une culture sans pesticides ni produits chimiques, ce qui favorise la sant\u00e9 de votre jardin et de votre famille.<\/li>\n<\/ul>\n<p>Remplissez votre jardin de couleur et de douceur avec les graines de poivrons Corno di Toro Giallo. Profitez d&rsquo;une r\u00e9colte abondante de poivrons sains et d\u00e9licieux, cultiv\u00e9s de mani\u00e8re durable. Commandez d\u00e8s aujourd&rsquo;hui et apportez le meilleur de l&rsquo;Italie dans votre jardin et sur votre table !  <\/p>\n","protected":false},"featured_media":34022,"comment_status":"open","ping_status":"closed","template":"","meta":{"_acf_changed":false},"product_brand":[],"product_cat":[424,430],"product_tag":[1579],"class_list":{"0":"post-38925","1":"product","2":"type-product","3":"status-publish","4":"has-post-thumbnail","6":"product_cat-semences-biologiques","7":"product_cat-semences-de-fruits-et-legumes-biologiques","8":"product_tag-eco","10":"first","11":"instock","12":"taxable","13":"shipping-taxable","14":"purchasable","15":"product-type-simple"},"acf":[],"_links":{"self":[{"href":"https:\/\/cultivers.es\/fr\/wp-json\/wp\/v2\/product\/38925","targetHints":{"allow":["GET"]}}],"collection":[{"href":"https:\/\/cultivers.es\/fr\/wp-json\/wp\/v2\/product"}],"about":[{"href":"https:\/\/cultivers.es\/fr\/wp-json\/wp\/v2\/types\/product"}],"replies":[{"embeddable":true,"href":"https:\/\/cultivers.es\/fr\/wp-json\/wp\/v2\/comments?post=38925"}],"wp:featuredmedia":[{"embeddable":true,"href":"https:\/\/cultivers.es\/fr\/wp-json\/wp\/v2\/media\/34022"}],"wp:attachment":[{"href":"https:\/\/cultivers.es\/fr\/wp-json\/wp\/v2\/media?parent=38925"}],"wp:term":[{"taxonomy":"product_brand","embeddable":true,"href":"https:\/\/cultivers.es\/fr\/wp-json\/wp\/v2\/product_brand?post=38925"},{"taxonomy":"product_cat","embeddable":true,"href":"https:\/\/cultivers.es\/fr\/wp-json\/wp\/v2\/product_cat?post=38925"},{"taxonomy":"product_tag","embeddable":true,"href":"https:\/\/cultivers.es\/fr\/wp-json\/wp\/v2\/product_tag?post=38925"}],"curies":[{"name":"wp","href":"https:\/\/api.w.org\/{rel}","templated":true}]}}