{"id":38940,"date":"2024-09-26T13:36:23","date_gmt":"2024-09-26T13:36:23","guid":{"rendered":"https:\/\/cultivers.es\/abonos\/graines-depinards-biologiques-de-nouvelle-zelande\/"},"modified":"2025-09-22T05:22:08","modified_gmt":"2025-09-22T05:22:08","slug":"graines-depinards-biologiques-de-nouvelle-zelande","status":"publish","type":"product","link":"https:\/\/cultivers.es\/fr\/abonnements\/graines-depinards-biologiques-de-nouvelle-zelande\/","title":{"rendered":"Demeter Biodynamic New Zealand Spinach Seeds (graines d&rsquo;\u00e9pinards biodynamiques de Nouvelle-Z\u00e9lande)"},"content":{"rendered":"","protected":false},"excerpt":{"rendered":"<p>Cultivez une vari\u00e9t\u00e9 nutritive et r\u00e9sistante avec nos graines d&rsquo;\u00e9pinards biologiques de Nouvelle-Z\u00e9lande. Cette plante est parfaite pour les mois les plus chauds, car elle tol\u00e8re bien la chaleur et ne fane pas aussi rapidement que d&rsquo;autres vari\u00e9t\u00e9s d&rsquo;\u00e9pinards. Avec ses feuilles \u00e9paisses et sa saveur douce, l&rsquo;\u00e9pinard de Nouvelle-Z\u00e9lande est id\u00e9al pour les salades, les rago\u00fbts et les saut\u00e9s, ajoutant une touche fra\u00eeche et saine \u00e0 vos plats.  <\/p>\n<ul>\n<li><strong>R\u00e9sistance \u00e0 la chaleur :<\/strong> contrairement aux \u00e9pinards traditionnels, les \u00e9pinards n\u00e9o-z\u00e9landais sont id\u00e9aux pour les climats chauds, car ils peuvent supporter des temp\u00e9ratures plus \u00e9lev\u00e9es sans perdre leur qualit\u00e9. Ils sont parfaits pour \u00eatre cultiv\u00e9s pendant l&rsquo;\u00e9t\u00e9. <\/li>\n<li><strong>Feuilles \u00e9paisses et savoureuses :<\/strong> Cette vari\u00e9t\u00e9 produit des feuilles charnues et croquantes, au go\u00fbt doux et l\u00e9g\u00e8rement sucr\u00e9, id\u00e9ales pour \u00eatre consomm\u00e9es crues en salade ou cuites dans des rago\u00fbts ou des saut\u00e9s.<\/li>\n<li><strong>Facile \u00e0 cultiver :<\/strong> l&rsquo;\u00e9pinard de Nouvelle-Z\u00e9lande demande peu d&rsquo;entretien et est tr\u00e8s facile \u00e0 cultiver dans une grande vari\u00e9t\u00e9 de sols et de climats. C&rsquo;est une plante rampante qui peut \u00e9galement pousser en pot, ce qui en fait une plante id\u00e9ale pour les jardins urbains. <\/li>\n<li><strong>Production continue :<\/strong> Une fois \u00e9tablie, cette plante offre une production continue de feuilles, ce qui garantit une r\u00e9colte abondante pendant toute la saison chaude.<\/li>\n<li><strong>Culture biologique :<\/strong> Nos semences sont 100% biologiques, sans pesticides ni produits chimiques, ce qui garantit une r\u00e9colte saine et respectueuse de l&rsquo;environnement.<\/li>\n<\/ul>\n<p>Profitez de la fra\u00eecheur et de la polyvalence des \u00e9pinards de Nouvelle-Z\u00e9lande dans votre jardin biologique. Rustique, facile \u00e0 cultiver et parfaite pour les climats chauds, cette vari\u00e9t\u00e9 vous fournira des feuilles fra\u00eeches et saines tout au long de la saison. <\/p>\n","protected":false},"featured_media":34620,"comment_status":"open","ping_status":"closed","template":"","meta":{"_acf_changed":false},"product_brand":[],"product_cat":[1303,424,459],"product_tag":[1385],"class_list":{"0":"post-38940","1":"product","2":"type-product","3":"status-publish","4":"has-post-thumbnail","6":"product_cat-graines-de-demeter","7":"product_cat-semences-biologiques","8":"product_cat-semences-de-legumes-feuilles-biologiques","9":"product_tag-demeter-fr","11":"first","12":"instock","13":"taxable","14":"shipping-taxable","15":"purchasable","16":"product-type-simple"},"acf":[],"_links":{"self":[{"href":"https:\/\/cultivers.es\/fr\/wp-json\/wp\/v2\/product\/38940","targetHints":{"allow":["GET"]}}],"collection":[{"href":"https:\/\/cultivers.es\/fr\/wp-json\/wp\/v2\/product"}],"about":[{"href":"https:\/\/cultivers.es\/fr\/wp-json\/wp\/v2\/types\/product"}],"replies":[{"embeddable":true,"href":"https:\/\/cultivers.es\/fr\/wp-json\/wp\/v2\/comments?post=38940"}],"wp:featuredmedia":[{"embeddable":true,"href":"https:\/\/cultivers.es\/fr\/wp-json\/wp\/v2\/media\/34620"}],"wp:attachment":[{"href":"https:\/\/cultivers.es\/fr\/wp-json\/wp\/v2\/media?parent=38940"}],"wp:term":[{"taxonomy":"product_brand","embeddable":true,"href":"https:\/\/cultivers.es\/fr\/wp-json\/wp\/v2\/product_brand?post=38940"},{"taxonomy":"product_cat","embeddable":true,"href":"https:\/\/cultivers.es\/fr\/wp-json\/wp\/v2\/product_cat?post=38940"},{"taxonomy":"product_tag","embeddable":true,"href":"https:\/\/cultivers.es\/fr\/wp-json\/wp\/v2\/product_tag?post=38940"}],"curies":[{"name":"wp","href":"https:\/\/api.w.org\/{rel}","templated":true}]}}