{"id":38942,"date":"2024-10-11T12:38:11","date_gmt":"2024-10-11T12:38:11","guid":{"rendered":"https:\/\/cultivers.es\/abonos\/graines-de-haricots-verts-helda-organic\/"},"modified":"2025-09-22T05:22:02","modified_gmt":"2025-09-22T05:22:02","slug":"graines-de-haricots-verts-helda-organic","status":"publish","type":"product","link":"https:\/\/cultivers.es\/fr\/abonnements\/graines-de-haricots-verts-helda-organic\/","title":{"rendered":"Helda Graines de haricots verts"},"content":{"rendered":"","protected":false},"excerpt":{"rendered":"<p>D\u00e9couvrez l&rsquo;excellence dans votre jardin avec nos graines de haricots verts Helda biologiques. Cette vari\u00e9t\u00e9, \u00e9galement connue sous le nom de haricot plat, est appr\u00e9ci\u00e9e pour sa saveur douce, sa texture tendre et son rendement \u00e9lev\u00e9. Le haricot Helda est id\u00e9al pour la consommation fra\u00eeche et la mise en conserve, ce qui en fait un choix polyvalent pour toutes sortes de recettes.  <\/p>\n<ul>\n<li><strong>Gousses longues et plates :<\/strong> les haricots Helda se caract\u00e9risent par leurs gousses longues, plates et charnues, qui peuvent atteindre jusqu&rsquo;\u00e0 20 cm de long. Leur texture tendre les rend parfaits pour \u00eatre cuits \u00e0 la vapeur, bouillis ou saut\u00e9s. <\/li>\n<li><strong>Saveur douce et d\u00e9licate :<\/strong> Cette vari\u00e9t\u00e9 a une saveur douce et sucr\u00e9e qui en fait un accompagnement id\u00e9al pour les salades, les rago\u00fbts ou comme garniture. Elles sont d\u00e9licieuses aussi bien fra\u00eeches que cuites. <\/li>\n<li><strong>Productivit\u00e9 \u00e9lev\u00e9e :<\/strong> Le haricot vert Helda est tr\u00e8s productif, ce qui garantit des r\u00e9coltes abondantes et continues tout au long de la saison. C&rsquo;est un excellent choix pour les petits et les grands jardins. <\/li>\n<li><strong>Facile \u00e0 cultiver :<\/strong> Cette vari\u00e9t\u00e9 est rustique et facile \u00e0 cultiver, s&rsquo;adaptant bien \u00e0 une grande vari\u00e9t\u00e9 de sols et de climats. Id\u00e9ale pour les d\u00e9butants et les jardiniers plus exp\u00e9riment\u00e9s. <\/li>\n<li><strong>Culture biologique :<\/strong> Nos semences sont 100 % biologiques, ce qui garantit que vos haricots poussent sans pesticides ni produits chimiques, favorisant ainsi une culture saine et durable.<\/li>\n<\/ul>\n<p>Profitez de la saveur douce et de l&rsquo;abondance des haricots verts Helda dans votre jardin biologique. Faciles \u00e0 cultiver et parfaits pour une grande vari\u00e9t\u00e9 de plats, ces haricots constitueront un excellent compl\u00e9ment \u00e0 vos cultures. Commandez d\u00e8s aujourd&rsquo;hui et commencez \u00e0 profiter de cette option nutritive et d\u00e9licieuse dans votre jardin !  <\/p>\n","protected":false},"featured_media":35350,"comment_status":"open","ping_status":"closed","template":"","meta":{"_acf_changed":false},"product_brand":[],"product_cat":[761,424],"product_tag":[1579],"class_list":{"0":"post-38942","1":"product","2":"type-product","3":"status-publish","4":"has-post-thumbnail","6":"product_cat-graines-de-legumineuses-biologiques","7":"product_cat-semences-biologiques","8":"product_tag-eco","10":"first","11":"instock","12":"taxable","13":"shipping-taxable","14":"purchasable","15":"product-type-simple"},"acf":[],"_links":{"self":[{"href":"https:\/\/cultivers.es\/fr\/wp-json\/wp\/v2\/product\/38942","targetHints":{"allow":["GET"]}}],"collection":[{"href":"https:\/\/cultivers.es\/fr\/wp-json\/wp\/v2\/product"}],"about":[{"href":"https:\/\/cultivers.es\/fr\/wp-json\/wp\/v2\/types\/product"}],"replies":[{"embeddable":true,"href":"https:\/\/cultivers.es\/fr\/wp-json\/wp\/v2\/comments?post=38942"}],"wp:featuredmedia":[{"embeddable":true,"href":"https:\/\/cultivers.es\/fr\/wp-json\/wp\/v2\/media\/35350"}],"wp:attachment":[{"href":"https:\/\/cultivers.es\/fr\/wp-json\/wp\/v2\/media?parent=38942"}],"wp:term":[{"taxonomy":"product_brand","embeddable":true,"href":"https:\/\/cultivers.es\/fr\/wp-json\/wp\/v2\/product_brand?post=38942"},{"taxonomy":"product_cat","embeddable":true,"href":"https:\/\/cultivers.es\/fr\/wp-json\/wp\/v2\/product_cat?post=38942"},{"taxonomy":"product_tag","embeddable":true,"href":"https:\/\/cultivers.es\/fr\/wp-json\/wp\/v2\/product_tag?post=38942"}],"curies":[{"name":"wp","href":"https:\/\/api.w.org\/{rel}","templated":true}]}}