{"id":38962,"date":"2024-10-14T07:07:10","date_gmt":"2024-10-14T07:07:10","guid":{"rendered":"https:\/\/cultivers.es\/abonos\/demeter-organic-sweet-pea-seeds-graines-de-pois-de-senteur\/"},"modified":"2025-09-22T05:46:45","modified_gmt":"2025-09-22T05:46:45","slug":"demeter-organic-sweet-pea-seeds-graines-de-pois-de-senteur","status":"publish","type":"product","link":"https:\/\/cultivers.es\/fr\/abonnements\/demeter-organic-sweet-pea-seeds-graines-de-pois-de-senteur\/","title":{"rendered":"Graines de pois Graines de pois doux biodynamiques Demeter"},"content":{"rendered":"","protected":false},"excerpt":{"rendered":"<p>Apportez beaut\u00e9 et parfum \u00e0 votre jardin avec nos graines de pois de senteur Demeter Organic. Cette plante grimpante, connue pour ses fleurs aux couleurs \u00e9clatantes et son parfum enivrant, est id\u00e9ale pour embellir les pergolas, les cl\u00f4tures ou les murs. Le pois de senteur ajoute non seulement de la couleur et de la vie \u00e0 votre jardin, mais attire \u00e9galement les pollinisateurs tels que les abeilles et les papillons, contribuant ainsi \u00e0 maintenir la biodiversit\u00e9 dans votre jardin. Avec la certification Demeter, vous pouvez \u00eatre s\u00fbr que vous cultivez de mani\u00e8re \u00e9cologique et respectueuse de l&rsquo;environnement.   <\/p>\n<ul>\n<li><strong>Fleurs color\u00e9es et parfum\u00e9es :<\/strong> Le pois de senteur produit une explosion de fleurs aux couleurs vari\u00e9es, allant du violet, du rose et du blanc au bleu, toutes dot\u00e9es d&rsquo;un parfum doux et d\u00e9licat qui embaumera votre jardin.<\/li>\n<li><strong>Plante grimpante ornementale :<\/strong> cette plante est parfaite pour recouvrir les pergolas, les treillis, les cl\u00f4tures ou les murs, cr\u00e9ant ainsi un \u00e9cran naturel de couleurs et de parfums. Sa croissance rapide en fait un choix id\u00e9al pour embellir n&rsquo;importe quel espace. <\/li>\n<li><strong>Attraction des pollinisateurs : le<\/strong> pois de senteur est une excellente plante pour attirer les pollinisateurs tels que les abeilles et les papillons, ce qui favorise la biodiversit\u00e9 et contribue \u00e0 am\u00e9liorer la pollinisation des autres cultures dans votre jardin.<\/li>\n<li><strong>Facile \u00e0 cultiver :<\/strong> Cette vari\u00e9t\u00e9 est rustique et s&rsquo;adapte bien \u00e0 diff\u00e9rents types de sols et de climats. Elle est facile \u00e0 entretenir, ce qui fait qu&rsquo;elle convient aussi bien aux d\u00e9butants qu&rsquo;aux jardiniers exp\u00e9riment\u00e9s. <\/li>\n<li><strong>Certification Demeter :<\/strong> Nos semences sont certifi\u00e9es par Demeter, ce qui garantit qu&rsquo;elles ont \u00e9t\u00e9 cultiv\u00e9es selon les principes de l&rsquo;agriculture biodynamique, favorisant un \u00e9quilibre naturel et durable de l&rsquo;\u00e9cosyst\u00e8me.<\/li>\n<li><strong>Culture biologique :<\/strong> les graines de pois de senteur sont 100 % biologiques, sans pesticides ni produits chimiques, ce qui garantit une culture saine et respectueuse de l&rsquo;environnement.<\/li>\n<\/ul>\n<p>Ajoutez de la couleur, du parfum et de la vie \u00e0 votre jardin avec les graines de pois de senteur Demeter Organic. Profitez de leurs fleurs \u00e9clatantes et de leur doux parfum tout en favorisant la biodiversit\u00e9 et l&rsquo;agriculture durable. Commandez d\u00e8s aujourd&rsquo;hui et transformez votre jardin en un paradis de couleurs et de parfums naturels !  <\/p>\n","protected":false},"featured_media":35496,"comment_status":"open","ping_status":"closed","template":"","meta":{"_acf_changed":false},"product_brand":[],"product_cat":[1303,424],"product_tag":[1385],"class_list":{"0":"post-38962","1":"product","2":"type-product","3":"status-publish","4":"has-post-thumbnail","6":"product_cat-graines-de-demeter","7":"product_cat-semences-biologiques","8":"product_tag-demeter-fr","10":"first","11":"instock","12":"taxable","13":"shipping-taxable","14":"purchasable","15":"product-type-simple"},"acf":[],"_links":{"self":[{"href":"https:\/\/cultivers.es\/fr\/wp-json\/wp\/v2\/product\/38962","targetHints":{"allow":["GET"]}}],"collection":[{"href":"https:\/\/cultivers.es\/fr\/wp-json\/wp\/v2\/product"}],"about":[{"href":"https:\/\/cultivers.es\/fr\/wp-json\/wp\/v2\/types\/product"}],"replies":[{"embeddable":true,"href":"https:\/\/cultivers.es\/fr\/wp-json\/wp\/v2\/comments?post=38962"}],"wp:featuredmedia":[{"embeddable":true,"href":"https:\/\/cultivers.es\/fr\/wp-json\/wp\/v2\/media\/35496"}],"wp:attachment":[{"href":"https:\/\/cultivers.es\/fr\/wp-json\/wp\/v2\/media?parent=38962"}],"wp:term":[{"taxonomy":"product_brand","embeddable":true,"href":"https:\/\/cultivers.es\/fr\/wp-json\/wp\/v2\/product_brand?post=38962"},{"taxonomy":"product_cat","embeddable":true,"href":"https:\/\/cultivers.es\/fr\/wp-json\/wp\/v2\/product_cat?post=38962"},{"taxonomy":"product_tag","embeddable":true,"href":"https:\/\/cultivers.es\/fr\/wp-json\/wp\/v2\/product_tag?post=38962"}],"curies":[{"name":"wp","href":"https:\/\/api.w.org\/{rel}","templated":true}]}}