{"id":38971,"date":"2024-10-14T07:21:36","date_gmt":"2024-10-14T07:21:36","guid":{"rendered":"https:\/\/cultivers.es\/abonos\/mache-en-graines-grote-noordhollandse-organic-demeter\/"},"modified":"2025-09-22T04:51:48","modified_gmt":"2025-09-22T04:51:48","slug":"mache-en-graines-grote-noordhollandse-organic-demeter","status":"publish","type":"product","link":"https:\/\/cultivers.es\/fr\/abonnements\/mache-en-graines-grote-noordhollandse-organic-demeter\/","title":{"rendered":"Graines de m\u00e2che Grote Noordhollandse Biodynamic Demeter"},"content":{"rendered":"","protected":false},"excerpt":{"rendered":"<p>Cultivez l&rsquo;un des l\u00e9gumes les plus nutritifs et les plus faciles \u00e0 entretenir avec nos graines de m\u00e2che Demeter Organic Grote Noordhollandse. Cette vari\u00e9t\u00e9 de m\u00e2che se caract\u00e9rise par ses feuilles vertes et tendres et sa saveur douce, id\u00e9ale pour les salades fra\u00eeches et l\u00e9g\u00e8res. La m\u00e2che est riche en vitamines et en min\u00e9raux, ce qui en fait un excellent choix pour une alimentation \u00e9quilibr\u00e9e. Avec la certification Demeter, vous pratiquez une agriculture durable et respectueuse de l&rsquo;environnement, selon les principes de l&rsquo;agriculture biodynamique.   <\/p>\n<ul>\n<li><strong>Feuilles vertes et tendres :<\/strong> La m\u00e2che Grote Noordhollandse produit de petites feuilles vertes et tendres qui sont parfaites pour les salades fra\u00eeches, offrant une texture douce et une saveur d\u00e9licate.<\/li>\n<li><strong>Saveur douce :<\/strong> Cette vari\u00e9t\u00e9 est connue pour sa saveur l\u00e9g\u00e8re et douce, ce qui en fait un excellent choix pour les salades ou comme garniture, compl\u00e9tant parfaitement les autres ingr\u00e9dients sans en dominer les saveurs.<\/li>\n<li><strong>Facile \u00e0 cultiver :<\/strong> la m\u00e2che est une plante rustique et facile \u00e0 cultiver, qui s&rsquo;adapte bien \u00e0 diff\u00e9rents types de sols et de climats. Elle est id\u00e9ale pour les jardins ext\u00e9rieurs ainsi que pour la culture en pots sur les balcons ou les terrasses. <\/li>\n<li><strong>Riche en nutriments :<\/strong> La m\u00e2che est une excellente source de vitamines A, C et E, ainsi que de fer et d&rsquo;autres min\u00e9raux essentiels, ce qui en fait un superaliment id\u00e9al \u00e0 inclure dans votre r\u00e9gime alimentaire.<\/li>\n<li><strong>Certification Demeter :<\/strong> Les semences de m\u00e2che Grote Noordhollandse sont certifi\u00e9es par Demeter, ce qui garantit qu&rsquo;elles ont \u00e9t\u00e9 cultiv\u00e9es selon les principes de l&rsquo;agriculture biodynamique, dans le respect des cycles naturels et de l&rsquo;\u00e9quilibre du sol.<\/li>\n<li><strong>Culture biologique :<\/strong> Nos semences sont 100 % biologiques, ce qui garantit une culture sans pesticides ni engrais chimiques, et donc une r\u00e9colte saine et respectueuse de l&rsquo;environnement.<\/li>\n<\/ul>\n<p>Ajoutez de la fra\u00eecheur et de la nutrition \u00e0 votre jardin avec les graines de m\u00e2che Demeter Organic Grote Noordhollandse. Profitez de r\u00e9coltes abondantes, saines et cultiv\u00e9es de mani\u00e8re durable - commandez d\u00e8s aujourd&rsquo;hui et commencez \u00e0 appr\u00e9cier ce d\u00e9licieux l\u00e9gume dans vos salades fra\u00eeches et saines !  <\/p>\n","protected":false},"featured_media":35511,"comment_status":"open","ping_status":"closed","template":"","meta":{"_acf_changed":false},"product_brand":[],"product_cat":[1303,424],"product_tag":[1385],"class_list":{"0":"post-38971","1":"product","2":"type-product","3":"status-publish","4":"has-post-thumbnail","6":"product_cat-graines-de-demeter","7":"product_cat-semences-biologiques","8":"product_tag-demeter-fr","10":"first","11":"instock","12":"taxable","13":"shipping-taxable","14":"purchasable","15":"product-type-simple"},"acf":[],"_links":{"self":[{"href":"https:\/\/cultivers.es\/fr\/wp-json\/wp\/v2\/product\/38971","targetHints":{"allow":["GET"]}}],"collection":[{"href":"https:\/\/cultivers.es\/fr\/wp-json\/wp\/v2\/product"}],"about":[{"href":"https:\/\/cultivers.es\/fr\/wp-json\/wp\/v2\/types\/product"}],"replies":[{"embeddable":true,"href":"https:\/\/cultivers.es\/fr\/wp-json\/wp\/v2\/comments?post=38971"}],"wp:featuredmedia":[{"embeddable":true,"href":"https:\/\/cultivers.es\/fr\/wp-json\/wp\/v2\/media\/35511"}],"wp:attachment":[{"href":"https:\/\/cultivers.es\/fr\/wp-json\/wp\/v2\/media?parent=38971"}],"wp:term":[{"taxonomy":"product_brand","embeddable":true,"href":"https:\/\/cultivers.es\/fr\/wp-json\/wp\/v2\/product_brand?post=38971"},{"taxonomy":"product_cat","embeddable":true,"href":"https:\/\/cultivers.es\/fr\/wp-json\/wp\/v2\/product_cat?post=38971"},{"taxonomy":"product_tag","embeddable":true,"href":"https:\/\/cultivers.es\/fr\/wp-json\/wp\/v2\/product_tag?post=38971"}],"curies":[{"name":"wp","href":"https:\/\/api.w.org\/{rel}","templated":true}]}}