{"id":38972,"date":"2024-10-14T07:16:09","date_gmt":"2024-10-14T07:16:09","guid":{"rendered":"https:\/\/cultivers.es\/abonos\/la-brillante-semences-de-laitue-bio-demeter\/"},"modified":"2025-09-22T05:46:51","modified_gmt":"2025-09-22T05:46:51","slug":"la-brillante-semences-de-laitue-bio-demeter","status":"publish","type":"product","link":"https:\/\/cultivers.es\/fr\/abonnements\/la-brillante-semences-de-laitue-bio-demeter\/","title":{"rendered":"La Brillante Semences de laitue Demeter biodynamique"},"content":{"rendered":"","protected":false},"excerpt":{"rendered":"<p>Ajoutez de la fra\u00eecheur et du croquant \u00e0 vos plats avec nos graines de laitue Demeter Organic La Brillante. Cette vari\u00e9t\u00e9 se distingue par ses feuilles d&rsquo;un vert vif et sa structure compacte, ce qui en fait un choix parfait pour des salades fra\u00eeches et saines. Son go\u00fbt doux et l\u00e9g\u00e8rement sucr\u00e9 est id\u00e9al pour compl\u00e9ter n&rsquo;importe quel plat. Avec la certification Demeter, vous avez la certitude de cultiver une laitue biologique et respectueuse de l&rsquo;environnement, selon les principes de l&rsquo;agriculture biodynamique.   <\/p>\n<ul>\n<li><strong>Feuilles brillantes et croquantes :<\/strong> La laitue La Brillante produit des feuilles d&rsquo;un vert profond, avec une texture croquante et une saveur douce, ce qui en fait une laitue parfaite pour les salades fra\u00eeches, les wraps ou comme garniture.<\/li>\n<li><strong>Facile \u00e0 cultiver :<\/strong> Cette vari\u00e9t\u00e9 est rustique et s&rsquo;adapte bien aux diff\u00e9rentes conditions climatiques et de sol. Elle est id\u00e9ale pour les jardiniers d\u00e9butants et exp\u00e9riment\u00e9s, offrant des r\u00e9coltes continues et abondantes. <\/li>\n<li><strong>R\u00e9colte prolong\u00e9e :<\/strong> La laitue La Brillante permet une r\u00e9colte prolong\u00e9e tout au long de la saison de croissance, et peut \u00eatre r\u00e9colt\u00e9e feuille par feuille pour que vous ayez toujours des feuilles fra\u00eeches \u00e0 port\u00e9e de main.<\/li>\n<li><strong>Certification Demeter :<\/strong> Ces semences sont certifi\u00e9es Demeter, ce qui garantit qu&rsquo;elles ont \u00e9t\u00e9 cultiv\u00e9es selon les principes de l&rsquo;agriculture biodynamique, en respectant l&rsquo;\u00e9quilibre naturel de l&rsquo;\u00e9cosyst\u00e8me et en favorisant la sant\u00e9 des sols.<\/li>\n<li><strong>Culture biologique :<\/strong> nos semences sont 100 % biologiques et exemptes de pesticides et de produits chimiques, ce qui garantit une r\u00e9colte saine et durable pour vous et pour l&rsquo;environnement.<\/li>\n<\/ul>\n<p>Remplissez votre jardin de fra\u00eecheur et de croquant avec nos graines de laitue Demeter Organic La Brillante. Profitez d&rsquo;une r\u00e9colte continue de laitue fra\u00eeche et saine, cultiv\u00e9e de mani\u00e8re \u00e9cologique et respectueuse de l&rsquo;environnement. Commandez d\u00e8s aujourd&rsquo;hui et profitez de la fra\u00eecheur et de la saveur de cette d\u00e9licieuse laitue dans votre jardin !  <\/p>\n","protected":false},"featured_media":50068,"comment_status":"open","ping_status":"closed","template":"","meta":{"_acf_changed":false},"product_brand":[],"product_cat":[1303,424],"product_tag":[1385],"class_list":{"0":"post-38972","1":"product","2":"type-product","3":"status-publish","4":"has-post-thumbnail","6":"product_cat-graines-de-demeter","7":"product_cat-semences-biologiques","8":"product_tag-demeter-fr","10":"first","11":"instock","12":"taxable","13":"shipping-taxable","14":"purchasable","15":"product-type-simple"},"acf":[],"_links":{"self":[{"href":"https:\/\/cultivers.es\/fr\/wp-json\/wp\/v2\/product\/38972","targetHints":{"allow":["GET"]}}],"collection":[{"href":"https:\/\/cultivers.es\/fr\/wp-json\/wp\/v2\/product"}],"about":[{"href":"https:\/\/cultivers.es\/fr\/wp-json\/wp\/v2\/types\/product"}],"replies":[{"embeddable":true,"href":"https:\/\/cultivers.es\/fr\/wp-json\/wp\/v2\/comments?post=38972"}],"wp:featuredmedia":[{"embeddable":true,"href":"https:\/\/cultivers.es\/fr\/wp-json\/wp\/v2\/media\/50068"}],"wp:attachment":[{"href":"https:\/\/cultivers.es\/fr\/wp-json\/wp\/v2\/media?parent=38972"}],"wp:term":[{"taxonomy":"product_brand","embeddable":true,"href":"https:\/\/cultivers.es\/fr\/wp-json\/wp\/v2\/product_brand?post=38972"},{"taxonomy":"product_cat","embeddable":true,"href":"https:\/\/cultivers.es\/fr\/wp-json\/wp\/v2\/product_cat?post=38972"},{"taxonomy":"product_tag","embeddable":true,"href":"https:\/\/cultivers.es\/fr\/wp-json\/wp\/v2\/product_tag?post=38972"}],"curies":[{"name":"wp","href":"https:\/\/api.w.org\/{rel}","templated":true}]}}