{"id":38979,"date":"2024-10-14T07:27:07","date_gmt":"2024-10-14T07:27:07","guid":{"rendered":"https:\/\/cultivers.es\/abonos\/graines-de-bleuet-demeter-ecological-mixed-colours\/"},"modified":"2026-03-14T10:05:53","modified_gmt":"2026-03-14T10:05:53","slug":"graines-de-bleuet-demeter-ecological-mixed-colours","status":"publish","type":"product","link":"https:\/\/cultivers.es\/fr\/abonnements\/graines-de-bleuet-demeter-ecological-mixed-colours\/","title":{"rendered":"Graines de bleuet Colour Mix Eco Demeter"},"content":{"rendered":"","protected":false},"excerpt":{"rendered":"<p>Embellissez votre jardin avec une explosion de couleurs vibrantes gr\u00e2ce \u00e0 nos Demeter Organic Cornflower Mixed Colour Seeds. Cette plante annuelle est connue pour ses magnifiques fleurs dans les tons bleu, rose, blanc et violet, qui non seulement apportent de la vie et de la couleur \u00e0 votre jardin, mais attirent \u00e9galement les pollinisateurs tels que les abeilles et les papillons, am\u00e9liorant ainsi la biodiversit\u00e9 de votre jardin. Avec la certification Demeter, vous pouvez \u00eatre s\u00fbr que vous cultivez de mani\u00e8re durable et en harmonie avec la nature.  <\/p>\n<ul>\n<li>Des fleurs <strong>aux couleurs vari\u00e9es :<\/strong> cette vari\u00e9t\u00e9 de bleuet produit des fleurs aux couleurs vari\u00e9es, du bleu classique aux nuances de rose, de blanc et de violet. Ces fleurs \u00e9clatantes sont parfaites pour embellir n&rsquo;importe quel coin de votre jardin. <\/li>\n<li><strong>Attraction des pollinisateurs : le<\/strong> bleuet est connu pour attirer les abeilles, les papillons et d&rsquo;autres insectes b\u00e9n\u00e9fiques, ce qui favorise la pollinisation et la sant\u00e9 g\u00e9n\u00e9rale de votre jardin, am\u00e9liorant ainsi les performances des autres cultures.<\/li>\n<li><strong>Facile \u00e0 cultiver : le<\/strong> bleuet est une plante rustique qui s&rsquo;adapte bien \u00e0 diff\u00e9rents types de sol et de conditions climatiques. Elle est id\u00e9ale pour les d\u00e9butants comme pour les jardiniers exp\u00e9riment\u00e9s, et pousse facilement dans les bordures de jardin ou les plates-bandes. <\/li>\n<li><strong>Utilisation ornementale et m\u00e9dicinale :<\/strong> outre son utilisation ornementale, le bleuet est traditionnellement utilis\u00e9 en phytoth\u00e9rapie pour ses propri\u00e9t\u00e9s anti-inflammatoires et apaisantes, ce qui ajoute une valeur suppl\u00e9mentaire \u00e0 sa culture.<\/li>\n<li><strong>Certification Demeter :<\/strong> Ces semences sont certifi\u00e9es par Demeter, ce qui garantit qu&rsquo;elles ont \u00e9t\u00e9 cultiv\u00e9es selon les principes de l&rsquo;agriculture biodynamique, dans le respect de l&rsquo;\u00e9quilibre naturel de l&rsquo;\u00e9cosyst\u00e8me et du sol.<\/li>\n<li><strong>Culture biologique :<\/strong> Nos graines de bleuet sont 100 % biologiques, exemptes de pesticides et de produits chimiques, ce qui garantit un jardin sain et respectueux de l&rsquo;environnement.<\/li>\n<\/ul>\n<p>Remplissez votre jardin de couleurs, de vie et de biodiversit\u00e9 avec Demeter Organic Cornflower Mixed Colours. Attirez les pollinisateurs et appr\u00e9ciez la beaut\u00e9 de ces fleurs, tout en cultivant de mani\u00e8re durable. Commandez d\u00e8s aujourd&rsquo;hui et transformez votre jardin en un paradis de couleurs vibrantes !  <\/p>\n","protected":false},"featured_media":35519,"comment_status":"open","ping_status":"closed","template":"","meta":{"_acf_changed":false},"product_brand":[],"product_cat":[1303,424],"product_tag":[1385],"class_list":{"0":"post-38979","1":"product","2":"type-product","3":"status-publish","4":"has-post-thumbnail","6":"product_cat-graines-de-demeter","7":"product_cat-semences-biologiques","8":"product_tag-demeter-fr","10":"first","11":"outofstock","12":"taxable","13":"shipping-taxable","14":"purchasable","15":"product-type-simple"},"acf":[],"_links":{"self":[{"href":"https:\/\/cultivers.es\/fr\/wp-json\/wp\/v2\/product\/38979","targetHints":{"allow":["GET"]}}],"collection":[{"href":"https:\/\/cultivers.es\/fr\/wp-json\/wp\/v2\/product"}],"about":[{"href":"https:\/\/cultivers.es\/fr\/wp-json\/wp\/v2\/types\/product"}],"replies":[{"embeddable":true,"href":"https:\/\/cultivers.es\/fr\/wp-json\/wp\/v2\/comments?post=38979"}],"wp:featuredmedia":[{"embeddable":true,"href":"https:\/\/cultivers.es\/fr\/wp-json\/wp\/v2\/media\/35519"}],"wp:attachment":[{"href":"https:\/\/cultivers.es\/fr\/wp-json\/wp\/v2\/media?parent=38979"}],"wp:term":[{"taxonomy":"product_brand","embeddable":true,"href":"https:\/\/cultivers.es\/fr\/wp-json\/wp\/v2\/product_brand?post=38979"},{"taxonomy":"product_cat","embeddable":true,"href":"https:\/\/cultivers.es\/fr\/wp-json\/wp\/v2\/product_cat?post=38979"},{"taxonomy":"product_tag","embeddable":true,"href":"https:\/\/cultivers.es\/fr\/wp-json\/wp\/v2\/product_tag?post=38979"}],"curies":[{"name":"wp","href":"https:\/\/api.w.org\/{rel}","templated":true}]}}