{"id":38987,"date":"2024-10-14T08:28:54","date_gmt":"2024-10-14T08:28:54","guid":{"rendered":"https:\/\/cultivers.es\/abonos\/graines-de-sesame-noir-demeter\/"},"modified":"2026-03-14T10:04:54","modified_gmt":"2026-03-14T10:04:54","slug":"graines-de-sesame-noir-demeter","status":"publish","type":"product","link":"https:\/\/cultivers.es\/fr\/abonnements\/graines-de-sesame-noir-demeter\/","title":{"rendered":"Graines de s\u00e9same noir biodynamiques Eco Demeter"},"content":{"rendered":"","protected":false},"excerpt":{"rendered":"<p>D\u00e9couvrez la puissance nutritionnelle du s\u00e9same noir avec nos graines de s\u00e9same noir Demeter Organic. Ce petit mais puissant super-aliment est appr\u00e9ci\u00e9 pour sa saveur distinctive ainsi que pour sa teneur \u00e9lev\u00e9e en min\u00e9raux et en antioxydants. Parfaites pour ajouter une touche exotique aux salades, pains, plats asiatiques ou desserts. Certifi\u00e9es Demeter, nos graines garantissent une culture biologique et durable, respectant la sant\u00e9 des sols et l&rsquo;\u00e9quilibre naturel de l&rsquo;\u00e9cosyst\u00e8me.   <\/p>\n<ul>\n<li><strong>Saveur intense et nutritive :<\/strong> les graines de s\u00e9same noir ont une saveur plus intense et l\u00e9g\u00e8rement noiset\u00e9e que le s\u00e9same blanc. Elles sont id\u00e9ales pour enrichir une grande vari\u00e9t\u00e9 de plats, tant sucr\u00e9s que sal\u00e9s. <\/li>\n<li><strong>Valeur nutritionnelle \u00e9lev\u00e9e : le<\/strong> s\u00e9same noir est riche en calcium, en magn\u00e9sium, en zinc et en fer, et constitue \u00e9galement une excellente source d&rsquo;antioxydants et d&rsquo;acides gras sains. La consommation de ces graines pr\u00e9sente d&rsquo;importants avantages pour la sant\u00e9 osseuse, cardiovasculaire et digestive. <\/li>\n<li><strong>Polyvalentes en cuisine :<\/strong> vous pouvez saupoudrer ces graines sur les salades, les plats de riz, les pains, les sushis ou m\u00eame les utiliser dans la pr\u00e9paration de desserts. Leur couleur fonc\u00e9e et leur saveur prononc\u00e9e ajoutent une esth\u00e9tique et un go\u00fbt uniques \u00e0 tous les plats. <\/li>\n<li><strong>Facile \u00e0 cultiver :<\/strong> bien que moins r\u00e9pandu, le s\u00e9same est une plante rustique et facile \u00e0 cultiver, id\u00e9ale pour les climats chauds. Il est parfait pour ceux qui veulent exp\u00e9rimenter des cultures non conventionnelles et profiter d&rsquo;une r\u00e9colte riche en nutriments. <\/li>\n<li><strong>Certification Demeter :<\/strong> Ces semences sont certifi\u00e9es par Demeter, ce qui garantit qu&rsquo;elles ont \u00e9t\u00e9 cultiv\u00e9es selon les principes de l&rsquo;agriculture biodynamique, en respectant les cycles naturels du sol et en favorisant un \u00e9cosyst\u00e8me \u00e9quilibr\u00e9.<\/li>\n<li><strong>Culture biologique :<\/strong> nos graines de s\u00e9same noir sont 100 % biologiques, sans pesticides ni engrais chimiques, ce qui garantit une r\u00e9colte saine et respectueuse de l&rsquo;environnement.<\/li>\n<\/ul>\n<p>Ajoutez une touche exotique et nutritive \u00e0 votre potager avec nos graines de s\u00e9same noir Demeter Organic. Cultivez de mani\u00e8re durable et profitez de tous les avantages que ce super-aliment a \u00e0 offrir dans la cuisine - commandez aujourd&rsquo;hui et commencez \u00e0 r\u00e9colter la sant\u00e9 et la saveur de votre propre jardin !  <\/p>\n","protected":false},"featured_media":35542,"comment_status":"open","ping_status":"closed","template":"","meta":{"_acf_changed":false},"product_brand":[],"product_cat":[1303,424],"product_tag":[1385],"class_list":{"0":"post-38987","1":"product","2":"type-product","3":"status-publish","4":"has-post-thumbnail","6":"product_cat-graines-de-demeter","7":"product_cat-semences-biologiques","8":"product_tag-demeter-fr","10":"first","11":"instock","12":"taxable","13":"shipping-taxable","14":"purchasable","15":"product-type-simple"},"acf":[],"_links":{"self":[{"href":"https:\/\/cultivers.es\/fr\/wp-json\/wp\/v2\/product\/38987","targetHints":{"allow":["GET"]}}],"collection":[{"href":"https:\/\/cultivers.es\/fr\/wp-json\/wp\/v2\/product"}],"about":[{"href":"https:\/\/cultivers.es\/fr\/wp-json\/wp\/v2\/types\/product"}],"replies":[{"embeddable":true,"href":"https:\/\/cultivers.es\/fr\/wp-json\/wp\/v2\/comments?post=38987"}],"wp:featuredmedia":[{"embeddable":true,"href":"https:\/\/cultivers.es\/fr\/wp-json\/wp\/v2\/media\/35542"}],"wp:attachment":[{"href":"https:\/\/cultivers.es\/fr\/wp-json\/wp\/v2\/media?parent=38987"}],"wp:term":[{"taxonomy":"product_brand","embeddable":true,"href":"https:\/\/cultivers.es\/fr\/wp-json\/wp\/v2\/product_brand?post=38987"},{"taxonomy":"product_cat","embeddable":true,"href":"https:\/\/cultivers.es\/fr\/wp-json\/wp\/v2\/product_cat?post=38987"},{"taxonomy":"product_tag","embeddable":true,"href":"https:\/\/cultivers.es\/fr\/wp-json\/wp\/v2\/product_tag?post=38987"}],"curies":[{"name":"wp","href":"https:\/\/api.w.org\/{rel}","templated":true}]}}