{"id":38988,"date":"2024-10-14T08:21:30","date_gmt":"2024-10-14T08:21:30","guid":{"rendered":"https:\/\/cultivers.es\/abonos\/semences-de-tomates-demeter-flower\/"},"modified":"2026-03-14T10:05:33","modified_gmt":"2026-03-14T10:05:33","slug":"semences-de-tomates-demeter-flower","status":"publish","type":"product","link":"https:\/\/cultivers.es\/fr\/abonnements\/semences-de-tomates-demeter-flower\/","title":{"rendered":"Semences de tomates fleuries biodynamiques Eco Demeter"},"content":{"rendered":"","protected":false},"excerpt":{"rendered":"<ul>\n<li><strong>Saveur \u00e9quilibr\u00e9e :<\/strong> la tomate Floradade offre une saveur d\u00e9licieuse, avec un \u00e9quilibre parfait entre douceur et acidit\u00e9, ce qui en fait un excellent choix pour tous les types de plats, des salades fra\u00eeches aux sauces pour p\u00e2tes.<\/li>\n<li><strong>R\u00e9sistance \u00e0 la chaleur et \u00e0 la s\u00e9cheresse :<\/strong> Cette vari\u00e9t\u00e9 est particuli\u00e8rement adapt\u00e9e aux climats chauds et r\u00e9siste bien \u00e0 la s\u00e9cheresse, ce qui garantit une r\u00e9colte fructueuse m\u00eame dans des conditions difficiles.<\/li>\n<li><strong>Fruits de taille moyenne :<\/strong> Les tomates Floradade sont de taille moyenne, de couleur rouge vif et de chair charnue, ce qui les rend id\u00e9ales pour \u00eatre coup\u00e9es en tranches, cuisin\u00e9es ou consomm\u00e9es fra\u00eeches.<\/li>\n<li><strong>Facile \u00e0 cultiver :<\/strong> Cette vari\u00e9t\u00e9 est rustique et s&rsquo;adapte bien \u00e0 un large \u00e9ventail de conditions de sol et de climat. Elle est id\u00e9ale pour les d\u00e9butants comme pour les jardiniers plus exp\u00e9riment\u00e9s. <\/li>\n<li><strong>Certification Demeter :<\/strong> Nos semences sont certifi\u00e9es par Demeter, ce qui garantit qu&rsquo;elles ont \u00e9t\u00e9 cultiv\u00e9es selon les principes de l&rsquo;agriculture biodynamique, en respectant les cycles naturels du sol et en favorisant un \u00e9cosyst\u00e8me \u00e9quilibr\u00e9.<\/li>\n<li><strong>Culture biologique :<\/strong> les semences de tomates Floradade sont 100 % biologiques, sans pesticides ni engrais chimiques, ce qui garantit une r\u00e9colte saine et durable.<\/li>\n<\/ul>\n<p>Ajoutez de la saveur, de la fra\u00eecheur et de la robustesse \u00e0 votre jardin avec les graines de tomates Demeter Organic Floradade. Profitez de tomates juteuses et savoureuses tout en cultivant dans le respect de l&rsquo;environnement - commandez aujourd&rsquo;hui et commencez \u00e0 profiter d&rsquo;une r\u00e9colte saine et d\u00e9licieuse dans votre propre jardin !  <\/p>\n","protected":false},"featured_media":39166,"comment_status":"open","ping_status":"closed","template":"","meta":{"_acf_changed":false},"product_brand":[],"product_cat":[1303,424],"product_tag":[1385],"class_list":{"0":"post-38988","1":"product","2":"type-product","3":"status-publish","4":"has-post-thumbnail","6":"product_cat-graines-de-demeter","7":"product_cat-semences-biologiques","8":"product_tag-demeter-fr","10":"first","11":"instock","12":"taxable","13":"shipping-taxable","14":"purchasable","15":"product-type-simple"},"acf":[],"_links":{"self":[{"href":"https:\/\/cultivers.es\/fr\/wp-json\/wp\/v2\/product\/38988","targetHints":{"allow":["GET"]}}],"collection":[{"href":"https:\/\/cultivers.es\/fr\/wp-json\/wp\/v2\/product"}],"about":[{"href":"https:\/\/cultivers.es\/fr\/wp-json\/wp\/v2\/types\/product"}],"replies":[{"embeddable":true,"href":"https:\/\/cultivers.es\/fr\/wp-json\/wp\/v2\/comments?post=38988"}],"wp:featuredmedia":[{"embeddable":true,"href":"https:\/\/cultivers.es\/fr\/wp-json\/wp\/v2\/media\/39166"}],"wp:attachment":[{"href":"https:\/\/cultivers.es\/fr\/wp-json\/wp\/v2\/media?parent=38988"}],"wp:term":[{"taxonomy":"product_brand","embeddable":true,"href":"https:\/\/cultivers.es\/fr\/wp-json\/wp\/v2\/product_brand?post=38988"},{"taxonomy":"product_cat","embeddable":true,"href":"https:\/\/cultivers.es\/fr\/wp-json\/wp\/v2\/product_cat?post=38988"},{"taxonomy":"product_tag","embeddable":true,"href":"https:\/\/cultivers.es\/fr\/wp-json\/wp\/v2\/product_tag?post=38988"}],"curies":[{"name":"wp","href":"https:\/\/api.w.org\/{rel}","templated":true}]}}