{"id":38995,"date":"2024-10-14T08:58:15","date_gmt":"2024-10-14T08:58:15","guid":{"rendered":"https:\/\/cultivers.es\/abonos\/pirat-semences-de-laitue-bio-demeter\/"},"modified":"2026-03-14T10:06:39","modified_gmt":"2026-03-14T10:06:39","slug":"pirat-semences-de-laitue-bio-demeter","status":"publish","type":"product","link":"https:\/\/cultivers.es\/fr\/abonnements\/pirat-semences-de-laitue-bio-demeter\/","title":{"rendered":"Semences de laitue biodynamique Pirat Eco Demeter"},"content":{"rendered":"","protected":false},"excerpt":{"rendered":"<p>Profitez de la fra\u00eecheur et de la saveur de la laitue Pirat avec nos semences Demeter Organic Seeds. Cette vari\u00e9t\u00e9 est appr\u00e9ci\u00e9e pour ses feuilles croquantes et sa couleur verte distinctive avec des bords rouge\u00e2tres, ce qui en fait un choix id\u00e9al pour les salades fra\u00eeches et saines. Avec un go\u00fbt doux et l\u00e9g\u00e8rement sucr\u00e9, la laitue Pirat est parfaite pour ajouter une touche de couleur et de texture \u00e0 vos plats. Certifi\u00e9es par Demeter, ces semences garantissent une culture en harmonie avec la nature, selon les principes de l&rsquo;agriculture biodynamique.   <\/p>\n<ul>\n<li><strong>Des feuilles color\u00e9es et croquantes :<\/strong> La laitue Pirat se distingue par ses feuilles d&rsquo;un vert vif aux bords rouges, qui ajoutent non seulement un attrait visuel \u00e0 vos salades, mais aussi une texture croquante et un go\u00fbt doux.<\/li>\n<li><strong>Saveur douce et polyvalente :<\/strong> cette vari\u00e9t\u00e9 offre une saveur fra\u00eeche et l\u00e9g\u00e8rement sucr\u00e9e, parfaite pour \u00eatre combin\u00e9e avec une vari\u00e9t\u00e9 d&rsquo;ingr\u00e9dients dans les salades, ou pour servir de base \u00e0 des plats frais.<\/li>\n<li><strong>Rustique et facile \u00e0 cultiver :<\/strong> la laitue Pirat est r\u00e9sistante \u00e0 diverses conditions climatiques et s&rsquo;adapte bien \u00e0 une vari\u00e9t\u00e9 de sols. Sa culture facile en fait un excellent choix pour les jardiniers novices et exp\u00e9riment\u00e9s. <\/li>\n<li><strong>R\u00e9colte prolong\u00e9e :<\/strong> Cette laitue permet une r\u00e9colte continue tout au long de la saison, car vous pouvez r\u00e9colter les feuilles au fur et \u00e0 mesure qu&rsquo;elles poussent, ce qui garantit la fra\u00eecheur sur votre table pendant plus longtemps.<\/li>\n<li><strong>Certification Demeter :<\/strong> Les semences de laitue Pirat sont certifi\u00e9es Demeter, ce qui garantit qu&rsquo;elles ont \u00e9t\u00e9 cultiv\u00e9es selon les principes de l&rsquo;agriculture biodynamique, favorisant la sant\u00e9 du sol et de l&rsquo;\u00e9cosyst\u00e8me.<\/li>\n<li><strong>Culture biologique :<\/strong> Nos semences sont 100 % biologiques, ce qui signifie qu&rsquo;elles sont exemptes de pesticides et de produits chimiques, garantissant une r\u00e9colte saine et durable pour vous et l&rsquo;environnement.<\/li>\n<\/ul>\n<p>Ajoutez de la couleur, de la fra\u00eecheur et de la nutrition \u00e0 votre jardin avec nos graines de laitue Pirat Demeter Organic. Profitez d&rsquo;une r\u00e9colte abondante de feuilles croquantes et savoureuses, cultiv\u00e9es dans le respect de l&rsquo;environnement - commandez d\u00e8s aujourd&rsquo;hui et commencez \u00e0 appr\u00e9cier la laitue Pirat dans vos salades fra\u00eeches et saines !  <\/p>\n","protected":false},"featured_media":35550,"comment_status":"open","ping_status":"closed","template":"","meta":{"_acf_changed":false},"product_brand":[],"product_cat":[1303,424],"product_tag":[1385],"class_list":{"0":"post-38995","1":"product","2":"type-product","3":"status-publish","4":"has-post-thumbnail","6":"product_cat-graines-de-demeter","7":"product_cat-semences-biologiques","8":"product_tag-demeter-fr","10":"first","11":"instock","12":"taxable","13":"shipping-taxable","14":"purchasable","15":"product-type-simple"},"acf":[],"_links":{"self":[{"href":"https:\/\/cultivers.es\/fr\/wp-json\/wp\/v2\/product\/38995","targetHints":{"allow":["GET"]}}],"collection":[{"href":"https:\/\/cultivers.es\/fr\/wp-json\/wp\/v2\/product"}],"about":[{"href":"https:\/\/cultivers.es\/fr\/wp-json\/wp\/v2\/types\/product"}],"replies":[{"embeddable":true,"href":"https:\/\/cultivers.es\/fr\/wp-json\/wp\/v2\/comments?post=38995"}],"wp:featuredmedia":[{"embeddable":true,"href":"https:\/\/cultivers.es\/fr\/wp-json\/wp\/v2\/media\/35550"}],"wp:attachment":[{"href":"https:\/\/cultivers.es\/fr\/wp-json\/wp\/v2\/media?parent=38995"}],"wp:term":[{"taxonomy":"product_brand","embeddable":true,"href":"https:\/\/cultivers.es\/fr\/wp-json\/wp\/v2\/product_brand?post=38995"},{"taxonomy":"product_cat","embeddable":true,"href":"https:\/\/cultivers.es\/fr\/wp-json\/wp\/v2\/product_cat?post=38995"},{"taxonomy":"product_tag","embeddable":true,"href":"https:\/\/cultivers.es\/fr\/wp-json\/wp\/v2\/product_tag?post=38995"}],"curies":[{"name":"wp","href":"https:\/\/api.w.org\/{rel}","templated":true}]}}