{"id":39416,"date":"2023-11-24T14:23:48","date_gmt":"2023-11-24T14:23:48","guid":{"rendered":"https:\/\/cultivers.es\/abonos\/plateau-de-transport\/"},"modified":"2025-09-22T04:46:35","modified_gmt":"2025-09-22T04:46:35","slug":"plateau-de-transport","status":"publish","type":"product","link":"https:\/\/cultivers.es\/fr\/abonnements\/plateau-de-transport\/","title":{"rendered":"Plateau de transport"},"content":{"rendered":"","protected":false},"excerpt":{"rendered":"<p>Les bacs \u00e0 semis robustes sont utilis\u00e9s pour placer les bacs \u00e0 semis, collecter l&rsquo;exc\u00e8s d&rsquo;eau d&rsquo;irrigation et pour arroser vos plantes d&rsquo;int\u00e9rieur par inondation :<\/p>\n<p>Ils servent de support aux plateaux pendant tout le processus de germination, ou pour transporter les plateaux de semis en toute s\u00e9curit\u00e9 d&rsquo;un endroit \u00e0 l&rsquo;autre.<\/p>\n<ul>\n<li>Plateaux robustes<\/li>\n<li>Dimension adapt\u00e9e aux lits de semences<\/li>\n<li>Grande durabilit\u00e9.<\/li>\n<\/ul>\n","protected":false},"featured_media":22440,"comment_status":"open","ping_status":"closed","template":"","meta":{"_acf_changed":false},"product_brand":[],"product_cat":[1294,424],"product_tag":[1579],"class_list":{"0":"post-39416","1":"product","2":"type-product","3":"status-publish","4":"has-post-thumbnail","6":"product_cat-plateaux-et-lits-de-semis","7":"product_cat-semences-biologiques","8":"product_tag-eco","10":"first","11":"instock","12":"taxable","13":"shipping-taxable","14":"purchasable","15":"product-type-simple"},"acf":[],"_links":{"self":[{"href":"https:\/\/cultivers.es\/fr\/wp-json\/wp\/v2\/product\/39416","targetHints":{"allow":["GET"]}}],"collection":[{"href":"https:\/\/cultivers.es\/fr\/wp-json\/wp\/v2\/product"}],"about":[{"href":"https:\/\/cultivers.es\/fr\/wp-json\/wp\/v2\/types\/product"}],"replies":[{"embeddable":true,"href":"https:\/\/cultivers.es\/fr\/wp-json\/wp\/v2\/comments?post=39416"}],"wp:featuredmedia":[{"embeddable":true,"href":"https:\/\/cultivers.es\/fr\/wp-json\/wp\/v2\/media\/22440"}],"wp:attachment":[{"href":"https:\/\/cultivers.es\/fr\/wp-json\/wp\/v2\/media?parent=39416"}],"wp:term":[{"taxonomy":"product_brand","embeddable":true,"href":"https:\/\/cultivers.es\/fr\/wp-json\/wp\/v2\/product_brand?post=39416"},{"taxonomy":"product_cat","embeddable":true,"href":"https:\/\/cultivers.es\/fr\/wp-json\/wp\/v2\/product_cat?post=39416"},{"taxonomy":"product_tag","embeddable":true,"href":"https:\/\/cultivers.es\/fr\/wp-json\/wp\/v2\/product_tag?post=39416"}],"curies":[{"name":"wp","href":"https:\/\/api.w.org\/{rel}","templated":true}]}}