{"id":39450,"date":"2023-12-05T09:22:20","date_gmt":"2023-12-05T09:22:20","guid":{"rendered":"https:\/\/cultivers.es\/abonos\/substrat-pour-algues-universal-ecological\/"},"modified":"2023-12-05T09:22:20","modified_gmt":"2023-12-05T09:22:20","slug":"substrat-pour-algues-universal-ecological","status":"publish","type":"product","link":"https:\/\/cultivers.es\/fr\/abonnements\/substrat-pour-algues-universal-ecological\/","title":{"rendered":"Substrat pour algues Universal Ecological"},"content":{"rendered":"","protected":false},"excerpt":{"rendered":"<p>Notre substrat universel aux algues, enrichi d&rsquo;humus et sans tourbe, a \u00e9t\u00e9 cr\u00e9\u00e9 pour fournir un environnement nutritif et \u00e9quilibr\u00e9 \u00e0 tous les types de plantes. Cette formule sp\u00e9ciale offre une base riche en nutriments, id\u00e9ale pour une croissance saine et vigoureuse de vos plantes en pots ou dans le jardin. <\/p>\n<ul>\n<li>Algues nourrissantes.<\/li>\n<li>Humus pour l&rsquo;am\u00e9lioration des sols.<\/li>\n<li>Sans violence.<\/li>\n<li>\u00c9quilibre de r\u00e9tention d&rsquo;humidit\u00e9.<\/li>\n<li>Utilisation polyvalente.<\/li>\n<\/ul>\n<p>Achetez notre substrat universel avec algues et enrichi d&rsquo;humus et offrez \u00e0 vos plantes une base naturelle et compl\u00e8te pour leur croissance. Prenez soin de vos plantes avec un choix respectueux de l&rsquo;environnement ! <\/p>\n","protected":false},"featured_media":22855,"comment_status":"open","ping_status":"closed","template":"","meta":{"_acf_changed":false},"product_brand":[],"product_cat":[721],"product_tag":[],"woo-feed-brand":[],"class_list":{"0":"post-39450","1":"product","2":"type-product","3":"status-publish","4":"has-post-thumbnail","6":"product_cat-substrats-et-decorations","8":"first","9":"outofstock","10":"taxable","11":"shipping-taxable","12":"purchasable","13":"product-type-variable"},"acf":[],"_links":{"self":[{"href":"https:\/\/cultivers.es\/fr\/wp-json\/wp\/v2\/product\/39450","targetHints":{"allow":["GET"]}}],"collection":[{"href":"https:\/\/cultivers.es\/fr\/wp-json\/wp\/v2\/product"}],"about":[{"href":"https:\/\/cultivers.es\/fr\/wp-json\/wp\/v2\/types\/product"}],"replies":[{"embeddable":true,"href":"https:\/\/cultivers.es\/fr\/wp-json\/wp\/v2\/comments?post=39450"}],"wp:featuredmedia":[{"embeddable":true,"href":"https:\/\/cultivers.es\/fr\/wp-json\/wp\/v2\/media\/22855"}],"wp:attachment":[{"href":"https:\/\/cultivers.es\/fr\/wp-json\/wp\/v2\/media?parent=39450"}],"wp:term":[{"taxonomy":"product_brand","embeddable":true,"href":"https:\/\/cultivers.es\/fr\/wp-json\/wp\/v2\/product_brand?post=39450"},{"taxonomy":"product_cat","embeddable":true,"href":"https:\/\/cultivers.es\/fr\/wp-json\/wp\/v2\/product_cat?post=39450"},{"taxonomy":"product_tag","embeddable":true,"href":"https:\/\/cultivers.es\/fr\/wp-json\/wp\/v2\/product_tag?post=39450"},{"taxonomy":"woo-feed-brand","embeddable":true,"href":"https:\/\/cultivers.es\/fr\/wp-json\/wp\/v2\/woo-feed-brand?post=39450"}],"curies":[{"name":"wp","href":"https:\/\/api.w.org\/{rel}","templated":true}]}}