{"id":39451,"date":"2023-12-05T09:53:48","date_gmt":"2023-12-05T09:53:48","guid":{"rendered":"https:\/\/cultivers.es\/abonos\/substrat-organique-pour-algues\/"},"modified":"2023-12-05T09:53:48","modified_gmt":"2023-12-05T09:53:48","slug":"substrat-organique-pour-algues","status":"publish","type":"product","link":"https:\/\/cultivers.es\/fr\/abonnements\/substrat-organique-pour-algues\/","title":{"rendered":"Substrat organique pour algues"},"content":{"rendered":"","protected":false},"excerpt":{"rendered":"<p>Notre substrat pour lit de semences aux algues marines est une alternative \u00e0 la tourbe qui offre un environnement optimal \u00e0 vos semis dans leurs premiers stades. Ce m\u00e9lange innovant, au lieu d&rsquo;utiliser de la tourbe, est cr\u00e9\u00e9 \u00e0 partir d&rsquo;algues marines et enrichi de turricules de vers, fournissant une base nutritive pour une croissance saine des semis. <\/p>\n<ul>\n<li>Sans violence.<\/li>\n<li>\u00c9conomie circulaire.<\/li>\n<li>R\u00e9tention \u00e9quilibr\u00e9e de l&rsquo;humidit\u00e9.<\/li>\n<li>Structure poreuse et a\u00e9r\u00e9e.<\/li>\n<li>Application polyvalente.<\/li>\n<\/ul>\n<p>Prenez soin de vos semences et de la plan\u00e8te ! Achetez notre substrat de semis d&rsquo;algues et nourrissez vos semis de mani\u00e8re naturelle et durable. <\/p>\n","protected":false},"featured_media":22855,"comment_status":"open","ping_status":"closed","template":"","meta":{"_acf_changed":false},"product_brand":[],"product_cat":[721],"product_tag":[],"woo-feed-brand":[],"class_list":{"0":"post-39451","1":"product","2":"type-product","3":"status-publish","4":"has-post-thumbnail","6":"product_cat-substrats-et-decorations","8":"first","9":"outofstock","10":"taxable","11":"shipping-taxable","12":"purchasable","13":"product-type-variable"},"acf":[],"_links":{"self":[{"href":"https:\/\/cultivers.es\/fr\/wp-json\/wp\/v2\/product\/39451","targetHints":{"allow":["GET"]}}],"collection":[{"href":"https:\/\/cultivers.es\/fr\/wp-json\/wp\/v2\/product"}],"about":[{"href":"https:\/\/cultivers.es\/fr\/wp-json\/wp\/v2\/types\/product"}],"replies":[{"embeddable":true,"href":"https:\/\/cultivers.es\/fr\/wp-json\/wp\/v2\/comments?post=39451"}],"wp:featuredmedia":[{"embeddable":true,"href":"https:\/\/cultivers.es\/fr\/wp-json\/wp\/v2\/media\/22855"}],"wp:attachment":[{"href":"https:\/\/cultivers.es\/fr\/wp-json\/wp\/v2\/media?parent=39451"}],"wp:term":[{"taxonomy":"product_brand","embeddable":true,"href":"https:\/\/cultivers.es\/fr\/wp-json\/wp\/v2\/product_brand?post=39451"},{"taxonomy":"product_cat","embeddable":true,"href":"https:\/\/cultivers.es\/fr\/wp-json\/wp\/v2\/product_cat?post=39451"},{"taxonomy":"product_tag","embeddable":true,"href":"https:\/\/cultivers.es\/fr\/wp-json\/wp\/v2\/product_tag?post=39451"},{"taxonomy":"woo-feed-brand","embeddable":true,"href":"https:\/\/cultivers.es\/fr\/wp-json\/wp\/v2\/woo-feed-brand?post=39451"}],"curies":[{"name":"wp","href":"https:\/\/api.w.org\/{rel}","templated":true}]}}