{"id":39486,"date":"2023-12-05T12:59:58","date_gmt":"2023-12-05T12:59:58","guid":{"rendered":"https:\/\/cultivers.es\/abonos\/substrat-en-fibre-de-coco\/"},"modified":"2025-09-22T04:46:29","modified_gmt":"2025-09-22T04:46:29","slug":"substrat-en-fibre-de-coco","status":"publish","type":"product","link":"https:\/\/cultivers.es\/fr\/abonnements\/substrat-en-fibre-de-coco\/","title":{"rendered":"Substrat en fibre de coco"},"content":{"rendered":"","protected":false},"excerpt":{"rendered":"<p>Notre substrat en fibres de coco est une option innovante et naturelle pour la culture de vos plantes. Fabriqu\u00e9 \u00e0 partir de coques de noix de coco, ce substrat offre une base nutritive et poreuse qui favorise le d\u00e9veloppement de racines saines, am\u00e9liorant ainsi la croissance et la vitalit\u00e9 de vos plantes. <\/p>\n<ul>\n<li>Naturel Origine.<\/li>\n<li>Structure poreuse.<\/li>\n<li>R\u00e9tention \u00e9quilibr\u00e9e de l&rsquo;humidit\u00e9.<\/li>\n<li>Riche en nutriments.<\/li>\n<li>Polyvalence d&rsquo;utilisation.<\/li>\n<\/ul>\n<p>Achetez notre substrat en fibre de coco pour donner \u00e0 vos plantes un substrat naturel, qui aidera votre sol \u00e0 conserver plus d&rsquo;humidit\u00e9 et de fluidit\u00e9.<\/p>\n","protected":false},"featured_media":22901,"comment_status":"open","ping_status":"closed","template":"","meta":{"_acf_changed":false},"product_brand":[],"product_cat":[583,721],"product_tag":[],"class_list":{"0":"post-39486","1":"product","2":"type-product","3":"status-publish","4":"has-post-thumbnail","6":"product_cat-plantes-dinterieur","7":"product_cat-substrats-et-decorations","9":"first","10":"instock","11":"taxable","12":"shipping-taxable","13":"purchasable","14":"product-type-variable"},"acf":[],"_links":{"self":[{"href":"https:\/\/cultivers.es\/fr\/wp-json\/wp\/v2\/product\/39486","targetHints":{"allow":["GET"]}}],"collection":[{"href":"https:\/\/cultivers.es\/fr\/wp-json\/wp\/v2\/product"}],"about":[{"href":"https:\/\/cultivers.es\/fr\/wp-json\/wp\/v2\/types\/product"}],"replies":[{"embeddable":true,"href":"https:\/\/cultivers.es\/fr\/wp-json\/wp\/v2\/comments?post=39486"}],"wp:featuredmedia":[{"embeddable":true,"href":"https:\/\/cultivers.es\/fr\/wp-json\/wp\/v2\/media\/22901"}],"wp:attachment":[{"href":"https:\/\/cultivers.es\/fr\/wp-json\/wp\/v2\/media?parent=39486"}],"wp:term":[{"taxonomy":"product_brand","embeddable":true,"href":"https:\/\/cultivers.es\/fr\/wp-json\/wp\/v2\/product_brand?post=39486"},{"taxonomy":"product_cat","embeddable":true,"href":"https:\/\/cultivers.es\/fr\/wp-json\/wp\/v2\/product_cat?post=39486"},{"taxonomy":"product_tag","embeddable":true,"href":"https:\/\/cultivers.es\/fr\/wp-json\/wp\/v2\/product_tag?post=39486"}],"curies":[{"name":"wp","href":"https:\/\/api.w.org\/{rel}","templated":true}]}}