{"id":39487,"date":"2023-12-05T10:59:39","date_gmt":"2023-12-05T10:59:39","guid":{"rendered":"https:\/\/cultivers.es\/abonos\/substrat-biologique\/"},"modified":"2026-02-15T11:08:29","modified_gmt":"2026-02-15T11:08:29","slug":"substrat-biologique","status":"publish","type":"product","link":"https:\/\/cultivers.es\/fr\/abonnements\/substrat-biologique\/","title":{"rendered":"Substrat biologique"},"content":{"rendered":"","protected":false},"excerpt":{"rendered":"<p>Notre Bio Substrat est un m\u00e9lange naturel et organique sp\u00e9cialement con\u00e7u pour fournir un environnement optimal pour la croissance de plantes saines et vigoureuses. Compos\u00e9 d&rsquo;ingr\u00e9dients naturels et sans produits chimiques, ce substrat constitue une base nutritive qui favorise la bonne croissance de nos plantes. <\/p>\n<ul>\n<li>Composition organique<\/li>\n<li>Riche en nutriments<\/li>\n<li>Bonne r\u00e9tention d&rsquo;humidit\u00e9<\/li>\n<li>Structure a\u00e9r\u00e9e<\/li>\n<li>Utilisation polyvalente<\/li>\n<\/ul>\n<p>Achetez notre Bio Substrat et fournissez \u00e0 vos plantes une nutrition naturelle pour une croissance saine.<\/p>\n","protected":false},"featured_media":22849,"comment_status":"open","ping_status":"closed","template":"","meta":{"_acf_changed":false},"product_brand":[],"product_cat":[583,721],"product_tag":[],"class_list":{"0":"post-39487","1":"product","2":"type-product","3":"status-publish","4":"has-post-thumbnail","6":"product_cat-plantes-dinterieur","7":"product_cat-substrats-et-decorations","9":"first","10":"instock","11":"featured","12":"taxable","13":"shipping-taxable","14":"purchasable","15":"product-type-variable"},"acf":[],"_links":{"self":[{"href":"https:\/\/cultivers.es\/fr\/wp-json\/wp\/v2\/product\/39487","targetHints":{"allow":["GET"]}}],"collection":[{"href":"https:\/\/cultivers.es\/fr\/wp-json\/wp\/v2\/product"}],"about":[{"href":"https:\/\/cultivers.es\/fr\/wp-json\/wp\/v2\/types\/product"}],"replies":[{"embeddable":true,"href":"https:\/\/cultivers.es\/fr\/wp-json\/wp\/v2\/comments?post=39487"}],"wp:featuredmedia":[{"embeddable":true,"href":"https:\/\/cultivers.es\/fr\/wp-json\/wp\/v2\/media\/22849"}],"wp:attachment":[{"href":"https:\/\/cultivers.es\/fr\/wp-json\/wp\/v2\/media?parent=39487"}],"wp:term":[{"taxonomy":"product_brand","embeddable":true,"href":"https:\/\/cultivers.es\/fr\/wp-json\/wp\/v2\/product_brand?post=39487"},{"taxonomy":"product_cat","embeddable":true,"href":"https:\/\/cultivers.es\/fr\/wp-json\/wp\/v2\/product_cat?post=39487"},{"taxonomy":"product_tag","embeddable":true,"href":"https:\/\/cultivers.es\/fr\/wp-json\/wp\/v2\/product_tag?post=39487"}],"curies":[{"name":"wp","href":"https:\/\/api.w.org\/{rel}","templated":true}]}}