{"id":39518,"date":"2023-12-07T07:45:35","date_gmt":"2023-12-07T07:45:35","guid":{"rendered":"https:\/\/cultivers.es\/abonos\/perlite\/"},"modified":"2025-09-22T04:46:03","modified_gmt":"2025-09-22T04:46:03","slug":"perlite","status":"publish","type":"product","link":"https:\/\/cultivers.es\/fr\/abonnements\/perlite\/","title":{"rendered":"Perlite"},"content":{"rendered":"","protected":false},"excerpt":{"rendered":"<p>La perlite est un min\u00e9ral volcanique expans\u00e9 utilis\u00e9 pour am\u00e9liorer la structure du sol et fournir un environnement optimal pour la croissance des plantes. Sa texture l\u00e9g\u00e8re et poreuse permet d&rsquo;a\u00e9rer le sol, d&rsquo;am\u00e9liorer le drainage et de maintenir l&rsquo;humidit\u00e9, ce qui est b\u00e9n\u00e9fique pour le d\u00e9veloppement des racines et la sant\u00e9 des plantes. <\/p>\n<ul>\n<li>A\u00e9ration du sol.<\/li>\n<li>R\u00e9tention de l&rsquo;humidit\u00e9.<\/li>\n<li>Aide \u00e0 la germination.<\/li>\n<li>Utilisation polyvalente.<\/li>\n<li>S\u00fbr et non toxique<\/li>\n<\/ul>\n<p>Ajoutez de la vitalit\u00e9 \u00e0 votre sol ! Achetez notre Perlite maintenant et donnez \u00e0 vos plantes la meilleure base pour se d\u00e9velopper. <\/p>\n","protected":false},"featured_media":22837,"comment_status":"open","ping_status":"closed","template":"","meta":{"_acf_changed":false},"product_brand":[],"product_cat":[583,721],"product_tag":[],"class_list":{"0":"post-39518","1":"product","2":"type-product","3":"status-publish","4":"has-post-thumbnail","6":"product_cat-plantes-dinterieur","7":"product_cat-substrats-et-decorations","9":"first","10":"instock","11":"taxable","12":"shipping-taxable","13":"purchasable","14":"product-type-variable","15":"has-default-attributes"},"acf":[],"_links":{"self":[{"href":"https:\/\/cultivers.es\/fr\/wp-json\/wp\/v2\/product\/39518","targetHints":{"allow":["GET"]}}],"collection":[{"href":"https:\/\/cultivers.es\/fr\/wp-json\/wp\/v2\/product"}],"about":[{"href":"https:\/\/cultivers.es\/fr\/wp-json\/wp\/v2\/types\/product"}],"replies":[{"embeddable":true,"href":"https:\/\/cultivers.es\/fr\/wp-json\/wp\/v2\/comments?post=39518"}],"wp:featuredmedia":[{"embeddable":true,"href":"https:\/\/cultivers.es\/fr\/wp-json\/wp\/v2\/media\/22837"}],"wp:attachment":[{"href":"https:\/\/cultivers.es\/fr\/wp-json\/wp\/v2\/media?parent=39518"}],"wp:term":[{"taxonomy":"product_brand","embeddable":true,"href":"https:\/\/cultivers.es\/fr\/wp-json\/wp\/v2\/product_brand?post=39518"},{"taxonomy":"product_cat","embeddable":true,"href":"https:\/\/cultivers.es\/fr\/wp-json\/wp\/v2\/product_cat?post=39518"},{"taxonomy":"product_tag","embeddable":true,"href":"https:\/\/cultivers.es\/fr\/wp-json\/wp\/v2\/product_tag?post=39518"}],"curies":[{"name":"wp","href":"https:\/\/api.w.org\/{rel}","templated":true}]}}