{"id":39525,"date":"2023-12-07T07:59:25","date_gmt":"2023-12-07T07:59:25","guid":{"rendered":"https:\/\/cultivers.es\/abonos\/vermiculite\/"},"modified":"2025-09-22T04:46:05","modified_gmt":"2025-09-22T04:46:05","slug":"vermiculite","status":"publish","type":"product","link":"https:\/\/cultivers.es\/fr\/abonnements\/vermiculite\/","title":{"rendered":"Vermiculite"},"content":{"rendered":"","protected":false},"excerpt":{"rendered":"<p>La vermiculite est un min\u00e9ral naturel largement utilis\u00e9 dans le jardinage et l&rsquo;horticulture, car elle am\u00e9liore la structure du sol et la r\u00e9tention de l&rsquo;eau et des nutriments. Sa capacit\u00e9 \u00e0 retenir l&rsquo;humidit\u00e9 et les nutriments favorise le d\u00e9veloppement des plantes en leur offrant un environnement de croissance optimal. Sa texture est l\u00e9g\u00e8re et poreuse, la vermiculite est un alli\u00e9 de taille dans la qu\u00eate d&rsquo;un sol plus sain.  <\/p>\n<ul>\n<li>R\u00e9tention d&rsquo;eau.<\/li>\n<li>Am\u00e9lioration de l&rsquo;a\u00e9ration.<\/li>\n<li>Augmente la fertilit\u00e9 du sol.<\/li>\n<li>L\u00e9ger et facile \u00e0 utiliser.<\/li>\n<li>Convient \u00e0 diverses utilisations.<\/li>\n<\/ul>\n<p>Renforcez la sant\u00e9 de votre sol et de vos plantes ! Achetez d\u00e8s maintenant de la vermiculite pour am\u00e9liorer et optimiser la nutrition de vos plantes et assurer une croissance saine. <\/p>\n","protected":false},"featured_media":22843,"comment_status":"open","ping_status":"closed","template":"","meta":{"_acf_changed":false},"product_brand":[],"product_cat":[583,721],"product_tag":[],"woo-feed-brand":[],"class_list":{"0":"post-39525","1":"product","2":"type-product","3":"status-publish","4":"has-post-thumbnail","6":"product_cat-plantes-dinterieur","7":"product_cat-substrats-et-decorations","9":"first","10":"instock","11":"taxable","12":"shipping-taxable","13":"purchasable","14":"product-type-variable"},"acf":[],"_links":{"self":[{"href":"https:\/\/cultivers.es\/fr\/wp-json\/wp\/v2\/product\/39525","targetHints":{"allow":["GET"]}}],"collection":[{"href":"https:\/\/cultivers.es\/fr\/wp-json\/wp\/v2\/product"}],"about":[{"href":"https:\/\/cultivers.es\/fr\/wp-json\/wp\/v2\/types\/product"}],"replies":[{"embeddable":true,"href":"https:\/\/cultivers.es\/fr\/wp-json\/wp\/v2\/comments?post=39525"}],"wp:featuredmedia":[{"embeddable":true,"href":"https:\/\/cultivers.es\/fr\/wp-json\/wp\/v2\/media\/22843"}],"wp:attachment":[{"href":"https:\/\/cultivers.es\/fr\/wp-json\/wp\/v2\/media?parent=39525"}],"wp:term":[{"taxonomy":"product_brand","embeddable":true,"href":"https:\/\/cultivers.es\/fr\/wp-json\/wp\/v2\/product_brand?post=39525"},{"taxonomy":"product_cat","embeddable":true,"href":"https:\/\/cultivers.es\/fr\/wp-json\/wp\/v2\/product_cat?post=39525"},{"taxonomy":"product_tag","embeddable":true,"href":"https:\/\/cultivers.es\/fr\/wp-json\/wp\/v2\/product_tag?post=39525"},{"taxonomy":"woo-feed-brand","embeddable":true,"href":"https:\/\/cultivers.es\/fr\/wp-json\/wp\/v2\/woo-feed-brand?post=39525"}],"curies":[{"name":"wp","href":"https:\/\/api.w.org\/{rel}","templated":true}]}}